{"id":1006,"date":"2021-11-03T16:03:27","date_gmt":"2021-11-03T19:03:27","guid":{"rendered":"http:\/\/pecnordeste.com.br\/2021\/?page_id=1006"},"modified":"2021-11-04T08:28:22","modified_gmt":"2021-11-04T11:28:22","slug":"certificados-dia-10","status":"publish","type":"page","link":"http:\/\/pecnordeste.com.br\/2021\/trabalhos-cientificos\/certificados-dia-10\/","title":{"rendered":"Certificados \u2013 Dia 10"},"content":{"rendered":"<ul>\n<li>\n<pre><a href=\"http:\/\/pecnordeste.com.br\/2021\/wp-content\/uploads\/2021\/11\/ANALISE-DOS-CUSTOS-DE-PRODUCAO-E-EFICIENCIA-ECONOMICA-DA-ATIVIDADE-LEITEIRA-NO-MUNICIPIO-DE-SAO-BENTO-DO-UNA-PE.pdf\">AN\u00c1LISE DOS CUSTOS DE PRODU\u00c7\u00c3O E EFICI\u00caNCIA ECON\u00d4MICA DA ATIVIDADE LEITEIRA NO MUNIC\u00cdPIO DE S\u00c3O BENTO DO UNA - PE<\/a><\/pre>\n<\/li>\n<li>\n<pre><a href=\"http:\/\/pecnordeste.com.br\/2021\/wp-content\/uploads\/2021\/11\/ATIVIDADE-ANTIMICROBIANA-DO-COBRE-APLICADO-EM-BANDEJAS-DE-ECLOSAO-DE-INCUBATORIOS-AVICOLAS.pdf\">ATIVIDADE ANTIMICROBIANA DO COBRE APLICADO EM BANDEJAS DE ECLOS\u00c3O DE INCUBAT\u00d3RIOS AV\u00cdCOLAS<\/a><\/pre>\n<\/li>\n<li>\n<pre><a href=\"http:\/\/pecnordeste.com.br\/2021\/wp-content\/uploads\/2021\/11\/AVALIACAO-DOS-METODOS-DE-FORMULACAO-DE-RACAO-NA-BOVINOCULTURA-UMA-REVISAO.pdf\">AVALIA\u00c7\u00c3O DOS M\u00c9TODOS DE FORMULA\u00c7\u00c3O DE RA\u00c7\u00c3O NA BOVINOCULTURA - UMA REVIS\u00c3O<\/a><\/pre>\n<\/li>\n<li>\n<pre><a href=\"http:\/\/pecnordeste.com.br\/2021\/wp-content\/uploads\/2021\/11\/AVANCOS-TECNOLOGICOS-NA-AVICULTURA-DE-CORTE.pdf\">AVAN\u00c7OS TECNOL\u00d3GICOS NA AVICULTURA DE CORTE<\/a><\/pre>\n<\/li>\n<li>\n<pre><a href=\"http:\/\/pecnordeste.com.br\/2021\/wp-content\/uploads\/2021\/11\/CACTODERA-CACTI-UMA-POTENCIAL-AMEACA-A-CULTURA-DA-PITAYA-NO-CEARA.pdf\">CACTODERA CACTI - UMA POTENCIAL AMEA\u00c7A \u00c0 CULTURA DA PITAYA NO CEAR\u00c1<\/a><\/pre>\n<\/li>\n<li>\n<pre><a href=\"http:\/\/pecnordeste.com.br\/2021\/wp-content\/uploads\/2021\/11\/CARACTERISTICAS-OSSEAS-DE-FEMURES-DE-FRANGAS-DE-REPOSICAO-ALIMENTADAS-COM-ADITIVOS-NATURAIS-1.pdf\">CARACTER\u00cdSTICAS \u00d3SSEAS DE F\u00caMURES DE FRANGAS DE REPOSI\u00c7\u00c3O ALIMENTADAS COM ADITIVOS NATURAIS<\/a><\/pre>\n<\/li>\n<li>\n<pre><a href=\"http:\/\/pecnordeste.com.br\/2021\/wp-content\/uploads\/2021\/11\/CONFORTO-TERMICO-DE-INSTALACOES-PARA-BOVINOS-E-BUBALINOS-DURANTE-EXPOSICAO-AGROPECUARIA-EM-CLIMA-TROPICAL-SEMIUMIDO.pdf\">CONFORTO T\u00c9RMICO DE INSTALA\u00c7\u00d5ES PARA BOVINOS E BUBALINOS DURANTE EXPOSI\u00c7\u00c3O AGROPECU\u00c1RIA EM CLIMA TROPICAL SEMI\u00daMIDO<\/a><\/pre>\n<\/li>\n<li>\n<pre><a href=\"http:\/\/pecnordeste.com.br\/2021\/wp-content\/uploads\/2021\/11\/FITONEMATOIDES-EM-ESPECIES-FRUTIFERAS-NO-NORDESTE-BRASILEIRO-UMA-REVISAO.pdf\">FITONEMATOIDES EM ESP\u00c9CIES FRUT\u00cdFERAS NO NORDESTE BRASILEIRO - UMA REVIS\u00c3O<\/a><\/pre>\n<\/li>\n<li>\n<pre><a href=\"http:\/\/pecnordeste.com.br\/2021\/wp-content\/uploads\/2021\/11\/IDENTIFICACAO-DO-STAPHYLOCOCCUS-AUREUS-AGENTE-CAUSADOR-DA-MASTITE-EM-BOVINOS.pdf\">IDENTIFICA\u00c7\u00c3O DO STAPHYLOCOCCUS AUREUS, AGENTE CAUSADOR DA MASTITE EM BOVINOS<\/a><\/pre>\n<\/li>\n<li>\n<pre><a href=\"http:\/\/pecnordeste.com.br\/2021\/wp-content\/uploads\/2021\/11\/INDIGESTAO-VAGAL-EM-BOVINO-RELATO-DE-CASO.pdf\">INDIGEST\u00c3O VAGAL EM BOVINO - RELATO DE CASO<\/a><\/pre>\n<\/li>\n<li>\n<pre><a href=\"http:\/\/pecnordeste.com.br\/2021\/wp-content\/uploads\/2021\/11\/INDUCAO-A-PUBERDADE-EM-NOVILHAS-DE-CORTE-UTILIZANDO-PROGESTERONA-INJETAVEL.pdf\">INDU\u00c7\u00c3O \u00c0 PUBERDADE EM NOVILHAS DE CORTE UTILIZANDO PROGESTERONA INJET\u00c1VEL<\/a><\/pre>\n<\/li>\n<li>\n<pre><a href=\"http:\/\/pecnordeste.com.br\/2021\/wp-content\/uploads\/2021\/11\/LEVANTAMENTO-DE-DADOS-SOBRE-OS-CASOS-DA-DOENCA-DE-NEWCASTLE-EM-AVES-INDUSTRIAIS-NO-BRASIL.pdf\">LEVANTAMENTO DE DADOS SOBRE OS CASOS DA DOEN\u00c7A DE NEWCASTLE EM AVES INDUSTRIAIS NO BRASIL<\/a><\/pre>\n<\/li>\n<li>\n<pre><a href=\"http:\/\/pecnordeste.com.br\/2021\/wp-content\/uploads\/2021\/11\/PERFIL-SOCIOECONOMICO-DOS-PRODUTORES-DE-ACEROLA-ORGANICA-DO-MUNICIPIO-DE-SOBRADINHO-BA.pdf\">PERFIL SOCIOECON\u00d4MICO DOS PRODUTORES DE ACEROLA ORG\u00c2NICA DO MUNIC\u00cdPIO DE SOBRADINHO-BA<\/a><\/pre>\n<\/li>\n<li>\n<pre><a href=\"http:\/\/pecnordeste.com.br\/2021\/wp-content\/uploads\/2021\/11\/PRIMEIRA-PRENHEZ-CONFIRMADA-A-PARTIR-DE-SUPEROVULACAO-SEGUIDA-DE-TE-EM-VACA-SINDI-NO-CEARA.pdf\">PRIMEIRA PRENHEZ CONFIRMADA A PARTIR DE SUPEROVULA\u00c7\u00c3O SEGUIDA DE TE EM VACA SINDI NO CEAR\u00c1<\/a><\/pre>\n<\/li>\n<li>\n<pre><a href=\"http:\/\/pecnordeste.com.br\/2021\/wp-content\/uploads\/2021\/11\/RELACAO-ENTRE-A-NUTRICAO-E-INDICES-REPRODUTIVOS-DE-VACAS-DE-CORTE.pdf\">RELA\u00c7\u00c3O ENTRE A NUTRI\u00c7\u00c3O E \u00cdNDICES REPRODUTIVOS DE VACAS DE CORTE<\/a><\/pre>\n<\/li>\n<li>\n<pre><a href=\"http:\/\/pecnordeste.com.br\/2021\/wp-content\/uploads\/2021\/11\/RENDIMENTO-DAS-VISCERAS-DE-FRANGOS-CAIPIRA-ALIMENTADOS-COM-DIETAS-CONTENDO-FARELO-DE-PALMA-FORRAGEIRA.pdf\">RENDIMENTO DAS V\u00cdSCERAS DE FRANGOS CAIPIRA ALIMENTADOS COM DIETAS CONTENDO FARELO DE PALMA FORRAGEIRA<\/a><\/pre>\n<\/li>\n<li>\n<pre><a href=\"http:\/\/pecnordeste.com.br\/2021\/wp-content\/uploads\/2021\/11\/SALMONELOSE-EM-CRIACOES-AVICOLAS-NAO-TECNIFICADAS.pdf\">SALMONELOSE EM CRIA\u00c7\u00d5ES AV\u00cdCOLAS N\u00c3O TECNIFICADAS<\/a><\/pre>\n<\/li>\n<\/ul>\n","protected":false},"excerpt":{"rendered":"<p>AN\u00c1LISE DOS CUSTOS DE PRODU\u00c7\u00c3O E EFICI\u00caNCIA ECON\u00d4MICA DA ATIVIDADE LEITEIRA NO MUNIC\u00cdPIO DE S\u00c3O BENTO DO UNA &#8211; PE<\/p>\n","protected":false},"author":1,"featured_media":0,"parent":74,"menu_order":0,"comment_status":"closed","ping_status":"closed","template":"","meta":{"ngg_post_thumbnail":0,"footnotes":""},"class_list":["post-1006","page","type-page","status-publish","hentry"],"_links":{"self":[{"href":"http:\/\/pecnordeste.com.br\/2021\/wp-json\/wp\/v2\/pages\/1006","targetHints":{"allow":["GET"]}}],"collection":[{"href":"http:\/\/pecnordeste.com.br\/2021\/wp-json\/wp\/v2\/pages"}],"about":[{"href":"http:\/\/pecnordeste.com.br\/2021\/wp-json\/wp\/v2\/types\/page"}],"author":[{"embeddable":true,"href":"http:\/\/pecnordeste.com.br\/2021\/wp-json\/wp\/v2\/users\/1"}],"replies":[{"embeddable":true,"href":"http:\/\/pecnordeste.com.br\/2021\/wp-json\/wp\/v2\/comments?post=1006"}],"version-history":[{"count":2,"href":"http:\/\/pecnordeste.com.br\/2021\/wp-json\/wp\/v2\/pages\/1006\/revisions"}],"predecessor-version":[{"id":1027,"href":"http:\/\/pecnordeste.com.br\/2021\/wp-json\/wp\/v2\/pages\/1006\/revisions\/1027"}],"up":[{"embeddable":true,"href":"http:\/\/pecnordeste.com.br\/2021\/wp-json\/wp\/v2\/pages\/74"}],"wp:attachment":[{"href":"http:\/\/pecnordeste.com.br\/2021\/wp-json\/wp\/v2\/media?parent=1006"}],"curies":[{"name":"wp","href":"https:\/\/api.w.org\/{rel}","templated":true}]}}