{"id":1030,"date":"2021-11-04T11:50:32","date_gmt":"2021-11-04T14:50:32","guid":{"rendered":"http:\/\/pecnordeste.com.br\/2021\/?page_id=1030"},"modified":"2021-11-05T10:55:08","modified_gmt":"2021-11-05T13:55:08","slug":"resultados-trabalhos-cientificos-do-pecnordeste-2021","status":"publish","type":"page","link":"http:\/\/pecnordeste.com.br\/2021\/resultados-trabalhos-cientificos-do-pecnordeste-2021\/","title":{"rendered":"Resultados &#8211; TRABALHOS CIENT\u00cdFICOS DO PECNORDESTE 2021"},"content":{"rendered":"<p>&nbsp;<\/p>\n<table class=\"greenTable\">\n<thead>\n<tr>\n<th>TRABALHOS CIENT\u00cdFICOS DO PECNORDESTE 2021 &#8211; SEGMENTO AGROINDUSTRIA<\/th>\n<th>CLASSIFICA\u00c7\u00c3O<\/th>\n<\/tr>\n<\/thead>\n<tbody>\n<tr>\n<td>UTILIZA\u00c7\u00c3O DE RES\u00cdDUOS PROVENIENTES DAS IND\u00daSTRIAS DE PRODUTOS DE ORIGEM ANIMAL NA AGROIND\u00daSTRIA BRASILEIRA <strong>(Anderson Machado de Melo J\u00fanior, Gabriel Oliveira Malta Varella, Joedsonda Silva, Gerlanedo Nascimento Silva e Jos\u00e9 Luiz Leonardo de Ara\u00fajo Pimenta )<\/strong><\/td>\n<td><strong>1\u00ba LUGAR<\/strong><\/td>\n<\/tr>\n<tr>\n<td>BENEF\u00cdCIOS DO USO DE INGREDIENTES GENETICAMENTE MODIFICADAS NA ALIMENTA\u00c7\u00c3O DE ANIMAIS DE PRODU\u00c7\u00c3O<\/td>\n<td>2\u00ba LUGAR<\/td>\n<\/tr>\n<tr>\n<td>RES\u00cdDUOS DE INCUBA\u00c7\u00c3O COMO FONTE ENERG\u00c9TICA E DE RENDA NA AGROIND\u00daSTRIA<\/td>\n<td>3\u00ba LUGAR<\/td>\n<\/tr>\n<\/tbody>\n<\/table>\n<p>&nbsp;<\/p>\n<table class=\"greenTable\">\n<thead>\n<tr>\n<th>TRABALHOS CIENT\u00cdFICOS DO PECNORDESTE 2021 &#8211; SEGMENTO APICULTURA<\/th>\n<th>CLASSIFICA\u00c7\u00c3O<\/th>\n<\/tr>\n<\/thead>\n<tbody>\n<tr>\n<td>PREFER\u00caNCIA DA ABELHA AFRICANIZADA (Apis mellifera) POR DIFERENTES SABORES DE SUCOS NA ALIMENTA\u00c7\u00c3O ARTIFICIAL <strong>(Francisco Felipe Monteiro Farias, Breno Henrique de Souza, Jos\u00e9 Everton Alves)<\/strong><\/td>\n<td><strong>1\u00ba LUGAR<\/strong><\/td>\n<\/tr>\n<\/tbody>\n<\/table>\n<p>&nbsp;<\/p>\n<table class=\"greenTable\">\n<thead>\n<tr>\n<th>TRABALHOS CIENT\u00cdFICOS DO PECNORDESTE 2021 &#8211; SEGMENTO AQUICULTURA E PESCA<\/th>\n<th>CLASSIFICA\u00c7\u00c3O<\/th>\n<\/tr>\n<\/thead>\n<tbody>\n<tr>\n<td>AN\u00c1LISE DA SOBREVIVENCIA DE P\u00d3S-LARVAS DE CAMAR\u00c3O SUBMETIDAS A DIFERENTES FONTES DE \u00c1GUA <strong>(Jos\u00e9 Edvaldo da Silva, Francisco Dimitry Lima Souza, Sergio Alberto Apolin\u00e1rio Almeida)<\/strong><\/td>\n<td><strong>1\u00ba LUGAR<\/strong><\/td>\n<\/tr>\n<tr>\n<td>UTILIZA\u00c7\u00c3O DO M\u00c9TODO DE \u00cdNDICE DE QUALIDADE (MIQ) PARA DETERMINA\u00c7\u00c3O DO GRAU DE FRESCOR DE TIL\u00c1PIA (Oreochromis niloticus) INTEIRA N\u00c3O EVISCERADA, ESTOCADA EM GELO<\/td>\n<td>2\u00ba LUGAR<\/td>\n<\/tr>\n<tr>\n<td>AVALIA\u00c7\u00c3O DO DESEMPENHO ZOOT\u00c9CNICO DO CAMAR\u00c3O MARINHO (Litopenaeus vannamei) SOB CONDI\u00c7\u00c3O DE PRODU\u00c7\u00c3O COMERCIAL EM POLICULTIVO COM A TIL\u00c1PIA DO NILO (Oreochromis niloticus) NA REGI\u00c3O NORTE DO ESTADO DO CEAR\u00c1<\/td>\n<td>3\u00ba LUGAR<\/td>\n<\/tr>\n<\/tbody>\n<\/table>\n<p>&nbsp;<\/p>\n<table class=\"greenTable\">\n<thead>\n<tr>\n<th>TRABALHOS CIENT\u00cdFICOS DO PECNORDESTE 2021 &#8211; SEGMENTO AVICULTURA<\/th>\n<th>CLASSIFICA\u00c7\u00c3O<\/th>\n<\/tr>\n<\/thead>\n<tbody>\n<tr>\n<td>CARACTER\u00cdSTICAS \u00d3SSEAS DE F\u00caMURES DE FRANGAS DE REPOSI\u00c7\u00c3O ALIMENTADAS COM ADITIVOS NATURAIS <strong>(Carla Lourena Cardoso Macedo Louren\u00e7o, Experidi\u00e3o Ferreira da Silva Neto, Myrianlene Moura Castro, Diego Barbosa Pacheco e Silvana Cavalcante Bastos Leite)<\/strong><\/td>\n<td><strong>1\u00ba LUGAR<\/strong><\/td>\n<\/tr>\n<tr>\n<td>LEVANTAMENTO DE DADOS SOBRE OS CASOS DA DOEN\u00c7A DE NEWCASTLE EM AVES INDUSTRIAIS NO BRASIL<\/td>\n<td>2\u00ba LUGAR<\/td>\n<\/tr>\n<tr>\n<td>RENDIMENTO DAS V\u00cdSCERAS DE FRANGOS CAIPIRA ALIMENTADOS COM DIETAS CONTENDO FARELO DE PALMA FORRAGEIRA<\/td>\n<td>3\u00ba LUGAR<\/td>\n<\/tr>\n<\/tbody>\n<\/table>\n<p>&nbsp;<\/p>\n<table class=\"greenTable\">\n<thead>\n<tr>\n<th>TRABALHOS CIENT\u00cdFICOS DO PECNORDESTE 2021 &#8211; SEGMENTO BOVINOCULTURA DE LEITE<\/th>\n<th>CLASSIFICA\u00c7\u00c3O<\/th>\n<\/tr>\n<\/thead>\n<tbody>\n<tr>\n<td>CONFORTO T\u00c9RMICO DE INSTALA\u00c7\u00d5ES PARA BOVINOS E BUBALINOS DURANTE EXPOSI\u00c7\u00c3O AGROPECU\u00c1RIA EM CLIMA TROPICAL SEMI\u00daMIDO <strong>(Aderson Martins Viana Neto, Luigi Alves Pimenta, Jander Fabr\u00edcio Martins Costa, Maria Gorete Flores Salles, Airton Alencar Ara\u00fajo)<\/strong><\/td>\n<td><strong>1\u00ba LUGAR<\/strong><\/td>\n<\/tr>\n<tr>\n<td>INDIGEST\u00c3O VAGAL EM BOVINO &#8211; RELATO DE CASO<\/td>\n<td>2\u00ba LUGAR<\/td>\n<\/tr>\n<tr>\n<td>PRIMEIRA PRENHEZ CONFIRMADA A PARTIR DE SUPEROVULA\u00c7\u00c3O SEGUIDA DE TE EM VACA SINDI NO CEAR\u00c1<\/td>\n<td>3\u00ba LUGAR<\/td>\n<\/tr>\n<\/tbody>\n<\/table>\n<p>&nbsp;<\/p>\n<table class=\"greenTable\">\n<thead>\n<tr>\n<th>TRABALHOS CIENT\u00cdFICOS DO PECNORDESTE 2021 &#8211; SEGMENTO OVINOCAPRINOCULTURA<\/th>\n<th>CLASSIFICA\u00c7\u00c3O<\/th>\n<\/tr>\n<\/thead>\n<tbody>\n<tr>\n<td>CONDI\u00c7\u00d5ES DE ACESSO DIGITAL POR AGROPECUARISTAS NA REGI\u00c3O NORTE DO CEAR\u00c1 DURANTE ANO DE PANDEMIA CORONAV\u00cdRUS (COVID-19) <strong>(Jos\u00e9 Williame Barroso Marques, Bruna Sousa Pinto, Gleice Kelle da Silva Sousa)<\/strong>&nbsp;<\/td>\n<td><strong>1\u00ba LUGAR<\/strong><\/td>\n<\/tr>\n<tr>\n<td>CONTROLE DO CICLO ESTRAL OVINO SEM A UTILIZA\u00c7\u00c3O DA GONADOTROFINA CORI\u00d4NICA EQUINA<\/td>\n<td>2\u00ba LUGAR<\/td>\n<\/tr>\n<\/tbody>\n<\/table>\n<p>&nbsp;<\/p>\n<table class=\"greenTable\">\n<thead>\n<tr>\n<th>TRABALHOS CIENT\u00cdFICOS DO PECNORDESTE 2021 &#8211; SEGMENTO EQUINOCULTURA<\/th>\n<th>CLASSIFICA\u00c7\u00c3O<\/th>\n<\/tr>\n<\/thead>\n<tbody>\n<tr>\n<td>PREVAL\u00caNCIA DOS CASOS DE MORMO, RAIVA E ANEMIA INFECCIOSA EQUINA NA REGI\u00c3O NORDESTE DURANTE OS ANOS DE 2015 A 2019 <strong>( Andrezza Frota Forte e F\u00e1gner Cavalcante Patroc\u00ednio dos Santos)<\/strong><\/td>\n<td><strong>1\u00ba LUGAR<\/strong><\/td>\n<\/tr>\n<tr>\n<td>\u00daLCERA G\u00c1STRICA EM EQUINO<\/td>\n<td>2\u00ba LUGAR<\/td>\n<\/tr>\n<tr>\n<td>SISTEMA TRIPLE DRIP UTILIZADO EM MANUTEN\u00c7\u00c3O ANEST\u00c9SICA DE HERNIORRAFIA UMBILICAL EM POTRO- RELATO DE CASO<\/td>\n<td>3\u00ba LUGAR<\/td>\n<\/tr>\n<\/tbody>\n<\/table>\n<p>&nbsp;<\/p>\n<table class=\"greenTable\">\n<thead>\n<tr>\n<th>TRABALHOS CIENT\u00cdFICOS DO PECNORDESTE 2021 &#8211; SEGMENTO SUINOCULTURA<\/th>\n<th>CLASSIFICA\u00c7\u00c3O<\/th>\n<\/tr>\n<\/thead>\n<tbody>\n<tr>\n<td>UTILIZA\u00c7\u00c3O DA BETA\u00cdNA EM DIETAS PARA SU\u00cdNOS <strong>(Bruno da Silva de Vasconcelos, Anderson Machado de Melo J\u00fanior, Gabriel Oliveira Malta)<\/strong><\/td>\n<td><strong>1\u00ba LUGAR<\/strong><\/td>\n<\/tr>\n<tr>\n<td>INFLU\u00caNCIA DA SUPLEMENTA\u00c7\u00c3O DE ENZIMAS EX\u00d3GENAS NO DESEMPENHO DE SU\u00cdNOS EM DIFERENTES EST\u00c1GIOS DE DESENVOLVIMENTO<strong>&nbsp;<\/strong><\/td>\n<td>2\u00ba LUGAR<\/td>\n<\/tr>\n<tr>\n<td>FREQU\u00caNCIA DE CONTAMINA\u00c7\u00c3O EM CARCA\u00c7AS DE SU\u00cdNOS EM ABATEDOUROS SOB INSPE\u00c7\u00c3O FEDERAL EM 2017 NO BRASIL<\/td>\n<td>3\u00ba LUGAR<\/td>\n<\/tr>\n<\/tbody>\n<\/table>\n<p>&nbsp;<\/p>\n<table class=\"greenTable\">\n<thead>\n<tr>\n<th>TRABALHOS CIENT\u00cdFICOS DO PECNORDESTE 2021 &#8211; SEGMENTO FRUTICULTURA<\/th>\n<th>CLASSIFICA\u00c7\u00c3O<\/th>\n<\/tr>\n<\/thead>\n<tbody>\n<tr>\n<td>CACTODERA CACTI: UMA POTENCIAL AMEA\u00c7A \u00c0 CULTURA DA PITAYA NO CEAR\u00c1 <strong>(Francisco Bruno da Silva Caf\u00e9)<\/strong><\/td>\n<td><strong>1\u00ba LUGAR<\/strong><\/td>\n<\/tr>\n<tr>\n<td>UTILIZA\u00c7\u00c3O DE T\u00c9CNICAS DE GEOPROCESSAMENTO NO MONITORAMENTO DO MOLEQUE DA BANANEIRA EM PLANTIO COMERCIAL<\/td>\n<td>2\u00ba LUGAR<\/td>\n<\/tr>\n<tr>\n<td>PERFIL SOCIOECON\u00d4MICO DOS PRODUTORES DE ACEROLA ORG\u00c2NICA DO MUNIC\u00cdPIO DE SOBRADINHO-BA<\/td>\n<td>3\u00ba LUGAR<\/td>\n<\/tr>\n<\/tbody>\n<\/table>\n<p>&nbsp;<\/p>\n","protected":false},"excerpt":{"rendered":"<p>&nbsp; TRABALHOS CIENT\u00cdFICOS DO PECNORDESTE 2021 &#8211; SEGMENTO AGROINDUSTRIA CLASSIFICA\u00c7\u00c3O UTILIZA\u00c7\u00c3O DE RES\u00cdDUOS PROVENIENTES DAS IND\u00daSTRIAS DE PRODUTOS DE ORIGEM<\/p>\n","protected":false},"author":1,"featured_media":0,"parent":0,"menu_order":0,"comment_status":"closed","ping_status":"closed","template":"","meta":{"ngg_post_thumbnail":0,"footnotes":""},"class_list":["post-1030","page","type-page","status-publish","hentry"],"_links":{"self":[{"href":"http:\/\/pecnordeste.com.br\/2021\/wp-json\/wp\/v2\/pages\/1030","targetHints":{"allow":["GET"]}}],"collection":[{"href":"http:\/\/pecnordeste.com.br\/2021\/wp-json\/wp\/v2\/pages"}],"about":[{"href":"http:\/\/pecnordeste.com.br\/2021\/wp-json\/wp\/v2\/types\/page"}],"author":[{"embeddable":true,"href":"http:\/\/pecnordeste.com.br\/2021\/wp-json\/wp\/v2\/users\/1"}],"replies":[{"embeddable":true,"href":"http:\/\/pecnordeste.com.br\/2021\/wp-json\/wp\/v2\/comments?post=1030"}],"version-history":[{"count":15,"href":"http:\/\/pecnordeste.com.br\/2021\/wp-json\/wp\/v2\/pages\/1030\/revisions"}],"predecessor-version":[{"id":1047,"href":"http:\/\/pecnordeste.com.br\/2021\/wp-json\/wp\/v2\/pages\/1030\/revisions\/1047"}],"wp:attachment":[{"href":"http:\/\/pecnordeste.com.br\/2021\/wp-json\/wp\/v2\/media?parent=1030"}],"curies":[{"name":"wp","href":"https:\/\/api.w.org\/{rel}","templated":true}]}}