{"id":121,"date":"2021-01-19T08:33:35","date_gmt":"2021-01-19T11:33:35","guid":{"rendered":"http:\/\/pecnordeste.com.br\/2021\/?page_id=121"},"modified":"2021-08-31T08:29:24","modified_gmt":"2021-08-31T11:29:24","slug":"programacao","status":"publish","type":"page","link":"http:\/\/pecnordeste.com.br\/2021\/programacao\/","title":{"rendered":"Programa\u00e7\u00e3o"},"content":{"rendered":"<h6><strong>Dia 14 de Setembro &#8211; Ter\u00e7a-Feira<\/strong><\/h6>\n<p><a href=\"http:\/\/pecnordeste.com.br\/2021\/wp-content\/uploads\/2021\/08\/PROGRAMACAO-PRELIMINAR-Dia-14-de-setembro.pdf\">PROGRAMA\u00c7\u00c3O PRELIMINAR &#8211; Dia 14 de setembro<\/a><br \/>\n<iframe loading=\"lazy\" style=\"width: 700px; height: 500px;\" src=\"http:\/\/pecnordeste.com.br\/2021\/wp-content\/uploads\/2021\/08\/PROGRAMACAO-PRELIMINAR-Dia-14-de-setembro.pdf\" width=\"700\" height=\"930\" frameborder=\"0\"><span data-mce-type=\"bookmark\" style=\"display: inline-block; width: 0px; overflow: hidden; line-height: 0;\" class=\"mce_SELRES_start\">\ufeff<\/span><span data-mce-type=\"bookmark\" style=\"display: inline-block; width: 0px; overflow: hidden; line-height: 0;\" class=\"mce_SELRES_start\">\ufeff<\/span><\/iframe><\/p>\n<h6><strong>Dia 15 de Setembro &#8211; Quarta-Feira<\/strong><\/h6>\n<p><a href=\"http:\/\/pecnordeste.com.br\/2021\/wp-content\/uploads\/2021\/08\/PROGRAMACAO-PRELIMINAR-Dia-15-de-setembro.pdf\">PROGRAMA\u00c7\u00c3O PRELIMINAR &#8211; Dia 15 de setembro<\/a><br \/>\n<iframe loading=\"lazy\" style=\"width: 700px; height: 500px;\" src=\"http:\/\/pecnordeste.com.br\/2021\/wp-content\/uploads\/2021\/08\/PROGRAMACAO-PRELIMINAR-Dia-15-de-setembro.pdf\" width=\"700\" height=\"930\" frameborder=\"0\"><span data-mce-type=\"bookmark\" style=\"display: inline-block; width: 0px; overflow: hidden; line-height: 0;\" class=\"mce_SELRES_start\">\ufeff<\/span><\/iframe><\/p>\n<div>\n<h6><strong>Dia 16 de Setembro &#8211; Quinta-Feira<\/strong><\/h6>\n<p><a href=\"http:\/\/pecnordeste.com.br\/2021\/wp-content\/uploads\/2021\/08\/PROGRAMACAO-PRELIMINAR-Dia-16-de-setembro-2.pdf\">PROGRAMA\u00c7\u00c3O PRELIMINAR &#8211; Dia 16 de setembro<\/a><br \/>\n<iframe loading=\"lazy\" style=\"width: 700px; height: 500px;\" src=\"http:\/\/pecnordeste.com.br\/2021\/wp-content\/uploads\/2021\/08\/PROGRAMACAO-PRELIMINAR-Dia-16-de-setembro-2.pdf\" width=\"700\" height=\"930\" frameborder=\"0\"><span data-mce-type=\"bookmark\" style=\"display: inline-block; width: 0px; overflow: hidden; line-height: 0;\" class=\"mce_SELRES_start\">\ufeff<\/span><span data-mce-type=\"bookmark\" style=\"display: inline-block; width: 0px; overflow: hidden; line-height: 0;\" class=\"mce_SELRES_start\">\ufeff<\/span><\/iframe><\/p>\n<div>\n<h6><strong>Dia 17 de Setembro &#8211; Sexta-Feira<\/strong><\/h6>\n<div><a href=\"http:\/\/pecnordeste.com.br\/2021\/wp-content\/uploads\/2021\/08\/PROGRAMACAO-PRELIMINAR-Dia-17-de-setembro-2.pdf\">PROGRAMA\u00c7\u00c3O PRELIMINAR &#8211; Dia 17 de setembro<\/a><br \/>\n<iframe loading=\"lazy\" style=\"width: 700px; height: 500px;\" src=\"http:\/\/pecnordeste.com.br\/2021\/wp-content\/uploads\/2021\/08\/PROGRAMACAO-PRELIMINAR-Dia-17-de-setembro-2.pdf\" width=\"700\" height=\"930\" frameborder=\"0\"><span data-mce-type=\"bookmark\" style=\"display: inline-block; width: 0px; overflow: hidden; line-height: 0;\" class=\"mce_SELRES_start\">\ufeff<\/span><\/iframe><\/div>\n<\/div>\n<\/div>\n","protected":false},"excerpt":{"rendered":"<p>Dia 14 de Setembro &#8211; Ter\u00e7a-Feira PROGRAMA\u00c7\u00c3O PRELIMINAR &#8211; Dia 14 de setembro \ufeff\ufeff Dia 15 de Setembro &#8211; Quarta-Feira<\/p>\n","protected":false},"author":1,"featured_media":0,"parent":0,"menu_order":0,"comment_status":"closed","ping_status":"closed","template":"","meta":{"ngg_post_thumbnail":0,"footnotes":""},"class_list":["post-121","page","type-page","status-publish","hentry"],"_links":{"self":[{"href":"http:\/\/pecnordeste.com.br\/2021\/wp-json\/wp\/v2\/pages\/121","targetHints":{"allow":["GET"]}}],"collection":[{"href":"http:\/\/pecnordeste.com.br\/2021\/wp-json\/wp\/v2\/pages"}],"about":[{"href":"http:\/\/pecnordeste.com.br\/2021\/wp-json\/wp\/v2\/types\/page"}],"author":[{"embeddable":true,"href":"http:\/\/pecnordeste.com.br\/2021\/wp-json\/wp\/v2\/users\/1"}],"replies":[{"embeddable":true,"href":"http:\/\/pecnordeste.com.br\/2021\/wp-json\/wp\/v2\/comments?post=121"}],"version-history":[{"count":25,"href":"http:\/\/pecnordeste.com.br\/2021\/wp-json\/wp\/v2\/pages\/121\/revisions"}],"predecessor-version":[{"id":721,"href":"http:\/\/pecnordeste.com.br\/2021\/wp-json\/wp\/v2\/pages\/121\/revisions\/721"}],"wp:attachment":[{"href":"http:\/\/pecnordeste.com.br\/2021\/wp-json\/wp\/v2\/media?parent=121"}],"curies":[{"name":"wp","href":"https:\/\/api.w.org\/{rel}","templated":true}]}}