{"id":16,"date":"2021-01-15T12:30:17","date_gmt":"2021-01-15T15:30:17","guid":{"rendered":"http:\/\/pecnordeste.com.br\/2021\/?page_id=16"},"modified":"2022-03-08T14:43:09","modified_gmt":"2022-03-08T17:43:09","slug":"apresentacao","status":"publish","type":"page","link":"http:\/\/pecnordeste.com.br\/2021\/apresentacao\/","title":{"rendered":"Apresenta\u00e7\u00e3o"},"content":{"rendered":"<div style=\"text-align: justify;\"><span lang=\"PT\">O Semin\u00e1rio Nordestino de Pecu\u00e1ria &#8211; PECNORDESTE \u00e9 um importante evento do agroneg\u00f3cio promovido pela Federa\u00e7\u00e3o da Agricultura e Pecu\u00e1ria do Estado do Cear\u00e1 &#8211; FAEC, pelo Servi\u00e7o Nacional de Aprendizagem Rural do Cear\u00e1 &#8211; SENAR\/CE, pela Confedera\u00e7\u00e3o da Agricultura e Pecu\u00e1ria do Brasil &#8211; CNA, pelo Servi\u00e7o de Apoio \u00e0s Micro e Pequenas Empresas do Estado do Cear\u00e1 &#8211; SEBRAE e pelos Sindicatos Rurais, que busca a capacita\u00e7\u00e3o de produtores rurais, estudantes e micro e pequenas empres\u00e1rios do setor, sempre abordando tem\u00e1ticas relevantes para o agroneg\u00f3cio nordestino e trazendo o debate de temas que impactam no dia a dia do produtor e na sua atividade.&nbsp;<\/span><\/div>\n<div style=\"text-align: justify;\"><span lang=\"PT\">&nbsp;<\/span><\/div>\n<div style=\"text-align: justify;\"><span lang=\"PT\">Em sua vig\u00e9sima quarta edi\u00e7\u00e3o, o PECNORDESTE vai debater a tem\u00e1tica da Assist\u00eancia T\u00e9cnica e Gerencial e sua import\u00e2ncia no desenvolvimento das atividades do Agroneg\u00f3cio. O evento ocorrer\u00e1 de 14 a 17 de setembro, em Fortaleza, com uma programa\u00e7\u00e3o t\u00e9cnico-cient\u00edfica de capacita\u00e7\u00e3o, envolvendo 07 segmentos da cadeia produtiva da pecu\u00e1ria: &nbsp;Apicultura, Aquicultura e Pesca, Avicultura, Bovinocultura de Leite, Caprinovinocultura, Equinocultura e Suinocultura; bem como os segmentos da Fruticultura, da Cajucultura, da Floricultura e da Agroind\u00fastria, atrav\u00e9s da realiza\u00e7\u00e3o de palestras, mesas redondas e pain\u00e9is.<\/span><\/div>\n<p style=\"text-align: justify;\"><iframe loading=\"lazy\" style=\"width: 800px; height: 930px;\" src=\"http:\/\/pecnordeste.com.br\/2021\/wp-content\/uploads\/2021\/03\/PROJETO-PEC-2021.pdf\" width=\"700\" height=\"930\" frameborder=\"0\"><span data-mce-type=\"bookmark\" style=\"display: inline-block; width: 0px; overflow: hidden; line-height: 0;\" class=\"mce_SELRES_start\">\ufeff<\/span><\/iframe><\/p>\n<p align=\"justify\"><span style=\"font-size: medium;\"><b><span style=\"font-family: Arial, serif;\"><span style=\"font-family: Times New Roman, serif;\">COMISS\u00c3O ORGANIZADORA<\/span><\/span><\/b><\/span><\/p>\n<p align=\"justify\"><span style=\"font-size: medium;\"><b><span style=\"font-family: Arial, serif;\"><span style=\"font-family: Times New Roman, serif;\">Coordenador Geral<\/span><\/span><\/b><\/span><\/p>\n<p align=\"justify\"><span style=\"font-family: Times New Roman, serif;\"><span style=\"font-size: medium;\"><span style=\"font-family: Arial, serif;\">Rodrigo Di\u00f3genes<\/span><\/span><\/span><\/p>\n<p align=\"justify\"><span style=\"font-size: medium;\"><b><span style=\"font-family: Arial, serif;\"><span style=\"font-family: Times New Roman, serif;\">Coordenadores Administrativo e Financeiro<\/span><\/span><\/b><\/span><\/p>\n<p align=\"justify\"><span style=\"font-family: Times New Roman, serif;\"><span style=\"font-size: medium;\"><span style=\"font-family: Arial, serif;\">Carlos Bezerra Filho<\/span><\/span><\/span><\/p>\n<p align=\"justify\"><span style=\"font-family: Times New Roman, serif;\"><span style=\"font-size: medium;\"><span style=\"font-family: Arial, serif;\">Francileite Cavalcante Furtado Rem\u00edgio<\/span><\/span><\/span><\/p>\n<p align=\"justify\"><span style=\"font-family: Times New Roman, serif;\"><span style=\"font-size: medium;\"><span style=\"font-family: Arial, serif;\"><b>Coordenador T\u00e9cnico Cient\u00edfico<\/b><\/span><\/span><\/span><\/p>\n<p align=\"justify\"><span style=\"font-family: Times New Roman, serif;\"><span style=\"font-size: medium;\"><span style=\"font-family: Arial, serif;\">Eduardo Barroso<\/span><\/span><\/span><\/p>\n<p align=\"justify\"><span style=\"font-size: medium;\"><b><span style=\"font-family: Arial, serif;\"><span style=\"font-family: Times New Roman, serif;\">Membros das Subcomiss\u00f5es:<\/span><\/span><\/b><\/span><\/p>\n<p align=\"justify\"><span style=\"font-size: medium;\"><b><span style=\"font-family: Arial, serif;\"><u><span style=\"font-family: Times New Roman, serif;\">Administrativa e Financeira<\/span><\/u><\/span><\/b><b><span style=\"font-family: Arial, serif;\">:<\/span><\/b><\/span><span style=\"font-family: Arial, serif;\">&nbsp;Maria Augusta Moreira de Sousa, Maria do Socorro Correia Silva, Maria Nilza Luna Lucas.<\/span><\/p>\n<p align=\"justify\"><span style=\"font-size: medium;\"><b><span style=\"font-family: Arial, serif;\"><u><span style=\"font-family: Times New Roman, serif;\">Comunica\u00e7\u00e3o e M\u00eddia<\/span><\/u><\/span><\/b><b><span style=\"font-family: Arial, serif;\">:&nbsp;<\/span><\/b><\/span><span style=\"font-family: Arial, serif;\">Maria Augusta Moreira de Sousa.<\/span><\/p>\n<p align=\"justify\"><span style=\"font-size: medium;\"><b><span style=\"font-family: Arial, serif;\"><u><span style=\"font-family: Times New Roman, serif;\">Inform\u00e1tica<\/span><\/u><\/span><\/b><b><span style=\"font-family: Arial, serif;\">:<\/span><\/b><\/span><span style=\"font-family: Arial, serif;\">&nbsp;Brunno Carvalho, Geovana Costa e Thiago Moura Varela.&nbsp;&nbsp;&nbsp;&nbsp;&nbsp;&nbsp;&nbsp;&nbsp;&nbsp;&nbsp;&nbsp;&nbsp;&nbsp;<\/span><\/p>\n<p align=\"justify\"><span style=\"font-size: medium;\"><b><span style=\"font-family: Arial, serif;\"><u><span style=\"font-family: Times New Roman, serif;\">Licita\u00e7\u00e3o<\/span><\/u><\/span><\/b><b><span style=\"font-family: Arial, serif;\">:&nbsp;<\/span><\/b><\/span><span style=\"font-family: Arial, serif;\">Andreza Pinheiro Barros, Jussara Dias Soares, Wesley Gueller.<\/span><\/p>\n<p align=\"justify\"><span style=\"font-size: medium;\"><b><span style=\"font-family: Arial, serif;\"><u><span style=\"font-family: Times New Roman, serif;\">T\u00e9cnica<\/span><\/u><\/span><\/b><b><span style=\"font-family: Arial, serif;\">:<\/span><\/b><\/span><span style=\"font-family: Arial, serif;\">&nbsp;Eduardo Queiroz de Miranda (Trabalhos Cient\u00edficos), Mariana Menezes da Silva (Trabalhos Cient\u00edficos), Roberta S\u00e1 Gondim (Trabalhos Cient\u00edficos).<\/span><\/p>\n<p align=\"justify\"><span style=\"font-size: medium;\"><b><span style=\"font-family: Arial, serif;\"><u><span style=\"font-family: Times New Roman, serif;\">Coordenadores Setoriais:<\/span><\/u><\/span><\/b><\/span><span style=\"font-family: Arial, serif;\">&nbsp;Ant\u00f4nio Dimas (Agroind\u00fastria), Vinicius Ara\u00fajo de Carvalho (Apicultura), Ant\u00f4nio da Costa Albuquerque Filho (Aquicultura e Pesca), Andr\u00e9 de Freitas Siqueira (Avicultura), Francisco Reginaldo Filho (Bovinocultura), Vitor Hugo (Cajucultura), Francisco Augusto J\u00fanior (Caprinovinocultura), Rodrigo de Freitas Souza (Equinocultura), Ticiana Mesquita (Floricultura), Erildo Pontes (Fruticultura), Tiago Silva Andrade (Suinocultura), Emerson Pinto Moreira (Trabalhos Cient\u00edficos).<\/span><\/p>\n","protected":false},"excerpt":{"rendered":"<p>O Semin\u00e1rio Nordestino de Pecu\u00e1ria &#8211; PECNORDESTE \u00e9 um importante evento do agroneg\u00f3cio promovido pela Federa\u00e7\u00e3o da Agricultura e Pecu\u00e1ria<\/p>\n","protected":false},"author":1,"featured_media":0,"parent":0,"menu_order":0,"comment_status":"closed","ping_status":"closed","template":"","meta":{"ngg_post_thumbnail":0,"footnotes":""},"class_list":["post-16","page","type-page","status-publish","hentry"],"_links":{"self":[{"href":"http:\/\/pecnordeste.com.br\/2021\/wp-json\/wp\/v2\/pages\/16","targetHints":{"allow":["GET"]}}],"collection":[{"href":"http:\/\/pecnordeste.com.br\/2021\/wp-json\/wp\/v2\/pages"}],"about":[{"href":"http:\/\/pecnordeste.com.br\/2021\/wp-json\/wp\/v2\/types\/page"}],"author":[{"embeddable":true,"href":"http:\/\/pecnordeste.com.br\/2021\/wp-json\/wp\/v2\/users\/1"}],"replies":[{"embeddable":true,"href":"http:\/\/pecnordeste.com.br\/2021\/wp-json\/wp\/v2\/comments?post=16"}],"version-history":[{"count":8,"href":"http:\/\/pecnordeste.com.br\/2021\/wp-json\/wp\/v2\/pages\/16\/revisions"}],"predecessor-version":[{"id":226,"href":"http:\/\/pecnordeste.com.br\/2021\/wp-json\/wp\/v2\/pages\/16\/revisions\/226"}],"wp:attachment":[{"href":"http:\/\/pecnordeste.com.br\/2021\/wp-json\/wp\/v2\/media?parent=16"}],"curies":[{"name":"wp","href":"https:\/\/api.w.org\/{rel}","templated":true}]}}