{"id":582,"date":"2021-08-24T08:33:34","date_gmt":"2021-08-24T11:33:34","guid":{"rendered":"http:\/\/pecnordeste.com.br\/2021\/?page_id=582"},"modified":"2021-08-24T09:00:04","modified_gmt":"2021-08-24T12:00:04","slug":"programacao-seminario-de-cooperativismo","status":"publish","type":"page","link":"http:\/\/pecnordeste.com.br\/2021\/programacao\/programacao-seminario-de-cooperativismo\/","title":{"rendered":"Programa\u00e7\u00e3o Semin\u00e1rio de Cooperativismo"},"content":{"rendered":"<p><iframe loading=\"lazy\" style=\"width: 800px; height: 700px;\" src=\"http:\/\/pecnordeste.com.br\/2021\/wp-content\/uploads\/2021\/08\/PROGRAMACAO-FINAL-SEMINARIO-DE-COOPERATIVISMO.pdf\" width=\"700\" height=\"930\" frameborder=\"0\"><span data-mce-type=\"bookmark\" style=\"display: inline-block; width: 0px; overflow: hidden; line-height: 0;\" class=\"mce_SELRES_start\">\ufeff<\/span><span data-mce-type=\"bookmark\" style=\"display: inline-block; width: 0px; overflow: hidden; line-height: 0;\" class=\"mce_SELRES_start\">\ufeff<\/span><\/iframe><\/p>\n","protected":false},"excerpt":{"rendered":"<p>\ufeff\ufeff<\/p>\n","protected":false},"author":1,"featured_media":0,"parent":121,"menu_order":0,"comment_status":"closed","ping_status":"closed","template":"","meta":{"ngg_post_thumbnail":0,"footnotes":""},"class_list":["post-582","page","type-page","status-publish","hentry"],"_links":{"self":[{"href":"http:\/\/pecnordeste.com.br\/2021\/wp-json\/wp\/v2\/pages\/582","targetHints":{"allow":["GET"]}}],"collection":[{"href":"http:\/\/pecnordeste.com.br\/2021\/wp-json\/wp\/v2\/pages"}],"about":[{"href":"http:\/\/pecnordeste.com.br\/2021\/wp-json\/wp\/v2\/types\/page"}],"author":[{"embeddable":true,"href":"http:\/\/pecnordeste.com.br\/2021\/wp-json\/wp\/v2\/users\/1"}],"replies":[{"embeddable":true,"href":"http:\/\/pecnordeste.com.br\/2021\/wp-json\/wp\/v2\/comments?post=582"}],"version-history":[{"count":3,"href":"http:\/\/pecnordeste.com.br\/2021\/wp-json\/wp\/v2\/pages\/582\/revisions"}],"predecessor-version":[{"id":635,"href":"http:\/\/pecnordeste.com.br\/2021\/wp-json\/wp\/v2\/pages\/582\/revisions\/635"}],"up":[{"embeddable":true,"href":"http:\/\/pecnordeste.com.br\/2021\/wp-json\/wp\/v2\/pages\/121"}],"wp:attachment":[{"href":"http:\/\/pecnordeste.com.br\/2021\/wp-json\/wp\/v2\/media?parent=582"}],"curies":[{"name":"wp","href":"https:\/\/api.w.org\/{rel}","templated":true}]}}