{"id":74,"date":"2021-01-18T10:12:01","date_gmt":"2021-01-18T13:12:01","guid":{"rendered":"http:\/\/pecnordeste.com.br\/2021\/?page_id=74"},"modified":"2021-09-14T15:58:10","modified_gmt":"2021-09-14T18:58:10","slug":"trabalhos-cientificos","status":"publish","type":"page","link":"http:\/\/pecnordeste.com.br\/2021\/trabalhos-cientificos\/","title":{"rendered":"Trabalhos Cient\u00edficos"},"content":{"rendered":"<h4 style=\"text-align: center;\"><strong>Edital Trabalhos Cient\u00edficos 2021<\/strong><\/h4>\n<p><iframe loading=\"lazy\" style=\"width: 800px; height: 610px;\" src=\"http:\/\/pecnordeste.com.br\/2021\/wp-content\/uploads\/2021\/08\/EDITAL-TRABALHOS-CIENTIFICOS-1.pdf\" width=\"700\" height=\"950\" frameborder=\"0\"><span data-mce-type=\"bookmark\" style=\"display: inline-block; width: 0px; overflow: hidden; line-height: 0;\" class=\"mce_SELRES_start\">\ufeff<\/span><span data-mce-type=\"bookmark\" style=\"display: inline-block; width: 0px; overflow: hidden; line-height: 0;\" class=\"mce_SELRES_start\">\ufeff<\/span>&lt;span data-mce-type=&#8221;bookmark&#8221; style=&#8221;display: inline-block; width: 0px; overflow: hidden; line-height: 0;&#8221; class=&#8221;mce_SELRES_start&#8221;&gt;\ufeff&lt;\/span&gt;<\/iframe>&nbsp;<\/p>\n<p style=\"font-weight: 400; text-align: justify;\">Parab\u00e9ns, seu trabalho foi submetido e voc\u00ea est\u00e1 participando da II MOSTRA DE TRABALHOS CIENT\u00cdFICOS.<\/p>\n<p><a href=\"http:\/\/pecnordeste.com.br\/2021\/wp-content\/uploads\/2021\/09\/APRESENTACAO-DOS-TRABALHOS-CIENTIFICOS-para-site-4.pdf\"><strong>Clique aqui para acessar a lista dos trabalhos aprovados<\/strong><\/a><\/p>\n<h4 style=\"text-align: center;\"><strong>Agenda de Apresenta\u00e7\u00e3o dos trabalhos do dia 08\/09\/2021 (APICULTURA, AQUICULTURA E PESCA E EQUINOCULTURA)<\/strong><\/h4>\n<p><iframe loading=\"lazy\" style=\"width: 800px; height: 610px;\" src=\"http:\/\/pecnordeste.com.br\/2021\/wp-content\/uploads\/2021\/09\/programacao-dia-08.09.2021-3.pdf\" width=\"700\" height=\"950\" frameborder=\"0\"><span data-mce-type=\"bookmark\" style=\"display: inline-block; width: 0px; overflow: hidden; line-height: 0;\" class=\"mce_SELRES_start\">\ufeff<\/span><span data-mce-type=\"bookmark\" style=\"display: inline-block; width: 0px; overflow: hidden; line-height: 0;\" class=\"mce_SELRES_start\">\ufeff<\/span>&lt;span data-mce-type=&#8221;bookmark&#8221; style=&#8221;display: inline-block; width: 0px; overflow: hidden; line-height: 0;&#8221; class=&#8221;mce_SELRES_start&#8221;&gt;\ufeff&lt;\/span&gt;<\/iframe>&nbsp;<\/p>\n<h4 style=\"text-align: center;\"><strong>Agenda de Apresenta\u00e7\u00e3o dos trabalhos do dia 09\/09\/2021 (CAPRINOVINOCULTURA, SUINOCULTURA E AGROINDUSTRIA)<\/strong><\/h4>\n<p><iframe loading=\"lazy\" style=\"width: 800px; height: 610px;\" src=\"http:\/\/pecnordeste.com.br\/2021\/wp-content\/uploads\/2021\/09\/APRESENTACAO-DOS-TRABALHOS-CIENTIFICOS-NO-PECNORDESTE-DIA-09-de-SETEMBRO-de-2021.pdf\" width=\"700\" height=\"950\" frameborder=\"0\"><span data-mce-type=\"bookmark\" style=\"display: inline-block; width: 0px; overflow: hidden; line-height: 0;\" class=\"mce_SELRES_start\">\ufeff<\/span><span data-mce-type=\"bookmark\" style=\"display: inline-block; width: 0px; overflow: hidden; line-height: 0;\" class=\"mce_SELRES_start\">\ufeff<\/span>&lt;span data-mce-type=&#8221;bookmark&#8221; style=&#8221;display: inline-block; width: 0px; overflow: hidden; line-height: 0;&#8221; class=&#8221;mce_SELRES_start&#8221;&gt;\ufeff&lt;\/span&gt;<\/iframe>&nbsp;<\/p>\n<h4 style=\"text-align: center;\"><strong>Agenda de Apresenta\u00e7\u00e3o dos trabalhos do dia 10\/09\/2021 (AVICULTURA, BOVINOCULTURA E FRUTICULTURA)<\/strong><\/h4>\n<p><iframe loading=\"lazy\" style=\"width: 800px; height: 610px;\" src=\"http:\/\/pecnordeste.com.br\/2021\/wp-content\/uploads\/2021\/09\/APRESENTACAO-DOS-TRABALHOS-CIENTIFICOS-NO-PECNORDESTE-DIA-10-de-SETEMBRO-de-2021-2.pdf\" width=\"700\" height=\"950\" frameborder=\"0\"><span data-mce-type=\"bookmark\" style=\"display: inline-block; width: 0px; overflow: hidden; line-height: 0;\" class=\"mce_SELRES_start\">\ufeff<\/span><span data-mce-type=\"bookmark\" style=\"display: inline-block; width: 0px; overflow: hidden; line-height: 0;\" class=\"mce_SELRES_start\">\ufeff<\/span>&lt;span data-mce-type=&#8221;bookmark&#8221; style=&#8221;display: inline-block; width: 0px; overflow: hidden; line-height: 0;&#8221; class=&#8221;mce_SELRES_start&#8221;&gt;\ufeff&lt;\/span&gt;<\/iframe>&nbsp;<\/p>\n<h4 style=\"text-align: center;\"><strong>REPESCAGEM APRESENTA\u00c7\u00c3O DOS TRABALHOS CIENTIFICOS NO PECNORDESTE DIA 08 de SETEMBRO de 2021<\/strong><\/h4>\n<p><iframe loading=\"lazy\" style=\"width: 800px; height: 610px;\" src=\"http:\/\/pecnordeste.com.br\/2021\/wp-content\/uploads\/2021\/09\/REPESCAGEM-APRESENTACAO-DOS-TRABALHOS-CIENTIFICOS-NO-PECNORDESTE-DIA-08-de-SETEMBRO-de-2021.pdf\" width=\"700\" height=\"950\" frameborder=\"0\"><span data-mce-type=\"bookmark\" style=\"display: inline-block; width: 0px; overflow: hidden; line-height: 0;\" class=\"mce_SELRES_start\">\ufeff<\/span><span data-mce-type=\"bookmark\" style=\"display: inline-block; width: 0px; overflow: hidden; line-height: 0;\" class=\"mce_SELRES_start\">\ufeff<\/span>&lt;span data-mce-type=&#8221;bookmark&#8221; style=&#8221;display: inline-block; width: 0px; overflow: hidden; line-height: 0;&#8221; class=&#8221;mce_SELRES_start&#8221;&gt;\ufeff&lt;\/span&gt;<\/iframe>&nbsp;<\/p>\n<h4 style=\"text-align: center;\"><strong>REPESCAGEM APRESENTA\u00c7\u00c3O DOS TRABALHOS CIENTIFICOS NO PECNORDESTE DIA 09 de SETEMBRO de 2021<\/strong><\/h4>\n<p><iframe loading=\"lazy\" style=\"width: 800px; height: 610px;\" src=\"http:\/\/pecnordeste.com.br\/2021\/wp-content\/uploads\/2021\/09\/REPESCAGEM-APRESENTACAO-DOS-TRABALHOS-CIENTIFICOS-NO-PECNORDESTE-DIA-09-de-SETEMBRO-de-2021.pdf\" width=\"700\" height=\"950\" frameborder=\"0\"><span data-mce-type=\"bookmark\" style=\"display: inline-block; width: 0px; overflow: hidden; line-height: 0;\" class=\"mce_SELRES_start\">\ufeff<\/span><span data-mce-type=\"bookmark\" style=\"display: inline-block; width: 0px; overflow: hidden; line-height: 0;\" class=\"mce_SELRES_start\">\ufeff<\/span>&lt;span data-mce-type=&#8221;bookmark&#8221; style=&#8221;display: inline-block; width: 0px; overflow: hidden; line-height: 0;&#8221; class=&#8221;mce_SELRES_start&#8221;&gt;\ufeff&lt;\/span&gt;<\/iframe>&nbsp;<\/p>\n<h4 style=\"text-align: center;\"><strong>REPESCAGEM APRESENTA\u00c7\u00c3O DOS TRABALHOS CIENTIFICOS NO PECNORDESTE DIA 10 de SETEMBRO de 2021<\/strong><\/h4>\n<p><iframe loading=\"lazy\" style=\"width: 800px; height: 610px;\" src=\"http:\/\/pecnordeste.com.br\/2021\/wp-content\/uploads\/2021\/09\/REPECAGEM-TRABALHOS-CIENTIFICOS-NO-PECNORDESTE-DIA-10-de-SETEMBRO-de-2021.pdf\" width=\"700\" height=\"950\" frameborder=\"0\"><span data-mce-type=\"bookmark\" style=\"display: inline-block; width: 0px; overflow: hidden; line-height: 0;\" class=\"mce_SELRES_start\">\ufeff<\/span><span data-mce-type=\"bookmark\" style=\"display: inline-block; width: 0px; overflow: hidden; line-height: 0;\" class=\"mce_SELRES_start\">\ufeff<\/span>&lt;span data-mce-type=&#8221;bookmark&#8221; style=&#8221;display: inline-block; width: 0px; overflow: hidden; line-height: 0;&#8221; class=&#8221;mce_SELRES_start&#8221;&gt;\ufeff&lt;\/span&gt;<\/iframe>&nbsp;<\/p>\n<p><strong><a href=\"http:\/\/pecnordeste.com.br\/2021\/wp-content\/uploads\/2021\/07\/MODELO-BANNER-TRABALHOS-CIENTIFICOS.pdf\" target=\"_blank\" rel=\"noopener\"><button id=\"botao\">MODELO BANNER TRABALHOS CIENT\u00cdFICOS<\/button><\/a><\/strong><\/p>\n<p><strong><a href=\"http:\/\/pecnordeste.com.br\/2021\/wp-content\/uploads\/2021\/07\/MODELO-BANNER-TRABALHOS-CIENTIFICOS.png\" target=\"_blank\" rel=\"noopener\"><button id=\"botao\">CABE\u00c7ALHO BANNER TRABALHOS CIENT\u00cdFICOS<\/button><\/a><\/strong><\/p>\n<p>&nbsp;<\/p>\n<p>&lt;<\/p>\n","protected":false},"excerpt":{"rendered":"<p>Edital Trabalhos Cient\u00edficos 2021 \ufeff\ufeff&lt;span data-mce-type=&#8221;bookmark&#8221; style=&#8221;display: inline-block; width: 0px; overflow: hidden; line-height: 0;&#8221; class=&#8221;mce_SELRES_start&#8221;&gt;\ufeff&lt;\/span&gt;&nbsp; Parab\u00e9ns, seu trabalho foi submetido<\/p>\n","protected":false},"author":1,"featured_media":0,"parent":0,"menu_order":0,"comment_status":"closed","ping_status":"closed","template":"","meta":{"ngg_post_thumbnail":0,"footnotes":""},"class_list":["post-74","page","type-page","status-publish","hentry"],"_links":{"self":[{"href":"http:\/\/pecnordeste.com.br\/2021\/wp-json\/wp\/v2\/pages\/74","targetHints":{"allow":["GET"]}}],"collection":[{"href":"http:\/\/pecnordeste.com.br\/2021\/wp-json\/wp\/v2\/pages"}],"about":[{"href":"http:\/\/pecnordeste.com.br\/2021\/wp-json\/wp\/v2\/types\/page"}],"author":[{"embeddable":true,"href":"http:\/\/pecnordeste.com.br\/2021\/wp-json\/wp\/v2\/users\/1"}],"replies":[{"embeddable":true,"href":"http:\/\/pecnordeste.com.br\/2021\/wp-json\/wp\/v2\/comments?post=74"}],"version-history":[{"count":41,"href":"http:\/\/pecnordeste.com.br\/2021\/wp-json\/wp\/v2\/pages\/74\/revisions"}],"predecessor-version":[{"id":811,"href":"http:\/\/pecnordeste.com.br\/2021\/wp-json\/wp\/v2\/pages\/74\/revisions\/811"}],"wp:attachment":[{"href":"http:\/\/pecnordeste.com.br\/2021\/wp-json\/wp\/v2\/media?parent=74"}],"curies":[{"name":"wp","href":"https:\/\/api.w.org\/{rel}","templated":true}]}}