{"id":804,"date":"2021-09-14T15:45:37","date_gmt":"2021-09-14T18:45:37","guid":{"rendered":"http:\/\/pecnordeste.com.br\/2021\/?page_id=804"},"modified":"2021-09-14T18:27:46","modified_gmt":"2021-09-14T21:27:46","slug":"posters-publicados","status":"publish","type":"page","link":"http:\/\/pecnordeste.com.br\/2021\/posters-publicados\/","title":{"rendered":"Apresenta\u00e7\u00e3o dos P\u00f4steres"},"content":{"rendered":"<h6 style=\"text-align: justify;\"><strong>Selecione o segmento desejado:<\/strong><\/h6>\n<ul class=\"menusegmentos\">\n<li><a href=\"http:\/\/pecnordeste.com.br\/2021\/agroindustria-2\/\" target=\"\" rel=\"noopener noreferrer\">AGROIND\u00daSTRIA<\/a><\/li>\n<li><a href=\"http:\/\/pecnordeste.com.br\/2021\/apicultura-4\/\">APICULTURA<\/a><\/li>\n<li><a href=\"http:\/\/pecnordeste.com.br\/2021\/avicultura-2\/\" target=\"\" rel=\"noopener noreferrer\">AVICULTURA<\/a><\/li>\n<li><a href=\"http:\/\/pecnordeste.com.br\/2021\/aquicultura-e-pesca\/\">AQUICULTURA E PESCA<\/a><\/li>\n<li><a href=\"http:\/\/pecnordeste.com.br\/2021\/bovinocultura-2\/\" target=\"\" rel=\"noopener noreferrer\">BOVINOCULTURA<\/a><\/li>\n<li><a href=\"\" target=\"\" rel=\"noopener noreferrer\">CAJUCULTURA<\/a><\/li>\n<li><a href=\"http:\/\/pecnordeste.com.br\/2021\/caprinovinocultura\/\" target=\"\" rel=\"noopener noreferrer\">CAPRINOVINOCULTURA<\/a><\/li>\n<li><a href=\"http:\/\/pecnordeste.com.br\/2021\/equinocultura-2\/\">EQUINOCULTURA<\/a><\/li>\n<li><a href=\"\">FLORICULTURA<\/a><\/li>\n<li><a href=\"http:\/\/pecnordeste.com.br\/2021\/futicultura\/\">FRUTICULTURA<\/a><\/li>\n<li><a href=\"http:\/\/pecnordeste.com.br\/2021\/suinocultura\/\">SUINOCULTURA<\/a><\/li>\n<\/ul>\n","protected":false},"excerpt":{"rendered":"<p>Selecione o segmento desejado: AGROIND\u00daSTRIA APICULTURA AVICULTURA AQUICULTURA E PESCA BOVINOCULTURA CAJUCULTURA CAPRINOVINOCULTURA EQUINOCULTURA FLORICULTURA FRUTICULTURA SUINOCULTURA<\/p>\n","protected":false},"author":1,"featured_media":0,"parent":0,"menu_order":0,"comment_status":"closed","ping_status":"closed","template":"","meta":{"ngg_post_thumbnail":0,"footnotes":""},"class_list":["post-804","page","type-page","status-publish","hentry"],"_links":{"self":[{"href":"http:\/\/pecnordeste.com.br\/2021\/wp-json\/wp\/v2\/pages\/804","targetHints":{"allow":["GET"]}}],"collection":[{"href":"http:\/\/pecnordeste.com.br\/2021\/wp-json\/wp\/v2\/pages"}],"about":[{"href":"http:\/\/pecnordeste.com.br\/2021\/wp-json\/wp\/v2\/types\/page"}],"author":[{"embeddable":true,"href":"http:\/\/pecnordeste.com.br\/2021\/wp-json\/wp\/v2\/users\/1"}],"replies":[{"embeddable":true,"href":"http:\/\/pecnordeste.com.br\/2021\/wp-json\/wp\/v2\/comments?post=804"}],"version-history":[{"count":14,"href":"http:\/\/pecnordeste.com.br\/2021\/wp-json\/wp\/v2\/pages\/804\/revisions"}],"predecessor-version":[{"id":838,"href":"http:\/\/pecnordeste.com.br\/2021\/wp-json\/wp\/v2\/pages\/804\/revisions\/838"}],"wp:attachment":[{"href":"http:\/\/pecnordeste.com.br\/2021\/wp-json\/wp\/v2\/media?parent=804"}],"curies":[{"name":"wp","href":"https:\/\/api.w.org\/{rel}","templated":true}]}}