{"id":822,"date":"2021-09-14T16:08:57","date_gmt":"2021-09-14T19:08:57","guid":{"rendered":"http:\/\/pecnordeste.com.br\/2021\/?page_id=822"},"modified":"2021-09-14T16:21:08","modified_gmt":"2021-09-14T19:21:08","slug":"apicultura-4","status":"publish","type":"page","link":"http:\/\/pecnordeste.com.br\/2021\/apicultura-4\/","title":{"rendered":"Apicultura"},"content":{"rendered":"<ul class=\"lista-simples\">\n<li><a href=\"http:\/\/pecnordeste.com.br\/2021\/wp-content\/uploads\/2021\/09\/PREFERENCIA-DA-ABELHA-AFRICANIZADA-Apis-mellifera-POR-DIFERENTES-SABORES-DE-SUCOS-NA-ALIMENTACAO-ARTIFICIAL.pdf\" target=\"_self\" rel=\"noopener\">PREFER\u00caNCIA DA ABELHA AFRICANIZADA (Apis mellifera) POR DIFERENTES SABORES DE SUCOS NA ALIMENTA\u00c7\u00c3O ARTIFICIAL<\/a><\/li>\n","protected":false},"excerpt":{"rendered":"<p>PREFER\u00caNCIA DA ABELHA AFRICANIZADA (Apis mellifera) POR DIFERENTES SABORES DE SUCOS NA ALIMENTA\u00c7\u00c3O ARTIFICIAL<\/p>\n","protected":false},"author":1,"featured_media":0,"parent":0,"menu_order":0,"comment_status":"closed","ping_status":"closed","template":"","meta":{"ngg_post_thumbnail":0,"footnotes":""},"class_list":["post-822","page","type-page","status-publish","hentry"],"_links":{"self":[{"href":"http:\/\/pecnordeste.com.br\/2021\/wp-json\/wp\/v2\/pages\/822","targetHints":{"allow":["GET"]}}],"collection":[{"href":"http:\/\/pecnordeste.com.br\/2021\/wp-json\/wp\/v2\/pages"}],"about":[{"href":"http:\/\/pecnordeste.com.br\/2021\/wp-json\/wp\/v2\/types\/page"}],"author":[{"embeddable":true,"href":"http:\/\/pecnordeste.com.br\/2021\/wp-json\/wp\/v2\/users\/1"}],"replies":[{"embeddable":true,"href":"http:\/\/pecnordeste.com.br\/2021\/wp-json\/wp\/v2\/comments?post=822"}],"version-history":[{"count":6,"href":"http:\/\/pecnordeste.com.br\/2021\/wp-json\/wp\/v2\/pages\/822\/revisions"}],"predecessor-version":[{"id":832,"href":"http:\/\/pecnordeste.com.br\/2021\/wp-json\/wp\/v2\/pages\/822\/revisions\/832"}],"wp:attachment":[{"href":"http:\/\/pecnordeste.com.br\/2021\/wp-json\/wp\/v2\/media?parent=822"}],"curies":[{"name":"wp","href":"https:\/\/api.w.org\/{rel}","templated":true}]}}