{"id":834,"date":"2021-09-14T16:22:17","date_gmt":"2021-09-14T19:22:17","guid":{"rendered":"http:\/\/pecnordeste.com.br\/2021\/?page_id=834"},"modified":"2021-09-15T07:59:54","modified_gmt":"2021-09-15T10:59:54","slug":"aquicultura-e-pesca","status":"publish","type":"page","link":"http:\/\/pecnordeste.com.br\/2021\/aquicultura-e-pesca\/","title":{"rendered":"AQUICULTURA E PESCA"},"content":{"rendered":"<ul class=\"lista-simples\">\n<li><a href=\"http:\/\/pecnordeste.com.br\/2021\/wp-content\/uploads\/2021\/09\/UTILIZACAO-DO-METODO-DE-INDICE-DE-QUALIDADE-MIQ-PARA-DETERMINACAO-DO-GRAU-DE-FRESCOR-DE-TILAPIA-Oreochromis-niloticus-INTEIRA-NAO-EVISCERADA-ESTOCADA-EM-GELO.pdf\" target=\"_self\" rel=\"noopener\">UTILIZA\u00c7\u00c3O DO M\u00c9TODO DE \u00cdNDICE DE QUALIDADE (MIQ) PARA DETERMINA\u00c7\u00c3O DO GRAU DE FRESCOR DE TIL\u00c1PIA (Oreochromis niloticus) INTEIRA N\u00c3O EVISCERADA, ESTOCADA EM GELO<\/a><\/li>\n<p><\/br><\/p>\n<li><a href=\"http:\/\/pecnordeste.com.br\/2021\/wp-content\/uploads\/2021\/09\/PANORAMA-DA-PISCICULTURA-NO-MUNICIPIO-DE-HUMAITA-AMAZONAS.pdf\" target=\"_self\" rel=\"noopener\">PANORAMA DA PISCICULTURA NO MUNIC\u00cdPIO DE HUMAIT\u00c1 AMAZONAS<\/a><\/li>\n<p><\/br><\/p>\n<li><a href=\"http:\/\/pecnordeste.com.br\/2021\/wp-content\/uploads\/2021\/09\/ANALISE-DA-SOBREVIVENCIA-DE-POS-LARVAS-DE-CAMARAO-SUBMETIDAS-A-DIFERENTES-FONTES-DE-AGUA.pdf\" target=\"_self\" rel=\"noopener\">AN\u00c1LISE DA SOBREVIVENCIA DE P\u00d3S-LARVAS DE CAMAR\u00c3O SUBMETIDAS A DIFERENTES FONTES DE \u00c1GUA<\/a><\/li>\n<p><\/br><\/p>\n<li><a href=\"http:\/\/pecnordeste.com.br\/2021\/wp-content\/uploads\/2021\/09\/AVALIACAO-DO-DESEMPENHO-ZOOTECNICO-DO-CAMARAO-MARINHO-Litopenaeus-vannamei-SOB-CONDICAO-DE-PRODUCAO-COMERCIAL-EM-POLICULTIVO-COM-A-TILAPIA-DO-NILO-Oreochromis-niloticus.pdf\" target=\"_self\" rel=\"noopener\">AVALIA\u00c7\u00c3O DO DESEMPENHO ZOOT\u00c9CNICO DO CAMAR\u00c3O MARINHO (Litopenaeus vannamei) SOB CONDI\u00c7\u00c3O DE PRODU\u00c7\u00c3O COMERCIAL EM POLICULTIVO COM A TIL\u00c1PIA DO NILO (Oreochromis niloticus) NA REGIAO NORTE DO ESTADO DO CEAR\u00c1<\/a><\/li>\n<p><\/br><\/p>\n","protected":false},"excerpt":{"rendered":"<p>UTILIZA\u00c7\u00c3O DO M\u00c9TODO DE \u00cdNDICE DE QUALIDADE (MIQ) PARA DETERMINA\u00c7\u00c3O DO GRAU DE FRESCOR DE TIL\u00c1PIA (Oreochromis niloticus) INTEIRA N\u00c3O<\/p>\n","protected":false},"author":1,"featured_media":0,"parent":0,"menu_order":0,"comment_status":"closed","ping_status":"closed","template":"","meta":{"ngg_post_thumbnail":0,"footnotes":""},"class_list":["post-834","page","type-page","status-publish","hentry"],"_links":{"self":[{"href":"http:\/\/pecnordeste.com.br\/2021\/wp-json\/wp\/v2\/pages\/834","targetHints":{"allow":["GET"]}}],"collection":[{"href":"http:\/\/pecnordeste.com.br\/2021\/wp-json\/wp\/v2\/pages"}],"about":[{"href":"http:\/\/pecnordeste.com.br\/2021\/wp-json\/wp\/v2\/types\/page"}],"author":[{"embeddable":true,"href":"http:\/\/pecnordeste.com.br\/2021\/wp-json\/wp\/v2\/users\/1"}],"replies":[{"embeddable":true,"href":"http:\/\/pecnordeste.com.br\/2021\/wp-json\/wp\/v2\/comments?post=834"}],"version-history":[{"count":7,"href":"http:\/\/pecnordeste.com.br\/2021\/wp-json\/wp\/v2\/pages\/834\/revisions"}],"predecessor-version":[{"id":944,"href":"http:\/\/pecnordeste.com.br\/2021\/wp-json\/wp\/v2\/pages\/834\/revisions\/944"}],"wp:attachment":[{"href":"http:\/\/pecnordeste.com.br\/2021\/wp-json\/wp\/v2\/media?parent=834"}],"curies":[{"name":"wp","href":"https:\/\/api.w.org\/{rel}","templated":true}]}}