{"id":853,"date":"2021-09-14T16:50:36","date_gmt":"2021-09-14T19:50:36","guid":{"rendered":"http:\/\/pecnordeste.com.br\/2021\/?page_id=853"},"modified":"2021-09-14T17:07:16","modified_gmt":"2021-09-14T20:07:16","slug":"equinocultura-2","status":"publish","type":"page","link":"http:\/\/pecnordeste.com.br\/2021\/equinocultura-2\/","title":{"rendered":"EQUINOCULTURA"},"content":{"rendered":"<ul class=\"lista-simples\">\n<li><a href=\"http:\/\/pecnordeste.com.br\/2021\/wp-content\/uploads\/2021\/09\/PRINCIPAIS-LIMITACOES-RELACIONADAS-AO-CONGELAMENTO-DO-SEMEN-EQUINO..pdf\" target=\"_self\" rel=\"noopener\">PRINCIPAIS LIMITA\u00c7\u00d5ES RELACIONADAS AO CONGELAMENTO DO S\u00caMEN EQUINO.<\/a><\/li>\n<p><\/br><\/p>\n<li><a href=\"http:\/\/pecnordeste.com.br\/2021\/wp-content\/uploads\/2021\/09\/SISTEMA-TRIPLE-DRIP-UTILIZADO-EM-MANUTENCAO-ANESTESICA-DE-HERNIORRAFIA-UMBILICAL-EM-POTRO-RELATO-DE-CASO.pdf\" target=\"_self\" rel=\"noopener\">SISTEMA TRIPLE DRIP UTILIZADO EM MANUTEN\u00c7\u00c3O ANEST\u00c9SICA DE HERNIORRAFIA UMBILICAL EM POTRO- RELATO DE CASO<\/a><\/li>\n<p><\/br><\/p>\n<li><a href=\"http:\/\/pecnordeste.com.br\/2021\/wp-content\/uploads\/2021\/09\/PREVALENCIA-DOS-CASOS-DE-MORMO-RAIVA-E-ANEMIA-INFECCIOSA-EQUINA-NA-REGIAO-NORDESTE-DURANTE-OS-ANOS-DE-2015-A-2019-1.pdf\" target=\"_self\" rel=\"noopener\">PREVAL\u00caNCIA DOS CASOS DE MORMO, RAIVA E ANEMIA INFECCIOSA  EQUINA NA REGI\u00c3O NORDESTE DURANTE OS ANOS DE 2015 A 2019<\/a><\/li>\n<p><\/br><\/p>\n<li><a href=\"http:\/\/pecnordeste.com.br\/2021\/wp-content\/uploads\/2021\/09\/ULCERA-GASTRICA-EM-EQUINO.pdf\" target=\"_self\" rel=\"noopener\">\u00daLCERA G\u00c1STRICA EM EQUINO<\/a><\/li>\n<p><\/br><\/p>\n","protected":false},"excerpt":{"rendered":"<p>PRINCIPAIS LIMITA\u00c7\u00d5ES RELACIONADAS AO CONGELAMENTO DO S\u00caMEN EQUINO. SISTEMA TRIPLE DRIP UTILIZADO EM MANUTEN\u00c7\u00c3O ANEST\u00c9SICA DE HERNIORRAFIA UMBILICAL EM POTRO-<\/p>\n","protected":false},"author":1,"featured_media":0,"parent":0,"menu_order":0,"comment_status":"closed","ping_status":"closed","template":"","meta":{"ngg_post_thumbnail":0,"footnotes":""},"class_list":["post-853","page","type-page","status-publish","hentry"],"_links":{"self":[{"href":"http:\/\/pecnordeste.com.br\/2021\/wp-json\/wp\/v2\/pages\/853","targetHints":{"allow":["GET"]}}],"collection":[{"href":"http:\/\/pecnordeste.com.br\/2021\/wp-json\/wp\/v2\/pages"}],"about":[{"href":"http:\/\/pecnordeste.com.br\/2021\/wp-json\/wp\/v2\/types\/page"}],"author":[{"embeddable":true,"href":"http:\/\/pecnordeste.com.br\/2021\/wp-json\/wp\/v2\/users\/1"}],"replies":[{"embeddable":true,"href":"http:\/\/pecnordeste.com.br\/2021\/wp-json\/wp\/v2\/comments?post=853"}],"version-history":[{"count":7,"href":"http:\/\/pecnordeste.com.br\/2021\/wp-json\/wp\/v2\/pages\/853\/revisions"}],"predecessor-version":[{"id":867,"href":"http:\/\/pecnordeste.com.br\/2021\/wp-json\/wp\/v2\/pages\/853\/revisions\/867"}],"wp:attachment":[{"href":"http:\/\/pecnordeste.com.br\/2021\/wp-json\/wp\/v2\/media?parent=853"}],"curies":[{"name":"wp","href":"https:\/\/api.w.org\/{rel}","templated":true}]}}