{"id":871,"date":"2021-09-14T17:10:46","date_gmt":"2021-09-14T20:10:46","guid":{"rendered":"http:\/\/pecnordeste.com.br\/2021\/?page_id=871"},"modified":"2021-09-14T17:15:08","modified_gmt":"2021-09-14T20:15:08","slug":"caprinovinocultura","status":"publish","type":"page","link":"http:\/\/pecnordeste.com.br\/2021\/caprinovinocultura\/","title":{"rendered":"CAPRINOVINOCULTURA"},"content":{"rendered":"<ul class=\"lista-simples\">\n<li><a href=\"http:\/\/pecnordeste.com.br\/2021\/wp-content\/uploads\/2021\/09\/SITUACAO-NO-MANEJO-DE-PEQUENOS-RUMINANTES-NA-REGIAO-NORTE-DO-CEARA-DURANTE-ANO-DA-PANDEMIA-CORONA-VIRUS-COVID-19.pdf\" target=\"_self\" rel=\"noopener\">SITUA\u00c7\u00c3O NO MANEJO DE PEQUENOS RUMINANTES NA REGI\u00c3O NORTE DO CEAR\u00c1 DURANTE ANO DA PANDEMIA CORONA V\u00cdRUS (COVID &#8211; 19)<\/a><\/li>\n<p><\/br><\/p>\n<li><a href=\"http:\/\/pecnordeste.com.br\/2021\/wp-content\/uploads\/2021\/09\/CONTROLE-DO-CICLO-ESTRAL-OVINO-SEM-A-UTILIZACAO-DA-GONADOTROFINA-CORIONICA-EQUINA.pdf\" target=\"_self\" rel=\"noopener\">CONTROLE DO CICLO ESTRAL OVINO SEM A UTILIZA\u00c7\u00c3O DA GONADOTROFINA CORI\u00d4NICA EQUINA<\/a><\/li>\n<p><\/br><\/p>\n<li><a href=\"http:\/\/pecnordeste.com.br\/2021\/wp-content\/uploads\/2021\/09\/CONDICOES-DE-ACESSO-DIGITAL-POR-AGROPECUARISTAS-NA-REGIAO-NORTE-DO-CEARA-DURANTE-ANO-DE-PANDEMIA-CORONAVIRUS-COVID-19.pdf\" target=\"_self\" rel=\"noopener\">CONDI\u00c7\u00d5ES DE ACESSO DIGITAL POR AGROPECUARISTAS NA REGI\u00c3O NORTE DO CEAR\u00c1 DURANTE ANO DE PANDEMIA CORONAV\u00cdRUS (COVID-19)<\/a><\/li>\n<p><\/br><\/p>\n","protected":false},"excerpt":{"rendered":"<p>SITUA\u00c7\u00c3O NO MANEJO DE PEQUENOS RUMINANTES NA REGI\u00c3O NORTE DO CEAR\u00c1 DURANTE ANO DA PANDEMIA CORONA V\u00cdRUS (COVID &#8211; 19)<\/p>\n","protected":false},"author":1,"featured_media":0,"parent":0,"menu_order":0,"comment_status":"closed","ping_status":"closed","template":"","meta":{"ngg_post_thumbnail":0,"footnotes":""},"class_list":["post-871","page","type-page","status-publish","hentry"],"_links":{"self":[{"href":"http:\/\/pecnordeste.com.br\/2021\/wp-json\/wp\/v2\/pages\/871","targetHints":{"allow":["GET"]}}],"collection":[{"href":"http:\/\/pecnordeste.com.br\/2021\/wp-json\/wp\/v2\/pages"}],"about":[{"href":"http:\/\/pecnordeste.com.br\/2021\/wp-json\/wp\/v2\/types\/page"}],"author":[{"embeddable":true,"href":"http:\/\/pecnordeste.com.br\/2021\/wp-json\/wp\/v2\/users\/1"}],"replies":[{"embeddable":true,"href":"http:\/\/pecnordeste.com.br\/2021\/wp-json\/wp\/v2\/comments?post=871"}],"version-history":[{"count":4,"href":"http:\/\/pecnordeste.com.br\/2021\/wp-json\/wp\/v2\/pages\/871\/revisions"}],"predecessor-version":[{"id":877,"href":"http:\/\/pecnordeste.com.br\/2021\/wp-json\/wp\/v2\/pages\/871\/revisions\/877"}],"wp:attachment":[{"href":"http:\/\/pecnordeste.com.br\/2021\/wp-json\/wp\/v2\/media?parent=871"}],"curies":[{"name":"wp","href":"https:\/\/api.w.org\/{rel}","templated":true}]}}