{"id":885,"date":"2021-09-14T17:23:34","date_gmt":"2021-09-14T20:23:34","guid":{"rendered":"http:\/\/pecnordeste.com.br\/2021\/?page_id=885"},"modified":"2021-09-14T17:29:22","modified_gmt":"2021-09-14T20:29:22","slug":"suinocultura","status":"publish","type":"page","link":"http:\/\/pecnordeste.com.br\/2021\/suinocultura\/","title":{"rendered":"SUINOCULTURA"},"content":{"rendered":"<ul class=\"lista-simples\">\n<li><a href=\"http:\/\/pecnordeste.com.br\/2021\/wp-content\/uploads\/2021\/09\/INFLUENCIA-DA-SUPLEMENTACAO-DE-ENZIMAS-EXOGENAS-NO-DESEMPENHO-DE-SUINOS-EM-DIFERENTES-ESTAGIOS-DE-DESENVOLVIMENTO.pdf\" target=\"_self\" rel=\"noopener\">INFLU\u00caNCIA DA SUPLEMENTA\u00c7\u00c3O DE ENZIMAS EX\u00d3GENAS NO DESEMPENHO DE SU\u00cdNOS EM DIFERENTES EST\u00c1GIOS DE DESENVOLVIMENTO<\/a><\/li>\n<p><\/br><\/p>\n<li><a href=\"http:\/\/pecnordeste.com.br\/2021\/wp-content\/uploads\/2021\/09\/FREQUENCIA-DE-CONTAMINACAO-EM-CARCACAS-DE-SUINOS-EM-ABATEDOUROS-SOB-INSPECAO-FEDERAL-EM-2017-NO-BRASIL.pdf\" target=\"_self\" rel=\"noopener\">FREQU\u00caNCIA DE CONTAMINA\u00c7\u00c3O EM CARCA\u00c7AS DE SU\u00cdNOS EM ABATEDOUROS SOB INSPE\u00c7\u00c3O FEDERAL EM 2017 NO BRASIL<\/a><\/li>\n<p><\/br><\/p>\n<li><a href=\"http:\/\/pecnordeste.com.br\/2021\/wp-content\/uploads\/2021\/09\/POTENCIAL-DE-GERACAO-DE-BIOGAS-DE-DEJETOS-DA-SUINOCULTURA-ATRAVES-DO-USO-DO-BIODIGESTOR-HOMEBIOGAS.pdf\" target=\"_self\" rel=\"noopener\">POTENCIAL DE GERA\u00c7\u00c3O DE BIOG\u00c1S DE DEJETOS DA SUINOCULTURA ATRAV\u00c9S DO USO DO BIODIGESTOR HOMEBIOGAS<\/a><\/li>\n<p><\/br><\/p>\n<li><a href=\"http:\/\/pecnordeste.com.br\/2021\/wp-content\/uploads\/2021\/09\/ESTIMATIVAS-MORFOMETRICAS-DE-LEITOES-NA-EQUALIZACAO-PARA-PESO-AO-DESMAME.pdf\" target=\"_self\" rel=\"noopener\">ESTIMATIVAS MORFOM\u00c9TRICAS DE LEIT\u00d5ES NA EQUALIZA\u00c7\u00c3O PARA PESO AO DESMAME<\/a><\/li>\n<p><\/br><\/p>\n<li><a href=\"http:\/\/pecnordeste.com.br\/2021\/wp-content\/uploads\/2021\/09\/UTILIZACAO-DA-BETAINA-EM-DIETAS-PARA-SUINOS.pdf\" target=\"_self\" rel=\"noopener\">UTILIZA\u00c7\u00c3O DA BETA\u00cdNA EM DIETAS PARA SU\u00cdNOS<\/a><\/li>\n<p><\/br><\/p>\n","protected":false},"excerpt":{"rendered":"<p>INFLU\u00caNCIA DA SUPLEMENTA\u00c7\u00c3O DE ENZIMAS EX\u00d3GENAS NO DESEMPENHO DE SU\u00cdNOS EM DIFERENTES EST\u00c1GIOS DE DESENVOLVIMENTO FREQU\u00caNCIA DE CONTAMINA\u00c7\u00c3O EM CARCA\u00c7AS<\/p>\n","protected":false},"author":1,"featured_media":0,"parent":0,"menu_order":0,"comment_status":"closed","ping_status":"closed","template":"","meta":{"ngg_post_thumbnail":0,"footnotes":""},"class_list":["post-885","page","type-page","status-publish","hentry"],"_links":{"self":[{"href":"http:\/\/pecnordeste.com.br\/2021\/wp-json\/wp\/v2\/pages\/885","targetHints":{"allow":["GET"]}}],"collection":[{"href":"http:\/\/pecnordeste.com.br\/2021\/wp-json\/wp\/v2\/pages"}],"about":[{"href":"http:\/\/pecnordeste.com.br\/2021\/wp-json\/wp\/v2\/types\/page"}],"author":[{"embeddable":true,"href":"http:\/\/pecnordeste.com.br\/2021\/wp-json\/wp\/v2\/users\/1"}],"replies":[{"embeddable":true,"href":"http:\/\/pecnordeste.com.br\/2021\/wp-json\/wp\/v2\/comments?post=885"}],"version-history":[{"count":3,"href":"http:\/\/pecnordeste.com.br\/2021\/wp-json\/wp\/v2\/pages\/885\/revisions"}],"predecessor-version":[{"id":892,"href":"http:\/\/pecnordeste.com.br\/2021\/wp-json\/wp\/v2\/pages\/885\/revisions\/892"}],"wp:attachment":[{"href":"http:\/\/pecnordeste.com.br\/2021\/wp-json\/wp\/v2\/media?parent=885"}],"curies":[{"name":"wp","href":"https:\/\/api.w.org\/{rel}","templated":true}]}}