{"id":898,"date":"2021-09-14T17:37:19","date_gmt":"2021-09-14T20:37:19","guid":{"rendered":"http:\/\/pecnordeste.com.br\/2021\/?page_id=898"},"modified":"2021-09-14T17:42:21","modified_gmt":"2021-09-14T20:42:21","slug":"agroindustria-2","status":"publish","type":"page","link":"http:\/\/pecnordeste.com.br\/2021\/agroindustria-2\/","title":{"rendered":"AGROIND\u00daSTRIA"},"content":{"rendered":"<ul class=\"lista-simples\">\n<li><a href=\"http:\/\/pecnordeste.com.br\/2021\/wp-content\/uploads\/2021\/09\/BENEFICIOS-DO-USO-DE-INGREDIENTES-GENETICAMENTE-MODIFICADAS-NA-ALIMENTACAO-DE-ANIMAIS-DE-PRODUCAO.pdf\" target=\"_self\" rel=\"noopener\">BENEF\u00cdCIOS DO USO DE INGREDIENTES GENETICAMENTE MODIFICADAS NA ALIMENTA\u00c7\u00c3O DE ANIMAIS DE PRODU\u00c7\u00c3O<\/a><\/li>\n<p><\/br><\/p>\n<li><a href=\"http:\/\/pecnordeste.com.br\/2021\/wp-content\/uploads\/2021\/09\/RESIDUOS-DE-INCUBACAO-COMO-FONTE-ENERGETICA-E-DE-RENDA-NA-AGROINDUSTRIA.pdf\" target=\"_self\" rel=\"noopener\">RES\u00cdDUOS DE INCUBA\u00c7\u00c3O COMO FONTE ENERG\u00c9TICA E DE RENDA NA AGROIND\u00daSTRIA<\/a><\/li>\n<p><\/br><\/p>\n<li><a href=\"http:\/\/pecnordeste.com.br\/2021\/wp-content\/uploads\/2021\/09\/UTILIZACAO-DE-RESIDUOS-PROVENIENTES-DAS-INDUSTRIAS-DE-PRODUTOS-DE-ORIGEM-ANIMAL.pdf\" target=\"_self\" rel=\"noopener\">UTILIZA\u00c7\u00c3O DE RES\u00cdDUOS PROVENIENTES DAS IND\u00daSTRIAS DE PRODUTOS DE ORIGEM ANIMAL<\/a><\/li>\n<p><\/br><\/p>\n<li><a href=\"http:\/\/pecnordeste.com.br\/2021\/wp-content\/uploads\/2021\/09\/SUSCETIBILIDADE-DA-PALMA-FORRAGEIRA-A-MELOIDOGYNE-ARENARIA-E-M.-ENTEROLOBII.pdf\" target=\"_self\" rel=\"noopener\">SUSCETIBILIDADE DA PALMA FORRAGEIRA A MELOIDOGYNE ARENARIA E M. ENTEROLOBII<\/a><\/li>\n<p><\/br><\/p>\n<li><a href=\"http:\/\/pecnordeste.com.br\/2021\/wp-content\/uploads\/2021\/09\/SAZONALIDADE-DE-PRECOS-DE-FRUTIFERAS-USADAS-NA-AGROINDUSTRIA-DE-SUCOS-POLPAS-E-DOCES-NO-ESTADO-DO-CEARA.pdf\" target=\"_self\" rel=\"noopener\">SAZONALIDADE DE PRE\u00c7OS DE FRUT\u00cdFERAS USADAS NA AGROINDUSTRIA DE SUCOS, POLPAS E DOCES NO ESTADO DO CEAR\u00c1<\/a><\/li>\n<p><\/br><\/p>\n","protected":false},"excerpt":{"rendered":"<p>BENEF\u00cdCIOS DO USO DE INGREDIENTES GENETICAMENTE MODIFICADAS NA ALIMENTA\u00c7\u00c3O DE ANIMAIS DE PRODU\u00c7\u00c3O RES\u00cdDUOS DE INCUBA\u00c7\u00c3O COMO FONTE ENERG\u00c9TICA E<\/p>\n","protected":false},"author":1,"featured_media":0,"parent":0,"menu_order":0,"comment_status":"closed","ping_status":"closed","template":"","meta":{"ngg_post_thumbnail":0,"footnotes":""},"class_list":["post-898","page","type-page","status-publish","hentry"],"_links":{"self":[{"href":"http:\/\/pecnordeste.com.br\/2021\/wp-json\/wp\/v2\/pages\/898","targetHints":{"allow":["GET"]}}],"collection":[{"href":"http:\/\/pecnordeste.com.br\/2021\/wp-json\/wp\/v2\/pages"}],"about":[{"href":"http:\/\/pecnordeste.com.br\/2021\/wp-json\/wp\/v2\/types\/page"}],"author":[{"embeddable":true,"href":"http:\/\/pecnordeste.com.br\/2021\/wp-json\/wp\/v2\/users\/1"}],"replies":[{"embeddable":true,"href":"http:\/\/pecnordeste.com.br\/2021\/wp-json\/wp\/v2\/comments?post=898"}],"version-history":[{"count":3,"href":"http:\/\/pecnordeste.com.br\/2021\/wp-json\/wp\/v2\/pages\/898\/revisions"}],"predecessor-version":[{"id":903,"href":"http:\/\/pecnordeste.com.br\/2021\/wp-json\/wp\/v2\/pages\/898\/revisions\/903"}],"wp:attachment":[{"href":"http:\/\/pecnordeste.com.br\/2021\/wp-json\/wp\/v2\/media?parent=898"}],"curies":[{"name":"wp","href":"https:\/\/api.w.org\/{rel}","templated":true}]}}