{"id":908,"date":"2021-09-14T17:54:44","date_gmt":"2021-09-14T20:54:44","guid":{"rendered":"http:\/\/pecnordeste.com.br\/2021\/?page_id=908"},"modified":"2021-09-14T18:15:05","modified_gmt":"2021-09-14T21:15:05","slug":"bovinocultura-2","status":"publish","type":"page","link":"http:\/\/pecnordeste.com.br\/2021\/bovinocultura-2\/","title":{"rendered":"BOVINOCULTURA"},"content":{"rendered":"<ul class=\"lista-simples\">\n<li><a href=\"http:\/\/pecnordeste.com.br\/2021\/wp-content\/uploads\/2021\/09\/ANALISE-DOS-CUSTOS-DE-PRODUCAO-E-EFICIENCIA-ECONOMICA-DA-ATIVIDADE-LEITEIRA-NO-MUNICIPIO-DE-SAO-BENTO-DO-UNA-PE.pdf\" target=\"_self\" rel=\"noopener\">AN\u00c1LISE DOS CUSTOS DE PRODU\u00c7\u00c3O E EFICI\u00caNCIA ECON\u00d4MICA DA ATIVIDADE LEITEIRA NO MUNIC\u00cdPIO DE S\u00c3O BENTO DO UNA &#8211; PE<\/a><\/li>\n<p><\/br><\/p>\n<li><a href=\"http:\/\/pecnordeste.com.br\/2021\/wp-content\/uploads\/2021\/09\/INDUCAO-A-PUBERDADE-EM-NOVILHAS-DE-CORTE-UTILIZANDO-PROGESTERONA-INJETAVEL.pdf\" target=\"_self\" rel=\"noopener\">INDU\u00c7\u00c3O \u00c0 PUBERDADE EM NOVILHAS DE CORTE UTILIZANDO PROGESTERONA INJET\u00c1VEL<\/a><\/li>\n<p><\/br><\/p>\n<li><a href=\"http:\/\/pecnordeste.com.br\/2021\/wp-content\/uploads\/2021\/09\/INDIGESTAO-VAGAL-EM-BOVINO-RELATO-DE-CASO.pdf\" target=\"_self\" rel=\"noopener\">INDIGEST\u00c3O VAGAL EM BOVINO &#8211; RELATO DE CASO<\/a><\/li>\n<p><\/br><\/p>\n<li><a href=\"http:\/\/pecnordeste.com.br\/2021\/wp-content\/uploads\/2021\/09\/RELACAO-ENTRE-A-NUTRICAO-E-INDICES-REPRODUTIVOS-DE-VACAS-DE-CORTE.pdf\" target=\"_self\" rel=\"noopener\">RELA\u00c7\u00c3O ENTRE A NUTRI\u00c7\u00c3O E \u00cdNDICES REPRODUTIVOS DE VACAS DE CORTE<\/a><\/li>\n<p><\/br><\/p>\n<li><a href=\"http:\/\/pecnordeste.com.br\/2021\/wp-content\/uploads\/2021\/09\/AVALIACAO-DOS-METODOS-DE-FORMULACAO-DE-RACAO-NA-BOVINOCULTURA-UMA-REVISAO.pdf\" target=\"_self\" rel=\"noopener\">AVALIA\u00c7\u00c3O DOS M\u00c9TODOS DE FORMULA\u00c7\u00c3O DE RA\u00c7\u00c3O NA BOVINOCULTURA &#8211; UMA REVIS\u00c3O<\/a><\/li>\n<p><\/br><\/p>\n<li><a href=\"http:\/\/pecnordeste.com.br\/2021\/wp-content\/uploads\/2021\/09\/PRIMEIRA-PRENHEZ-CONFIRMADA-A-PARTIR-DE-SUPEROVULACAO-SEGUIDA-DE-TE-EM-VACA-SINDI-NO-CEARA.pdf\" target=\"_self\" rel=\"noopener\">PRIMEIRA PRENHEZ CONFIRMADA A PARTIR DE SUPEROVULA\u00c7\u00c3O SEGUIDA DE TE EM VACA SINDI NO CEAR\u00c1<\/a><\/li>\n<p><\/br><\/p>\n<li><a href=\"http:\/\/pecnordeste.com.br\/2021\/wp-content\/uploads\/2021\/09\/CONFORTO-TERMICO-DE-INSTALACOES-PARA-BOVINOS-E-BUBALINOS-DURANTE-EXPOSICAO-AGROPECUARIA-EM-CLIMA-TROPICAL-SEMIUMIDO.pdf\" target=\"_self\" rel=\"noopener\">CONFORTO T\u00c9RMICO DE INSTALA\u00c7\u00d5ES PARA BOVINOS E BUBALINOS DURANTE EXPOSI\u00c7\u00c3O AGROPECU\u00c1RIA EM CLIMA TROPICAL SEMI\u00daMIDO<\/a><\/li>\n<p><\/br><\/p>\n<li><a href=\"http:\/\/pecnordeste.com.br\/2021\/wp-content\/uploads\/2021\/09\/IDENTIFICACAO-DO-STAPHYLOCOCCUS-AUREUS-AGENTE-CAUSADOR-DA-MASTITE-EM-BOVINOS.pdf\" target=\"_self\" rel=\"noopener\">IDENTIFICA\u00c7\u00c3O DO STAPHYLOCOCCUS AUREUS, AGENTE CAUSADOR DA MASTITE EM BOVINOS<\/a><\/li>\n<p><\/br><\/p>\n","protected":false},"excerpt":{"rendered":"<p>AN\u00c1LISE DOS CUSTOS DE PRODU\u00c7\u00c3O E EFICI\u00caNCIA ECON\u00d4MICA DA ATIVIDADE LEITEIRA NO MUNIC\u00cdPIO DE S\u00c3O BENTO DO UNA &#8211; PE<\/p>\n","protected":false},"author":1,"featured_media":0,"parent":0,"menu_order":0,"comment_status":"closed","ping_status":"closed","template":"","meta":{"ngg_post_thumbnail":0,"footnotes":""},"class_list":["post-908","page","type-page","status-publish","hentry"],"_links":{"self":[{"href":"http:\/\/pecnordeste.com.br\/2021\/wp-json\/wp\/v2\/pages\/908","targetHints":{"allow":["GET"]}}],"collection":[{"href":"http:\/\/pecnordeste.com.br\/2021\/wp-json\/wp\/v2\/pages"}],"about":[{"href":"http:\/\/pecnordeste.com.br\/2021\/wp-json\/wp\/v2\/types\/page"}],"author":[{"embeddable":true,"href":"http:\/\/pecnordeste.com.br\/2021\/wp-json\/wp\/v2\/users\/1"}],"replies":[{"embeddable":true,"href":"http:\/\/pecnordeste.com.br\/2021\/wp-json\/wp\/v2\/comments?post=908"}],"version-history":[{"count":3,"href":"http:\/\/pecnordeste.com.br\/2021\/wp-json\/wp\/v2\/pages\/908\/revisions"}],"predecessor-version":[{"id":930,"href":"http:\/\/pecnordeste.com.br\/2021\/wp-json\/wp\/v2\/pages\/908\/revisions\/930"}],"wp:attachment":[{"href":"http:\/\/pecnordeste.com.br\/2021\/wp-json\/wp\/v2\/media?parent=908"}],"curies":[{"name":"wp","href":"https:\/\/api.w.org\/{rel}","templated":true}]}}