{"id":915,"date":"2021-09-14T17:58:41","date_gmt":"2021-09-14T20:58:41","guid":{"rendered":"http:\/\/pecnordeste.com.br\/2021\/?page_id=915"},"modified":"2021-09-14T18:17:59","modified_gmt":"2021-09-14T21:17:59","slug":"avicultura-2","status":"publish","type":"page","link":"http:\/\/pecnordeste.com.br\/2021\/avicultura-2\/","title":{"rendered":"AVICULTURA"},"content":{"rendered":"<ul class=\"lista-simples\">\n<li><a href=\"http:\/\/pecnordeste.com.br\/2021\/wp-content\/uploads\/2021\/09\/RENDIMENTO-DAS-VISCERAS-DE-FRANGOS-CAIPIRA-ALIMENTADOS-COM-DIETAS-CONTENDO-FARELO-DE-PALMA-FORRAGEIRA.pdf\" target=\"_self\" rel=\"noopener\">RENDIMENTO DAS V\u00cdSCERAS DE FRANGOS CAIPIRA ALIMENTADOS COM DIETAS CONTENDO FARELO DE PALMA FORRAGEIRA<\/a><\/li>\n<p><\/br><\/p>\n<li><a href=\"http:\/\/pecnordeste.com.br\/2021\/wp-content\/uploads\/2021\/09\/ATIVIDADE-ANTIMICROBIANA-DO-COBRE-APLICADO-EM-BANDEJAS-DE-ECLOSAO-DE-INCUBATORIOS-AVICOLAS.pdf\" target=\"_self\" rel=\"noopener\">ATIVIDADE ANTIMICROBIANA DO COBRE APLICADO EM BANDEJAS DE ECLOS\u00c3O DE INCUBAT\u00d3RIOS AV\u00cdCOLAS<\/a><\/li>\n<p><\/br><\/p>\n<li><a href=\"http:\/\/pecnordeste.com.br\/2021\/wp-content\/uploads\/2021\/09\/LEVANTAMENTO-DE-DADOS-SOBRE-OS-CASOS-DA-DOENCA-DE-NEWCASTLE-EM-AVES-INDUSTRIAIS-NO-BRASIL.pdf\" target=\"_self\" rel=\"noopener\">LEVANTAMENTO DE DADOS SOBRE OS CASOS DA DOEN\u00c7A DE NEWCASTLE EM AVES INDUSTRIAIS NO BRASIL<\/a><\/li>\n<p><\/br><\/p>\n<li><a href=\"http:\/\/pecnordeste.com.br\/2021\/wp-content\/uploads\/2021\/09\/CARACTERISTICAS-OSSEAS-DE-FEMURES-DE-FRANGAS-DE-REPOSICAO-ALIMENTADAS-COM-ADITIVOS-NATURAIS.pdf\" target=\"_self\" rel=\"noopener\">CARACTER\u00cdSTICAS \u00d3SSEAS DE F\u00caMURES DE FRANGAS DE REPOSI\u00c7\u00c3O ALIMENTADAS COM ADITIVOS NATURAIS<\/a><\/li>\n<p><\/br><\/p>\n<li><a href=\"http:\/\/pecnordeste.com.br\/2021\/wp-content\/uploads\/2021\/09\/SALMONELOSE-EM-CRIACOES-AVICOLAS-NAO-TECNIFICADAS.pdf\" target=\"_self\" rel=\"noopener\">SALMONELOSE EM CRIA\u00c7\u00d5ES AV\u00cdCOLAS N\u00c3O TECNIFICADAS<\/a><\/li>\n<p><\/br><\/p>\n","protected":false},"excerpt":{"rendered":"<p>RENDIMENTO DAS V\u00cdSCERAS DE FRANGOS CAIPIRA ALIMENTADOS COM DIETAS CONTENDO FARELO DE PALMA FORRAGEIRA ATIVIDADE ANTIMICROBIANA DO COBRE APLICADO EM<\/p>\n","protected":false},"author":1,"featured_media":0,"parent":0,"menu_order":0,"comment_status":"closed","ping_status":"closed","template":"","meta":{"ngg_post_thumbnail":0,"footnotes":""},"class_list":["post-915","page","type-page","status-publish","hentry"],"_links":{"self":[{"href":"http:\/\/pecnordeste.com.br\/2021\/wp-json\/wp\/v2\/pages\/915","targetHints":{"allow":["GET"]}}],"collection":[{"href":"http:\/\/pecnordeste.com.br\/2021\/wp-json\/wp\/v2\/pages"}],"about":[{"href":"http:\/\/pecnordeste.com.br\/2021\/wp-json\/wp\/v2\/types\/page"}],"author":[{"embeddable":true,"href":"http:\/\/pecnordeste.com.br\/2021\/wp-json\/wp\/v2\/users\/1"}],"replies":[{"embeddable":true,"href":"http:\/\/pecnordeste.com.br\/2021\/wp-json\/wp\/v2\/comments?post=915"}],"version-history":[{"count":5,"href":"http:\/\/pecnordeste.com.br\/2021\/wp-json\/wp\/v2\/pages\/915\/revisions"}],"predecessor-version":[{"id":932,"href":"http:\/\/pecnordeste.com.br\/2021\/wp-json\/wp\/v2\/pages\/915\/revisions\/932"}],"wp:attachment":[{"href":"http:\/\/pecnordeste.com.br\/2021\/wp-json\/wp\/v2\/media?parent=915"}],"curies":[{"name":"wp","href":"https:\/\/api.w.org\/{rel}","templated":true}]}}