{"id":937,"date":"2021-09-14T18:23:18","date_gmt":"2021-09-14T21:23:18","guid":{"rendered":"http:\/\/pecnordeste.com.br\/2021\/?page_id=937"},"modified":"2021-09-14T18:23:18","modified_gmt":"2021-09-14T21:23:18","slug":"futicultura","status":"publish","type":"page","link":"http:\/\/pecnordeste.com.br\/2021\/futicultura\/","title":{"rendered":"FUTICULTURA"},"content":{"rendered":"<ul class=\"lista-simples\">\n<li><a href=\"http:\/\/pecnordeste.com.br\/2021\/wp-content\/uploads\/2021\/09\/CACTODERA-CACTI-UMA-POTENCIAL-AMEACA-A-CULTURA-DA-PITAYA-NO-CEARA.pdf\" target=\"_self\" rel=\"noopener\">CACTODERA CACTI UMA POTENCIAL AMEA\u00c7A \u00c0 CULTURA DA PITAYA NO CEAR\u00c1<\/a><\/li>\n<p><\/br><\/p>\n<li><a href=\"http:\/\/pecnordeste.com.br\/2021\/wp-content\/uploads\/2021\/09\/FITONEMATOIDES-EM-ESPECIES-FRUTIFERAS-NO-NORDESTE-BRASILEIRO-UMA-REVISAO.pdf\" target=\"_self\" rel=\"noopener\">FITONEMATOIDES EM ESP\u00c9CIES FRUT\u00cdFERAS NO NORDESTE BRASILEIRO &#8211; UMA REVIS\u00c3O<\/a><\/li>\n<p><\/br><\/p>\n<li><a href=\"http:\/\/pecnordeste.com.br\/2021\/wp-content\/uploads\/2021\/09\/PERFIL-SOCIOECONOMICO-DOS-PRODUTORES-DE-ACEROLA-ORGANICA-DO-MUNICIPIO-DE-SOBRADINHO-BA.pdf\" target=\"_self\" rel=\"noopener\">PERFIL SOCIOECON\u00d4MICO DOS PRODUTORES DE ACEROLA ORG\u00c2NICA DO MUNIC\u00cdPIO DE SOBRADINHO &#8211; BA<\/a><\/li>\n<p><\/br><\/p>\n","protected":false},"excerpt":{"rendered":"<p>CACTODERA CACTI UMA POTENCIAL AMEA\u00c7A \u00c0 CULTURA DA PITAYA NO CEAR\u00c1 FITONEMATOIDES EM ESP\u00c9CIES FRUT\u00cdFERAS NO NORDESTE BRASILEIRO &#8211; UMA<\/p>\n","protected":false},"author":1,"featured_media":0,"parent":0,"menu_order":0,"comment_status":"closed","ping_status":"closed","template":"","meta":{"ngg_post_thumbnail":0,"footnotes":""},"class_list":["post-937","page","type-page","status-publish","hentry"],"_links":{"self":[{"href":"http:\/\/pecnordeste.com.br\/2021\/wp-json\/wp\/v2\/pages\/937","targetHints":{"allow":["GET"]}}],"collection":[{"href":"http:\/\/pecnordeste.com.br\/2021\/wp-json\/wp\/v2\/pages"}],"about":[{"href":"http:\/\/pecnordeste.com.br\/2021\/wp-json\/wp\/v2\/types\/page"}],"author":[{"embeddable":true,"href":"http:\/\/pecnordeste.com.br\/2021\/wp-json\/wp\/v2\/users\/1"}],"replies":[{"embeddable":true,"href":"http:\/\/pecnordeste.com.br\/2021\/wp-json\/wp\/v2\/comments?post=937"}],"version-history":[{"count":1,"href":"http:\/\/pecnordeste.com.br\/2021\/wp-json\/wp\/v2\/pages\/937\/revisions"}],"predecessor-version":[{"id":939,"href":"http:\/\/pecnordeste.com.br\/2021\/wp-json\/wp\/v2\/pages\/937\/revisions\/939"}],"wp:attachment":[{"href":"http:\/\/pecnordeste.com.br\/2021\/wp-json\/wp\/v2\/media?parent=937"}],"curies":[{"name":"wp","href":"https:\/\/api.w.org\/{rel}","templated":true}]}}