{"id":988,"date":"2021-11-03T15:12:19","date_gmt":"2021-11-03T18:12:19","guid":{"rendered":"http:\/\/pecnordeste.com.br\/2021\/?page_id=988"},"modified":"2021-11-03T15:12:19","modified_gmt":"2021-11-03T18:12:19","slug":"certificados-dia-8","status":"publish","type":"page","link":"http:\/\/pecnordeste.com.br\/2021\/trabalhos-cientificos\/certificados-dia-8\/","title":{"rendered":"Certificados &#8211; Dia 8"},"content":{"rendered":"<ul>\n<li>\n<pre><a href=\"http:\/\/pecnordeste.com.br\/2021\/wp-content\/uploads\/2021\/11\/PREFERENCIA-DA-ABELHA-AFRICANIZADA-Apis-mellifera-POR-DIFERENTES-SABORES-DE-SUCOS-NA-ALIMENTACAO-ARTIFICIAL.pdf\">PREFER\u00caNCIA DA ABELHA AFRICANIZADA (Apis mellifera) POR DIFERENTES SABORES DE SUCOS NA ALIMENTA\u00c7\u00c3O ARTIFICIAL<\/a><\/pre>\n<\/li>\n<li>\n<pre><a href=\"http:\/\/pecnordeste.com.br\/2021\/wp-content\/uploads\/2021\/11\/UTILIZACAO-DO-METODO-DE-INDICE-DE-QUALIDADE-MIQ-PARA-DETERMINACAO-DO-GRAU-DE-FRESCOR-DE-TILAPIA-Oreochromis-niloticus-INTEIRA-NAO-EVISCERADA-ESTOCADA-EM-GELO.pdf\">UTILIZA\u00c7\u00c3O DO M\u00c9TODO DE \u00cdNDICE DE QUALIDADE (MIQ) PARA DETERMINA\u00c7\u00c3O DO GRAU DE FRESCOR DE TIL\u00c1PIA (Oreochromis niloticus) INTEIRA N\u00c3O EVISCERADA, ESTOCADA EM GELO<\/a><\/pre>\n<\/li>\n<li>\n<pre><a href=\"http:\/\/pecnordeste.com.br\/2021\/wp-content\/uploads\/2021\/11\/AVALIACAO-DO-DESEMPENHO-ZOOTECNICO-DO-CAMARAO-MARINHO-Litopenaeus-vannamei-SOB-CONDICAO-DE-PRODUCAO-COMERCIAL-EM-POLICULTIVO-COM-A-TILAPIA-DO-NILO-Oreochromis-nilo.pdf\">AVALIA\u00c7\u00c3O DO DESEMPENHO ZOOT\u00c9CNICO DO CAMAR\u00c3O MARINHO (Litopenaeus vannamei) SOB CONDI\u00c7\u00c3O DE PRODU\u00c7\u00c3O COMERCIAL EM POLICULTIVO COM A TIL\u00c1PIA DO NILO (Oreochromis nilo<\/a><\/pre>\n<\/li>\n<li>\n<pre><a href=\"http:\/\/pecnordeste.com.br\/2021\/wp-content\/uploads\/2021\/11\/PANORAMA-DA-PISCICULTURA-NO-MUNICIPIO-DE-HUMAITA-AMAZONAS.pdf\">PANORAMA DA PISCICULTURA NO MUNIC\u00cdPIO DE HUMAIT\u00c1 AMAZONAS<\/a><\/pre>\n<\/li>\n<li>\n<pre><a href=\"http:\/\/pecnordeste.com.br\/2021\/wp-content\/uploads\/2021\/11\/ANALISE-DA-SOBREVIVENCIA-DE-POS-LARVAS-DE-CAMARAO-SUBMETIDAS-A-DIFERENTES-FONTES-DE-AGUA.pdf\">AN\u00c1LISE DA SOBREVIVENCIA DE P\u00d3S-LARVAS DE CAMAR\u00c3O SUBMETIDAS A DIFERENTES FONTES DE \u00c1GUA<\/a><\/pre>\n<\/li>\n<li>\n<pre><a href=\"http:\/\/pecnordeste.com.br\/2021\/wp-content\/uploads\/2021\/11\/PRINCIPAIS-LIMITACOES-RELACIONADAS-AO-CONGELAMENTO-DO-SEMEN-EQUINO..pdf\">PRINCIPAIS LIMITA\u00c7\u00d5ES RELACIONADAS AO CONGELAMENTO DO S\u00caMEN EQUINO.<\/a><\/pre>\n<\/li>\n<li>\n<pre><a href=\"http:\/\/pecnordeste.com.br\/2021\/wp-content\/uploads\/2021\/11\/SISTEMA-TRIPLE-DRIP-UTILIZADO-EM-MANUTENCAO-ANESTESICA-DE-HERNIORRAFIA-UMBILICAL-EM-POTRO-RELATO-DE-CASO.pdf\">SISTEMA TRIPLE DRIP UTILIZADO EM MANUTEN\u00c7\u00c3O ANEST\u00c9SICA DE HERNIORRAFIA UMBILICAL EM POTRO- RELATO DE CASO<\/a><\/pre>\n<\/li>\n<li>\n<pre><a href=\"http:\/\/pecnordeste.com.br\/2021\/wp-content\/uploads\/2021\/11\/PREVALENCIA-DOS-CASOS-DE-MORMO-RAIVA-E-ANEMIA-INFECCIOSA-EQUINA-NA-REGIAO-NORDESTE-DURANTE-OS-ANOS-DE-2015-A-2019.pdf\">PREVAL\u00caNCIA DOS CASOS DE MORMO, RAIVA E ANEMIA INFECCIOSA EQUINA NA REGI\u00c3O NORDESTE DURANTE OS ANOS DE 2015 A 2019<\/a><\/pre>\n<\/li>\n<li>\n<pre><a href=\"http:\/\/pecnordeste.com.br\/2021\/wp-content\/uploads\/2021\/11\/ULCERA-GASTRICA-EM-EQUINO.pdf\">\u00daLCERA G\u00c1STRICA EM EQUINO<\/a><\/pre>\n<\/li>\n<\/ul>\n","protected":false},"excerpt":{"rendered":"<p>PREFER\u00caNCIA DA ABELHA AFRICANIZADA (Apis mellifera) POR DIFERENTES SABORES DE SUCOS NA ALIMENTA\u00c7\u00c3O ARTIFICIAL UTILIZA\u00c7\u00c3O DO M\u00c9TODO DE \u00cdNDICE DE<\/p>\n","protected":false},"author":1,"featured_media":0,"parent":74,"menu_order":0,"comment_status":"closed","ping_status":"closed","template":"","meta":{"ngg_post_thumbnail":0,"footnotes":""},"class_list":["post-988","page","type-page","status-publish","hentry"],"_links":{"self":[{"href":"http:\/\/pecnordeste.com.br\/2021\/wp-json\/wp\/v2\/pages\/988","targetHints":{"allow":["GET"]}}],"collection":[{"href":"http:\/\/pecnordeste.com.br\/2021\/wp-json\/wp\/v2\/pages"}],"about":[{"href":"http:\/\/pecnordeste.com.br\/2021\/wp-json\/wp\/v2\/types\/page"}],"author":[{"embeddable":true,"href":"http:\/\/pecnordeste.com.br\/2021\/wp-json\/wp\/v2\/users\/1"}],"replies":[{"embeddable":true,"href":"http:\/\/pecnordeste.com.br\/2021\/wp-json\/wp\/v2\/comments?post=988"}],"version-history":[{"count":1,"href":"http:\/\/pecnordeste.com.br\/2021\/wp-json\/wp\/v2\/pages\/988\/revisions"}],"predecessor-version":[{"id":989,"href":"http:\/\/pecnordeste.com.br\/2021\/wp-json\/wp\/v2\/pages\/988\/revisions\/989"}],"up":[{"embeddable":true,"href":"http:\/\/pecnordeste.com.br\/2021\/wp-json\/wp\/v2\/pages\/74"}],"wp:attachment":[{"href":"http:\/\/pecnordeste.com.br\/2021\/wp-json\/wp\/v2\/media?parent=988"}],"curies":[{"name":"wp","href":"https:\/\/api.w.org\/{rel}","templated":true}]}}