{"id":990,"date":"2021-11-03T15:14:22","date_gmt":"2021-11-03T18:14:22","guid":{"rendered":"http:\/\/pecnordeste.com.br\/2021\/?page_id=990"},"modified":"2021-11-03T15:14:22","modified_gmt":"2021-11-03T18:14:22","slug":"certificados-dia-9","status":"publish","type":"page","link":"http:\/\/pecnordeste.com.br\/2021\/trabalhos-cientificos\/certificados-dia-9\/","title":{"rendered":"Certificados &#8211; Dia 9"},"content":{"rendered":"<ul>\n<li>\n<pre><a href=\"http:\/\/pecnordeste.com.br\/2021\/wp-content\/uploads\/2021\/11\/BENEFICIOS-DO-USO-DE-INGREDIENTES-GENETICAMENTE-MODIFICADAS-NA-ALIMENTACAO-DE-ANIMAIS-DE-PRODUCAO.pdf\">BENEF\u00cdCIOS DO USO DE INGREDIENTES GENETICAMENTE MODIFICADAS NA ALIMENTA\u00c7\u00c3O DE ANIMAIS DE PRODU\u00c7\u00c3O<\/a><\/pre>\n<\/li>\n<li>\n<pre><a href=\"http:\/\/pecnordeste.com.br\/2021\/wp-content\/uploads\/2021\/11\/CONDICOES-DE-ACESSO-DIGITAL-POR-AGROPECUARISTAS-NA-REGIAO-NORTE-DO-CEARA-DURANTE-ANO-DE-PANDEMIA-CORONAVIRUS-COVID-19.pdf\">CONDI\u00c7\u00d5ES DE ACESSO DIGITAL POR AGROPECUARISTAS NA REGI\u00c3O NORTE DO CEAR\u00c1 DURANTE ANO DE PANDEMIA CORONAV\u00cdRUS (COVID-19)<\/a><\/pre>\n<\/li>\n<li>\n<pre><a href=\"http:\/\/pecnordeste.com.br\/2021\/wp-content\/uploads\/2021\/11\/CONTROLE-DO-CICLO-ESTRAL-OVINO-SEM-A-UTILIZACAO-DA-GONADOTROFINA-CORIONICA-EQUINA.pdf\">CONTROLE DO CICLO ESTRAL OVINO SEM A UTILIZA\u00c7\u00c3O DA GONADOTROFINA CORI\u00d4NICA EQUINA<\/a><\/pre>\n<\/li>\n<li>\n<pre><a href=\"http:\/\/pecnordeste.com.br\/2021\/wp-content\/uploads\/2021\/11\/ESTIMATIVAS-MORFOMETRICAS-DE-LEITOES-NA-EQUALIZACAO-PARA-PESO-AO-DESMAME.pdf\">ESTIMATIVAS MORFOM\u00c9TRICAS DE LEIT\u00d5ES NA EQUALIZA\u00c7\u00c3O PARA PESO AO DESMAME<\/a><\/pre>\n<\/li>\n<li>\n<pre><a href=\"http:\/\/pecnordeste.com.br\/2021\/wp-content\/uploads\/2021\/11\/FREQUENCIA-DE-CONTAMINACAO-EM-CARCACAS-DE-SUINOS-EM-ABATEDOUROS-SOB-INSPECAO-FEDERAL-EM-2017-NO-BRASIL.pdf\">FREQU\u00caNCIA DE CONTAMINA\u00c7\u00c3O EM CARCA\u00c7AS DE SU\u00cdNOS EM ABATEDOUROS SOB INSPE\u00c7\u00c3O FEDERAL EM 2017 NO BRASIL<\/a><\/pre>\n<\/li>\n<li>\n<pre><a href=\"http:\/\/pecnordeste.com.br\/2021\/wp-content\/uploads\/2021\/11\/INFLUENCIA-DA-SUPLEMENTACAO-DE-ENZIMAS-EXOGENAS-NO-DESEMPENHO-DE-SUINOS-EM-DIFERENTES-ESTAGIOS-DE-DESENVOLVIMENTO.pdf\">INFLU\u00caNCIA DA SUPLEMENTA\u00c7\u00c3O DE ENZIMAS EX\u00d3GENAS NO DESEMPENHO DE SU\u00cdNOS EM DIFERENTES EST\u00c1GIOS DE DESENVOLVIMENTO<\/a><\/pre>\n<\/li>\n<li>\n<pre><a href=\"http:\/\/pecnordeste.com.br\/2021\/wp-content\/uploads\/2021\/11\/POTENCIAL-DE-GERACAO-DE-BIOGAS-DE-DEJETOS-DA-SUINOCULTURA-ATRAVES-DO-USO-DO-BIODIGESTOR-HOMEBIOGAS.pdf\">POTENCIAL DE GERA\u00c7\u00c3O DE BIOG\u00c1S DE DEJETOS DA SUINOCULTURA ATRAV\u00c9S DO USO DO BIODIGESTOR HOMEBIOGAS<\/a><\/pre>\n<\/li>\n<li>\n<pre><a href=\"http:\/\/pecnordeste.com.br\/2021\/wp-content\/uploads\/2021\/11\/RESIDUOS-DE-INCUBACAO-COMO-FONTE-ENERGETICA-E-DE-RENDA-NA-AGROINDUSTRIA.pdf\">RES\u00cdDUOS DE INCUBA\u00c7\u00c3O COMO FONTE ENERG\u00c9TICA E DE RENDA NA AGROIND\u00daSTRIA<\/a><\/pre>\n<\/li>\n<li>\n<pre><a href=\"http:\/\/pecnordeste.com.br\/2021\/wp-content\/uploads\/2021\/11\/SAZONALIDADE-DE-PRECOS-DE-FRUTIFERAS-USADAS-NA-AGROINDUSTRIA-DE-SUCOS-POLPAS-E-DOCES-NO-ESTADO-DO-CEARA.pdf\">SAZONALIDADE DE PRE\u00c7OS DE FRUT\u00cdFERAS USADAS NA AGROINDUSTRIA DE SUCOS, POLPAS E DOCES NO ESTADO DO CEAR\u00c1<\/a><\/pre>\n<\/li>\n<li>\n<pre><a href=\"http:\/\/pecnordeste.com.br\/2021\/wp-content\/uploads\/2021\/11\/SITUACAO-NO-MANEJO-DE-PEQUENOS-RUMINANTES-NA-REGIAO-NORTE-DO-CEARA-DURANTE-ANO-DA-PANDEMIA-CORONA-VIRUS-COVID-19.pdf\">SITUA\u00c7\u00c3O NO MANEJO DE PEQUENOS RUMINANTES NA REGI\u00c3O NORTE DO CEAR\u00c1 DURANTE ANO DA PANDEMIA CORONA V\u00cdRUS (COVID - 19)<\/a><\/pre>\n<\/li>\n<li>\n<pre><a href=\"http:\/\/pecnordeste.com.br\/2021\/wp-content\/uploads\/2021\/11\/SUSCETIBILIDADE-DA-PALMA-FORRAGEIRA-A-MELOIDOGYNE-ARENARIA-E-M.-ENTEROLOBII.pdf\">SUSCETIBILIDADE DA PALMA FORRAGEIRA A MELOIDOGYNE ARENARIA E M. ENTEROLOBII<\/a><\/pre>\n<\/li>\n<li>\n<pre><a href=\"http:\/\/pecnordeste.com.br\/2021\/wp-content\/uploads\/2021\/11\/UTILIZACAO-DA-BETAINA-EM-DIETAS-PARA-SUINOS.pdf\">UTILIZA\u00c7\u00c3O DA BETA\u00cdNA EM DIETAS PARA SU\u00cdNOS<\/a><\/pre>\n<\/li>\n<li>\n<pre><a href=\"http:\/\/pecnordeste.com.br\/2021\/wp-content\/uploads\/2021\/11\/UTILIZACAO-DE-RESIDUOS-PROVENIENTES-DAS-INDUSTRIAS-DE-PRODUTOS-DE-ORIGEM-ANIMAL-NA-AGROINDUSTRIA-BRASILEIRA.pdf\">UTILIZA\u00c7\u00c3O DE RES\u00cdDUOS PROVENIENTES DAS IND\u00daSTRIAS DE PRODUTOS DE ORIGEM ANIMAL NA AGROIND\u00daSTRIA BRASILEIRA<\/a><\/pre>\n<\/li>\n<\/ul>\n","protected":false},"excerpt":{"rendered":"<p>BENEF\u00cdCIOS DO USO DE INGREDIENTES GENETICAMENTE MODIFICADAS NA ALIMENTA\u00c7\u00c3O DE ANIMAIS DE PRODU\u00c7\u00c3O CONDI\u00c7\u00d5ES DE ACESSO DIGITAL POR AGROPECUARISTAS NA<\/p>\n","protected":false},"author":1,"featured_media":0,"parent":74,"menu_order":0,"comment_status":"closed","ping_status":"closed","template":"","meta":{"ngg_post_thumbnail":0,"footnotes":""},"class_list":["post-990","page","type-page","status-publish","hentry"],"_links":{"self":[{"href":"http:\/\/pecnordeste.com.br\/2021\/wp-json\/wp\/v2\/pages\/990","targetHints":{"allow":["GET"]}}],"collection":[{"href":"http:\/\/pecnordeste.com.br\/2021\/wp-json\/wp\/v2\/pages"}],"about":[{"href":"http:\/\/pecnordeste.com.br\/2021\/wp-json\/wp\/v2\/types\/page"}],"author":[{"embeddable":true,"href":"http:\/\/pecnordeste.com.br\/2021\/wp-json\/wp\/v2\/users\/1"}],"replies":[{"embeddable":true,"href":"http:\/\/pecnordeste.com.br\/2021\/wp-json\/wp\/v2\/comments?post=990"}],"version-history":[{"count":1,"href":"http:\/\/pecnordeste.com.br\/2021\/wp-json\/wp\/v2\/pages\/990\/revisions"}],"predecessor-version":[{"id":1004,"href":"http:\/\/pecnordeste.com.br\/2021\/wp-json\/wp\/v2\/pages\/990\/revisions\/1004"}],"up":[{"embeddable":true,"href":"http:\/\/pecnordeste.com.br\/2021\/wp-json\/wp\/v2\/pages\/74"}],"wp:attachment":[{"href":"http:\/\/pecnordeste.com.br\/2021\/wp-json\/wp\/v2\/media?parent=990"}],"curies":[{"name":"wp","href":"https:\/\/api.w.org\/{rel}","templated":true}]}}