{"id":111,"date":"2022-03-15T07:55:11","date_gmt":"2022-03-15T10:55:11","guid":{"rendered":"http:\/\/pecnordeste.com.br\/2022\/?page_id=111"},"modified":"2022-04-07T14:52:13","modified_gmt":"2022-04-07T17:52:13","slug":"como-expor","status":"publish","type":"page","link":"http:\/\/pecnordeste.com.br\/2022\/feira\/como-expor\/","title":{"rendered":"Como Expor"},"content":{"rendered":"<p style=\"text-align: justify;\"><strong>PORQUE EXPOR NO PECNORDESTE 2022?<\/strong><\/p>\n<p style=\"text-align: justify;\">Participar do PECNORDESTE 2022 \u00e9 uma \u00f3tima oportunidade para construir e fortalecer a percep\u00e7\u00e3o da sua marca para os clientes potenciais, bem como lan\u00e7ar novidades em produtos e servi\u00e7os, atraindo a aten\u00e7\u00e3o do p\u00fablico alvo, dos visitantes e da m\u00eddia.<\/p>\n<p style=\"text-align: justify;\">Considerado um dos maiores eventos regional de Agropecu\u00e1ria, o PECNORDESTE ainda proporciona estes benef\u00edcios para a sua empresa no Evento e para todo o Cear\u00e1:<\/p>\n<p style=\"text-align: justify;\">\u2013 Expor e demonstrar as linhas de produtos e servi\u00e7os;<\/p>\n<p style=\"text-align: justify;\">\u2013 Ampliar o networking;<\/p>\n<p style=\"text-align: justify;\">\u2013 Desenvolver o marketing para milhares de consumidores profissionais;<\/p>\n<p style=\"text-align: justify;\">\u2013 Aumentar a fidelidade dos clientes cearenses;<\/p>\n<p style=\"text-align: justify;\">\u2013 Prospectar leads e novos clientes potenciais;<\/p>\n<p style=\"text-align: justify;\">\u2013 Aumentar a rede de relacionamento no setor.<\/p>\n<p style=\"text-align: justify;\"><strong>COMO TRAZER SUA MARCA PARA O PECNORDESTE 2022?<\/strong><\/p>\n<p style=\"text-align: justify;\"><iframe loading=\"lazy\" style=\"width: 800px; height: 600px;\" src=\"http:\/\/pecnordeste.com.br\/2022\/wp-content\/uploads\/2022\/04\/Lamina-Comercial-Final.pdf\" width=\"700\" height=\"930\" frameborder=\"0\"><span data-mce-type=\"bookmark\" style=\"display: inline-block; width: 0px; overflow: hidden; line-height: 0;\" class=\"mce_SELRES_start\">\ufeff<\/span><\/iframe><\/p>\n<p style=\"text-align: justify;\"><strong>Desejo receber informa\u00e7\u00f5es sobre como expor no PEC NORDESTE 2022<\/strong><\/p>\n<p style=\"text-align: justify;\"><div role=\"form\" class=\"wpcf7\" id=\"wpcf7-f112-o1\" lang=\"pt-BR\" dir=\"ltr\">\n<div class=\"screen-reader-response\"><p role=\"status\" aria-live=\"polite\" aria-atomic=\"true\"><\/p> <ul><\/ul><\/div>\n<form action=\"\/2022\/wp-json\/wp\/v2\/pages\/111#wpcf7-f112-o1\" method=\"post\" class=\"wpcf7-form init\" novalidate=\"novalidate\" data-status=\"init\">\n<div style=\"display: none;\">\n<input type=\"hidden\" name=\"_wpcf7\" value=\"112\" \/>\n<input type=\"hidden\" name=\"_wpcf7_version\" value=\"5.5.6\" \/>\n<input type=\"hidden\" name=\"_wpcf7_locale\" value=\"pt_BR\" \/>\n<input type=\"hidden\" name=\"_wpcf7_unit_tag\" value=\"wpcf7-f112-o1\" \/>\n<input type=\"hidden\" name=\"_wpcf7_container_post\" value=\"0\" \/>\n<input type=\"hidden\" name=\"_wpcf7_posted_data_hash\" value=\"\" \/>\n<\/div>\n<p span style=\"width:600px; background:#0D592B;padding:10px;color:#fff;\"<span class=\"wpcf7-form-control-wrap INFO\"><span class=\"wpcf7-form-control wpcf7-acceptance\"><span class=\"wpcf7-list-item\"><input type=\"checkbox\" name=\"INFO\" value=\"1\" aria-invalid=\"false\" checked=\"checked\" \/><\/span><\/span><\/span>Desejo receber informa\u00e7\u00f5es sobre como expor no PEC NORDESTE 2022 <\/p>\n<div style=\"width:550px; background:#E8F0D1;padding:10px;\">\n<p><label style=\"display: block; float: left; width: 150px;\">* Nome : <\/label><span class=\"wpcf7-form-control-wrap your-name\"><input type=\"text\" name=\"your-name\" value=\"\" size=\"40\" class=\"wpcf7-form-control wpcf7-text wpcf7-validates-as-required\" aria-required=\"true\" aria-invalid=\"false\" \/><\/span> <\/p>\n<p ><label  style=\"display: block; float: left; width: 150px;\">* Empresa:<\/label> <span class=\"wpcf7-form-control-wrap empresa\"><input type=\"text\" name=\"empresa\" value=\"\" size=\"40\" class=\"wpcf7-form-control wpcf7-text\" aria-invalid=\"false\" \/><\/span><\/p>\n<p><\/p>\n<p><label  style=\"display: block; float: left; width: 150px;\">* Cidade: <\/label> <span class=\"wpcf7-form-control-wrap cidade\"><input type=\"text\" name=\"cidade\" value=\"\" size=\"40\" class=\"wpcf7-form-control wpcf7-text wpcf7-validates-as-required\" aria-required=\"true\" aria-invalid=\"false\" \/><\/span><\/p>\n<p><\/p>\n<p><label  style=\"display: block; float: left; width: 150px;\">* Estado: <\/label> <span class=\"wpcf7-form-control-wrap estado\"><input type=\"text\" name=\"estado\" value=\"\" size=\"40\" class=\"wpcf7-form-control wpcf7-text wpcf7-validates-as-required\" aria-required=\"true\" aria-invalid=\"false\" \/><\/span><\/p>\n<p><\/p>\n<p><label  style=\"display: block; float: left; width: 150px;\">* Fone:<\/label> <span class=\"wpcf7-form-control-wrap fone\"><input type=\"text\" name=\"fone\" value=\"\" size=\"40\" class=\"wpcf7-form-control wpcf7-text wpcf7-validates-as-required\" aria-required=\"true\" aria-invalid=\"false\" \/><\/span><\/p>\n<p><\/p>\n<p><label  style=\"display: block; float: left; width: 150px;\">* E-mail : <\/label> <span class=\"wpcf7-form-control-wrap your-email\"><input type=\"email\" name=\"your-email\" value=\"\" size=\"40\" class=\"wpcf7-form-control wpcf7-text wpcf7-email wpcf7-validates-as-required wpcf7-validates-as-email\" aria-required=\"true\" aria-invalid=\"false\" \/><\/span> <\/p>\n<p><\/p>\n<p><label  style=\"display: block; float: left; width: 150px;\">Observa\u00e7\u00f5es :<\/label><span class=\"wpcf7-form-control-wrap observacao\"><textarea name=\"observacao\" cols=\"40\" rows=\"10\" class=\"wpcf7-form-control wpcf7-textarea\" aria-invalid=\"false\"><\/textarea><\/span><\/><\/br><\/p>\n<p><input type=\"submit\" value=\"Enviar\" class=\"wpcf7-form-control has-spinner wpcf7-submit\" \/><\/p>\n<\/div>\n<div class=\"wpcf7-response-output\" aria-hidden=\"true\"><\/div><\/form><\/div><\/p>\n","protected":false},"excerpt":{"rendered":"<p>PORQUE EXPOR NO PECNORDESTE 2022? Participar do PECNORDESTE 2022 \u00e9 uma \u00f3tima oportunidade para construir e fortalecer a percep\u00e7\u00e3o da sua marca para os clientes potenciais, bem como lan\u00e7ar novidades em produtos e servi\u00e7os, atraindo a aten\u00e7\u00e3o do p\u00fablico alvo, dos visitantes e da m\u00eddia. Considerado um dos maiores eventos regional de Agropecu\u00e1ria, o PECNORDESTE [&hellip;]<\/p>\n","protected":false},"author":1,"featured_media":0,"parent":87,"menu_order":0,"comment_status":"closed","ping_status":"closed","template":"","meta":{"footnotes":"","_links_to":"","_links_to_target":""},"class_list":["post-111","page","type-page","status-publish","czr-hentry"],"_links":{"self":[{"href":"http:\/\/pecnordeste.com.br\/2022\/wp-json\/wp\/v2\/pages\/111","targetHints":{"allow":["GET"]}}],"collection":[{"href":"http:\/\/pecnordeste.com.br\/2022\/wp-json\/wp\/v2\/pages"}],"about":[{"href":"http:\/\/pecnordeste.com.br\/2022\/wp-json\/wp\/v2\/types\/page"}],"author":[{"embeddable":true,"href":"http:\/\/pecnordeste.com.br\/2022\/wp-json\/wp\/v2\/users\/1"}],"replies":[{"embeddable":true,"href":"http:\/\/pecnordeste.com.br\/2022\/wp-json\/wp\/v2\/comments?post=111"}],"version-history":[{"count":8,"href":"http:\/\/pecnordeste.com.br\/2022\/wp-json\/wp\/v2\/pages\/111\/revisions"}],"predecessor-version":[{"id":344,"href":"http:\/\/pecnordeste.com.br\/2022\/wp-json\/wp\/v2\/pages\/111\/revisions\/344"}],"up":[{"embeddable":true,"href":"http:\/\/pecnordeste.com.br\/2022\/wp-json\/wp\/v2\/pages\/87"}],"wp:attachment":[{"href":"http:\/\/pecnordeste.com.br\/2022\/wp-json\/wp\/v2\/media?parent=111"}],"curies":[{"name":"wp","href":"https:\/\/api.w.org\/{rel}","templated":true}]}}