{"id":356,"date":"2022-04-08T15:44:17","date_gmt":"2022-04-08T18:44:17","guid":{"rendered":"http:\/\/pecnordeste.com.br\/2022\/?page_id=356"},"modified":"2022-08-02T09:38:02","modified_gmt":"2022-08-02T12:38:02","slug":"trabalhos-cientificos","status":"publish","type":"page","link":"http:\/\/pecnordeste.com.br\/2022\/trabalhos-cientificos\/","title":{"rendered":"Trabalhos Cient\u00edficos"},"content":{"rendered":"<h5><strong>Baixe aqui o seu Certifidado<\/strong><\/h5>\n    <script language=\"JavaScript\" src=\"http:\/\/pecnordeste.com.br\/2022\/wp-content\/plugins\/wpdm-extended-shortcodes\/js\/jqueryFileTree.js\"><\/script>         <link rel=\"stylesheet\" href=\"http:\/\/pecnordeste.com.br\/2022\/wp-content\/plugins\/wpdm-extended-shortcodes\/css\/jqueryFileTree.css\" \/>              <div id=\"tree69dfe4c95eed1\"><\/div>    <script language=\"JavaScript\">        jQuery(document).ready( function() {            jQuery('#tree69dfe4c95eed1').fileTree({                script: 'http:\/\/pecnordeste.com.br\/2022\/?task=wpdm_tree&ddl=0&orderby=modified&order=desc',                expandSpeed: 1000,                collapseSpeed: 1000,                root: '\/',                multiFolder: false            }, function(file) {               location.href = file;            });        });    <\/script>    \n<ul>\n<li><a href=\"http:\/\/pecnordeste.com.br\/2022\/wp-content\/uploads\/2022\/06\/TRABALHOS-APROVADOS-1.xlsx\">TRABALHOS APROVADOS<\/a><\/li>\n<li><a href=\"http:\/\/pecnordeste.com.br\/2022\/wp-content\/uploads\/2022\/06\/APRESENTACAO-DOS-TRABALHOS-CIENTIFICOS-NO-PECNORDESTE-DIA-29-de-JUNHO-de-2022-1.xlsx\">APRESENTA\u00c7\u00c3O DOS TRABALHOS CIENTIFICOS NO PECNORDESTE DIA 29 de JUNHO de 2022<\/a><\/li>\n<li><a href=\"http:\/\/pecnordeste.com.br\/2022\/wp-content\/uploads\/2022\/06\/APRESENTACAO-DOS-TRABALHOS-CIENTIFICOS-NO-PECNORDESTE-DIA-30-de-JUNHO-de-2022.xlsx\">APRESENTA\u00c7\u00c3O DOS TRABALHOS CIENTIFICOS NO PECNORDESTE DIA 30 de JUNHO de 2022<\/a><\/li>\n<\/ul>\n<h4><strong>Resultado Trabalhos Cient\u00edficos &#8211; PECNORDESTE 2022<\/strong><br \/>\n<iframe loading=\"lazy\" style=\"width: 800px; height: 750px;\" src=\"http:\/\/pecnordeste.com.br\/2022\/wp-content\/uploads\/2022\/07\/Resultado-Trabalhos-Cientificos-1.pdf\" width=\"700\" height=\"750\" frameborder=\"0\"><span data-mce-type=\"bookmark\" style=\"display: inline-block; width: 0px; overflow: hidden; line-height: 0;\" class=\"mce_SELRES_start\">\ufeff<\/span><span data-mce-type=\"bookmark\" style=\"display: inline-block; width: 0px; overflow: hidden; line-height: 0;\" class=\"mce_SELRES_start\">\ufeff<\/span><span data-mce-type=\"bookmark\" style=\"display: inline-block; width: 0px; overflow: hidden; line-height: 0;\" class=\"mce_SELRES_start\">\ufeff<\/span><span data-mce-type=\"bookmark\" style=\"display: inline-block; width: 0px; overflow: hidden; line-height: 0;\" class=\"mce_SELRES_start\">\ufeff<\/span><\/iframe><\/h4>\n<p>&nbsp;<\/p>\n<h4><strong>Inscri\u00e7\u00f5es Encerradas.<\/strong><\/h4>\n<ul>\n<li><a href=\"http:\/\/pecnordeste.com.br\/2022\/wp-content\/uploads\/2022\/04\/MODELO-BANNER-TRABALHOS-CIENTIFICOS.pdf\">MODELO BANNER TRABALHOS CIENT\u00cdFICOS<\/a><\/li>\n<li><a href=\"http:\/\/pecnordeste.com.br\/2022\/wp-content\/uploads\/2022\/04\/Modelo-Papel-Timbrado.docx\">Modelo Papel Timbrado<\/a><\/li>\n<\/ul>\n","protected":false},"excerpt":{"rendered":"<p>Baixe aqui o seu Certifidado TRABALHOS APROVADOS APRESENTA\u00c7\u00c3O DOS TRABALHOS CIENTIFICOS NO PECNORDESTE DIA 29 de JUNHO de 2022 APRESENTA\u00c7\u00c3O DOS TRABALHOS CIENTIFICOS NO PECNORDESTE DIA 30 de JUNHO de 2022 Resultado Trabalhos Cient\u00edficos &#8211; PECNORDESTE 2022 \ufeff\ufeff\ufeff\ufeff &nbsp; Inscri\u00e7\u00f5es Encerradas. MODELO BANNER TRABALHOS CIENT\u00cdFICOS Modelo Papel Timbrado<\/p>\n","protected":false},"author":1,"featured_media":369,"parent":0,"menu_order":0,"comment_status":"closed","ping_status":"closed","template":"","meta":{"footnotes":"","_links_to":"","_links_to_target":""},"class_list":["post-356","page","type-page","status-publish","has-post-thumbnail","czr-hentry"],"_links":{"self":[{"href":"http:\/\/pecnordeste.com.br\/2022\/wp-json\/wp\/v2\/pages\/356","targetHints":{"allow":["GET"]}}],"collection":[{"href":"http:\/\/pecnordeste.com.br\/2022\/wp-json\/wp\/v2\/pages"}],"about":[{"href":"http:\/\/pecnordeste.com.br\/2022\/wp-json\/wp\/v2\/types\/page"}],"author":[{"embeddable":true,"href":"http:\/\/pecnordeste.com.br\/2022\/wp-json\/wp\/v2\/users\/1"}],"replies":[{"embeddable":true,"href":"http:\/\/pecnordeste.com.br\/2022\/wp-json\/wp\/v2\/comments?post=356"}],"version-history":[{"count":32,"href":"http:\/\/pecnordeste.com.br\/2022\/wp-json\/wp\/v2\/pages\/356\/revisions"}],"predecessor-version":[{"id":1139,"href":"http:\/\/pecnordeste.com.br\/2022\/wp-json\/wp\/v2\/pages\/356\/revisions\/1139"}],"wp:featuredmedia":[{"embeddable":true,"href":"http:\/\/pecnordeste.com.br\/2022\/wp-json\/wp\/v2\/media\/369"}],"wp:attachment":[{"href":"http:\/\/pecnordeste.com.br\/2022\/wp-json\/wp\/v2\/media?parent=356"}],"curies":[{"name":"wp","href":"https:\/\/api.w.org\/{rel}","templated":true}]}}