{"id":53,"date":"2022-03-08T14:41:17","date_gmt":"2022-03-08T17:41:17","guid":{"rendered":"http:\/\/pecnordeste.com.br\/2022\/?page_id=53"},"modified":"2023-02-03T15:44:01","modified_gmt":"2023-02-03T18:44:01","slug":"apresentacao","status":"publish","type":"page","link":"http:\/\/pecnordeste.com.br\/2022\/apresentacao\/","title":{"rendered":"Apresenta\u00e7\u00e3o"},"content":{"rendered":"<div style=\"text-align: justify;\">\n<p>O Semin\u00e1rio Nordestino de Pecu\u00e1ria &#8211; PECNORDESTE \u00e9 um importante evento do agroneg\u00f3cio promovido pela Federa\u00e7\u00e3o da Agricultura e Pecu\u00e1ria do Estado do Cear\u00e1 &#8211; FAEC, pelo Servi\u00e7o Nacional de Aprendizagem Rural do Cear\u00e1 &#8211; SENAR\/CE, pelo Servi\u00e7o de Apoio \u00e0s Micro e Pequenas Empresas do Estado do Cear\u00e1 \u2013 SEBRAE\/CE e pelos Sindicatos Rurais, que busca a capacita\u00e7\u00e3o de produtores rurais, estudantes e micro e pequenas empres\u00e1rios do setor, sempre abordando tem\u00e1ticas relevantes para o agroneg\u00f3cio nordestino e trazendo o debate de temas que impactam no dia a dia do produtor rural e na sua atividade.<\/p>\n<p>Em sua vig\u00e9sima quinta edi\u00e7\u00e3o, o PECNORDESTE ocorrer\u00e1 de 29 de junho a 01 de julho, no Centro de Eventos do Cear\u00e1, em Fortaleza, com uma programa\u00e7\u00e3o t\u00e9cnico-cient\u00edfica de capacita\u00e7\u00e3o, envolvendo os segmentos: da Agroind\u00fastria,  Apicultura, Aquicultura e Pesca, Avicultura, Bovinocultura, Cajucultura, Caprinovinocultura, Fruticultura, Floricultura, Equinocultura, Suinocultura e o PET, atrav\u00e9s da realiza\u00e7\u00e3o de palestras, mesas redondas, minicursos e oficinas.<\/p>\n<p>Dentro da programa\u00e7\u00e3o t\u00e9cnica, haver\u00e1 a III Mostra de Trabalhos Cient\u00edficos, com a exposi\u00e7\u00e3o de posteres de trabalhos nos segmentos que comp\u00f5em a programa\u00e7\u00e3o, incentivando a pesquisa e a apresenta\u00e7\u00e3o de novas tecnologias no agroneg\u00f3cio.<\/p>\n<p>Al\u00e9m do semin\u00e1rio, o evento contar\u00e1 com a realiza\u00e7\u00e3o da XXV Feira de Produtos e de Servi\u00e7os Agropecu\u00e1rios e a Cear\u00e1 Fruit, Feira Nacional da Fruticultura Tropical Irrigada, com foco na fruticultura e novas tecnologias, que ocorrer\u00e1 numa \u00e1rea de 4.500m<sup>2<\/sup>, com a participa\u00e7\u00e3o de empresas e institui\u00e7\u00f5es ligados ao agroneg\u00f3cio.<\/p>\n<\/div>\n<p><strong>COMISS\u00c3O ORGANIZADORA<\/strong><\/p>\n<p><strong>Coordenador Geral <\/strong><\/p>\n<p>Emerson Pinto Moreira<\/p>\n<p>&nbsp;<\/p>\n<p><strong>Coordenador T\u00e9cnico Cient\u00edfico<\/strong><\/p>\n<p>Eduardo Mello Barroso<\/p>\n<p>&nbsp;<\/p>\n<p><strong>Coordenador Administrativo e Financeiro<\/strong><\/p>\n<p>Carlos Bezerra Filho<\/p>\n<p>Membros das Subcomiss\u00f5es:<\/p>\n<p>&nbsp;<\/p>\n<p><strong><u>Administrativa e Financeira<\/u><\/strong><strong>:<\/strong> Maria Augusta Moreira de Sousa, Maria do Socorro Correia Silva, Maria Nilza Luna Lucas.<\/p>\n<p><strong><u>Inform\u00e1tica<\/u><\/strong><strong>:<\/strong> Brunno Carvalho, Geovana Costa e Thiago Moura Varela.<\/p>\n<p><strong><u>Licita\u00e7\u00e3o<\/u><\/strong><strong>: <\/strong>Jussara Dias Soares, Jos\u00e9 Bezerra, Wesley Gueller.<\/p>\n<p><strong><u>T\u00e9cnica<\/u><\/strong><strong>:<\/strong> Ana Kelly Cl\u00e1udio Gon\u00e7alves (Oficinas Vitrine)<\/p>\n<p>Mariana de Menezes Silva, Henrique Matias, Roberta S\u00e1 Gondim e Carolina Machado Barroso (Trabalhos Cient\u00edficos)<\/p>\n<p>Diego Trindade (Semin\u00e1rio Agroneg\u00f3cio x Justi\u00e7a)<\/p>\n<p>Elidianny Teixeira (Formatura Rede E-Tec)<\/p>\n<p><strong><u>Coordenadores Setoriais:<\/u><\/strong><\/p>\n<p>Paulo Jorge (Agroind\u00fastria), Hiara Meneses (Apicultura), Ant\u00f4nio da Costa Albuquerque Filho (Aquicultura e Pesca), Andr\u00e9 de Freitas Siqueira (Avicultura Caipira), Bernardo Carneiro (Avicultura Industrial) Candice Rangel (Bovinocultura de corte), Marcelo da Costa Viana (Bovinocultura de Leite), Marcelo Cola\u00e7o (Cajucultura), Jos\u00e9 Darlan de Almeida Carneiro Filho (Caprinovinocultura), Matheus Di\u00f3genes (Equinocultura), Erildo Pontes (Fruticultura e Floricultura), Tiago Silva Andrade (Suinocultura), Reinaldo Viana (PET), Adriana Palmieri (Trabalhos Cient\u00edficos). <\/p>\n","protected":false},"excerpt":{"rendered":"<p>O Semin\u00e1rio Nordestino de Pecu\u00e1ria &#8211; PECNORDESTE \u00e9 um importante evento do agroneg\u00f3cio promovido pela Federa\u00e7\u00e3o da Agricultura e Pecu\u00e1ria do Estado do Cear\u00e1 &#8211; FAEC, pelo Servi\u00e7o Nacional de Aprendizagem Rural do Cear\u00e1 &#8211; SENAR\/CE, pelo Servi\u00e7o de Apoio \u00e0s Micro e Pequenas Empresas do Estado do Cear\u00e1 \u2013 SEBRAE\/CE e pelos Sindicatos Rurais, [&hellip;]<\/p>\n","protected":false},"author":1,"featured_media":13,"parent":0,"menu_order":0,"comment_status":"closed","ping_status":"closed","template":"","meta":{"footnotes":"","_links_to":"","_links_to_target":""},"class_list":["post-53","page","type-page","status-publish","has-post-thumbnail","czr-hentry"],"_links":{"self":[{"href":"http:\/\/pecnordeste.com.br\/2022\/wp-json\/wp\/v2\/pages\/53","targetHints":{"allow":["GET"]}}],"collection":[{"href":"http:\/\/pecnordeste.com.br\/2022\/wp-json\/wp\/v2\/pages"}],"about":[{"href":"http:\/\/pecnordeste.com.br\/2022\/wp-json\/wp\/v2\/types\/page"}],"author":[{"embeddable":true,"href":"http:\/\/pecnordeste.com.br\/2022\/wp-json\/wp\/v2\/users\/1"}],"replies":[{"embeddable":true,"href":"http:\/\/pecnordeste.com.br\/2022\/wp-json\/wp\/v2\/comments?post=53"}],"version-history":[{"count":12,"href":"http:\/\/pecnordeste.com.br\/2022\/wp-json\/wp\/v2\/pages\/53\/revisions"}],"predecessor-version":[{"id":1190,"href":"http:\/\/pecnordeste.com.br\/2022\/wp-json\/wp\/v2\/pages\/53\/revisions\/1190"}],"wp:featuredmedia":[{"embeddable":true,"href":"http:\/\/pecnordeste.com.br\/2022\/wp-json\/wp\/v2\/media\/13"}],"wp:attachment":[{"href":"http:\/\/pecnordeste.com.br\/2022\/wp-json\/wp\/v2\/media?parent=53"}],"curies":[{"name":"wp","href":"https:\/\/api.w.org\/{rel}","templated":true}]}}