{"id":65,"date":"2022-03-08T14:47:35","date_gmt":"2022-03-08T17:47:35","guid":{"rendered":"http:\/\/pecnordeste.com.br\/2022\/?page_id=65"},"modified":"2022-05-17T13:36:41","modified_gmt":"2022-05-17T16:36:41","slug":"programacao","status":"publish","type":"page","link":"http:\/\/pecnordeste.com.br\/2022\/programacao\/","title":{"rendered":"Programa\u00e7\u00e3o"},"content":{"rendered":"<div id=\"sp-ea-434\" class=\"sp-ea-one sp-easy-accordion\" data-ex-icon=\"fa-minus\" data-col-icon=\"fa-plus\"  data-ea-active=\"ea-click\"  data-ea-mode=\"vertical\" data-preloader=\"\"><div class=\"ea-card  sp-ea-single\"><h3 class=\"ea-header\"><a class=\"collapsed\" data-sptoggle=\"spcollapse\" data-sptarget=#collapse4340 href=\"javascript:void(0)\" aria-expanded=\"false\"><i class=\"ea-expand-icon fa fa-plus\"><\/i> Agroind\u00fastria<\/a><\/h3><div class=\"sp-collapse spcollapse spcollapse\" id=\"collapse4340\" data-parent=#sp-ea-434><div class=\"ea-body\"><p><iframe loading=\"lazy\" src=\"http:\/\/pecnordeste.com.br\/2022\/wp-content\/uploads\/2022\/06\/PROGRAMACAO-FINAL-AGROINDUSTRIA-2.pdf\" width=\"600\" height=\"500\" frameborder=\"0\" allowfullscreen=\"allowfullscreen\"><\/iframe><\/p>\n<\/div><\/div><\/div><div class=\"ea-card  sp-ea-single\"><h3 class=\"ea-header\"><a class=\"collapsed\" data-sptoggle=\"spcollapse\" data-sptarget=#collapse4341 href=\"javascript:void(0)\" aria-expanded=\"false\"><i class=\"ea-expand-icon fa fa-plus\"><\/i> Apicultura e Meliponicultura<\/a><\/h3><div class=\"sp-collapse spcollapse spcollapse\" id=\"collapse4341\" data-parent=#sp-ea-434><div class=\"ea-body\"><p><iframe loading=\"lazy\" src=\"http:\/\/pecnordeste.com.br\/2022\/wp-content\/uploads\/2022\/06\/PROGRAMACAO-FINAL-APICULTURA-2.pdf\" width=\"600\" height=\"500\" frameborder=\"0\" allowfullscreen=\"allowfullscreen\"><\/iframe><\/p>\n<\/div><\/div><\/div><div class=\"ea-card  sp-ea-single\"><h3 class=\"ea-header\"><a class=\"collapsed\" data-sptoggle=\"spcollapse\" data-sptarget=#collapse4342 href=\"javascript:void(0)\" aria-expanded=\"false\"><i class=\"ea-expand-icon fa fa-plus\"><\/i> Aquicultura e Pesca<\/a><\/h3><div class=\"sp-collapse spcollapse spcollapse\" id=\"collapse4342\" data-parent=#sp-ea-434><div class=\"ea-body\"><p><iframe loading=\"lazy\" src=\"http:\/\/pecnordeste.com.br\/2022\/wp-content\/uploads\/2022\/06\/PROGRAMACAO-FINAL-AQUICULTURA-E-PESCA.pdf\" width=\"600\" height=\"500\" frameborder=\"0\" allowfullscreen=\"allowfullscreen\"><\/iframe><\/p>\n<\/div><\/div><\/div><div class=\"ea-card  sp-ea-single\"><h3 class=\"ea-header\"><a class=\"collapsed\" data-sptoggle=\"spcollapse\" data-sptarget=#collapse4343 href=\"javascript:void(0)\" aria-expanded=\"false\"><i class=\"ea-expand-icon fa fa-plus\"><\/i> Avicultura<\/a><\/h3><div class=\"sp-collapse spcollapse spcollapse\" id=\"collapse4343\" data-parent=#sp-ea-434><div class=\"ea-body\"><p><iframe loading=\"lazy\" src=\"http:\/\/pecnordeste.com.br\/2022\/wp-content\/uploads\/2022\/06\/PROGRAMACAO-FINAL-AVICULTURA-1.pdf\" width=\"600\" height=\"500\" frameborder=\"0\" allowfullscreen=\"allowfullscreen\"><\/iframe><\/p>\n<\/div><\/div><\/div><div class=\"ea-card  sp-ea-single\"><h3 class=\"ea-header\"><a class=\"collapsed\" data-sptoggle=\"spcollapse\" data-sptarget=#collapse4344 href=\"javascript:void(0)\" aria-expanded=\"false\"><i class=\"ea-expand-icon fa fa-plus\"><\/i> Bovinocultura de Corte<\/a><\/h3><div class=\"sp-collapse spcollapse spcollapse\" id=\"collapse4344\" data-parent=#sp-ea-434><div class=\"ea-body\"><p><iframe loading=\"lazy\" src=\"http:\/\/pecnordeste.com.br\/2022\/wp-content\/uploads\/2022\/06\/PROGRAMACAO-FINAL-BOVINOCULTURA-DE-CORTE.pdf\" width=\"600\" height=\"500\" frameborder=\"0\" allowfullscreen=\"allowfullscreen\"><\/iframe><\/p>\n<\/div><\/div><\/div><div class=\"ea-card  sp-ea-single\"><h3 class=\"ea-header\"><a class=\"collapsed\" data-sptoggle=\"spcollapse\" data-sptarget=#collapse4345 href=\"javascript:void(0)\" aria-expanded=\"false\"><i class=\"ea-expand-icon fa fa-plus\"><\/i> Bovinocultura de Leite<\/a><\/h3><div class=\"sp-collapse spcollapse spcollapse\" id=\"collapse4345\" data-parent=#sp-ea-434><div class=\"ea-body\"><p><iframe loading=\"lazy\" src=\"http:\/\/pecnordeste.com.br\/2022\/wp-content\/uploads\/2022\/06\/PROGRAMACAO-FINAL-BOVINOCULTURA-DE-LEITE-1.pdf\" width=\"600\" height=\"500\" frameborder=\"0\" allowfullscreen=\"allowfullscreen\"><\/iframe><\/p>\n<\/div><\/div><\/div><div class=\"ea-card  sp-ea-single\"><h3 class=\"ea-header\"><a class=\"collapsed\" data-sptoggle=\"spcollapse\" data-sptarget=#collapse4346 href=\"javascript:void(0)\" aria-expanded=\"false\"><i class=\"ea-expand-icon fa fa-plus\"><\/i> Cajucultura<\/a><\/h3><div class=\"sp-collapse spcollapse spcollapse\" id=\"collapse4346\" data-parent=#sp-ea-434><div class=\"ea-body\"><p><iframe loading=\"lazy\" src=\"http:\/\/pecnordeste.com.br\/2022\/wp-content\/uploads\/2022\/06\/PROGRAMACAO-FINAL-CAJUCULTURA-2.pdf\" width=\"600\" height=\"500\" frameborder=\"0\" allowfullscreen=\"allowfullscreen\"><\/iframe><\/p>\n<\/div><\/div><\/div><div class=\"ea-card  sp-ea-single\"><h3 class=\"ea-header\"><a class=\"collapsed\" data-sptoggle=\"spcollapse\" data-sptarget=#collapse4347 href=\"javascript:void(0)\" aria-expanded=\"false\"><i class=\"ea-expand-icon fa fa-plus\"><\/i> Caprinovinocultura<\/a><\/h3><div class=\"sp-collapse spcollapse spcollapse\" id=\"collapse4347\" data-parent=#sp-ea-434><div class=\"ea-body\"><p><iframe loading=\"lazy\" src=\"http:\/\/pecnordeste.com.br\/2022\/wp-content\/uploads\/2022\/06\/PROGRAMACAO-FINAL-CAPRINOVINOVINOCULTURA.pdf\" width=\"600\" height=\"500\" frameborder=\"0\" allowfullscreen=\"allowfullscreen\"><\/iframe><\/p>\n<\/div><\/div><\/div><div class=\"ea-card  sp-ea-single\"><h3 class=\"ea-header\"><a class=\"collapsed\" data-sptoggle=\"spcollapse\" data-sptarget=#collapse4348 href=\"javascript:void(0)\" aria-expanded=\"false\"><i class=\"ea-expand-icon fa fa-plus\"><\/i> Equinocultura<\/a><\/h3><div class=\"sp-collapse spcollapse spcollapse\" id=\"collapse4348\" data-parent=#sp-ea-434><div class=\"ea-body\"><p><iframe loading=\"lazy\" src=\"http:\/\/pecnordeste.com.br\/2022\/wp-content\/uploads\/2022\/06\/PROGRAMACAO-FINAL-EQUINOCULTURA.pdf\" width=\"600\" height=\"500\" frameborder=\"0\" allowfullscreen=\"allowfullscreen\"><\/iframe><\/p>\n<\/div><\/div><\/div><div class=\"ea-card  sp-ea-single\"><h3 class=\"ea-header\"><a class=\"collapsed\" data-sptoggle=\"spcollapse\" data-sptarget=#collapse4349 href=\"javascript:void(0)\" aria-expanded=\"false\"><i class=\"ea-expand-icon fa fa-plus\"><\/i> Floricultura<\/a><\/h3><div class=\"sp-collapse spcollapse spcollapse\" id=\"collapse4349\" data-parent=#sp-ea-434><div class=\"ea-body\"><p><iframe loading=\"lazy\" src=\"http:\/\/pecnordeste.com.br\/2022\/wp-content\/uploads\/2022\/06\/PROGRAMACAO-FINAL-FLORICULTURA-1.pdf\" width=\"600\" height=\"500\" frameborder=\"0\" allowfullscreen=\"allowfullscreen\"><\/iframe><\/p>\n<\/div><\/div><\/div><div class=\"ea-card  sp-ea-single\"><h3 class=\"ea-header\"><a class=\"collapsed\" data-sptoggle=\"spcollapse\" data-sptarget=#collapse43410 href=\"javascript:void(0)\" aria-expanded=\"false\"><i class=\"ea-expand-icon fa fa-plus\"><\/i> Fruticultura<\/a><\/h3><div class=\"sp-collapse spcollapse spcollapse\" id=\"collapse43410\" data-parent=#sp-ea-434><div class=\"ea-body\"><p><iframe loading=\"lazy\" src=\"http:\/\/pecnordeste.com.br\/2022\/wp-content\/uploads\/2022\/06\/PROGRAMACAO-FINAL-FRUTICULTURA.pdf\" width=\"600\" height=\"500\" frameborder=\"0\" allowfullscreen=\"allowfullscreen\"><\/iframe><\/p>\n<\/div><\/div><\/div><div class=\"ea-card  sp-ea-single\"><h3 class=\"ea-header\"><a class=\"collapsed\" data-sptoggle=\"spcollapse\" data-sptarget=#collapse43411 href=\"javascript:void(0)\" aria-expanded=\"false\"><i class=\"ea-expand-icon fa fa-plus\"><\/i> Suinocultura<\/a><\/h3><div class=\"sp-collapse spcollapse spcollapse\" id=\"collapse43411\" data-parent=#sp-ea-434><div class=\"ea-body\"><p><iframe loading=\"lazy\" src=\"http:\/\/pecnordeste.com.br\/2022\/wp-content\/uploads\/2022\/06\/PROGRAMACAO-FINAL-SUINOCULTURA-1.pdf\" width=\"600\" height=\"500\" frameborder=\"0\" allowfullscreen=\"allowfullscreen\"><\/iframe><\/p>\n<\/div><\/div><\/div><div class=\"ea-card  sp-ea-single\"><h3 class=\"ea-header\"><a class=\"collapsed\" data-sptoggle=\"spcollapse\" data-sptarget=#collapse43412 href=\"javascript:void(0)\" aria-expanded=\"false\"><i class=\"ea-expand-icon fa fa-plus\"><\/i> Oficinas<\/a><\/h3><div class=\"sp-collapse spcollapse spcollapse\" id=\"collapse43412\" data-parent=#sp-ea-434><div class=\"ea-body\"><p><iframe loading=\"lazy\" src=\"http:\/\/pecnordeste.com.br\/2022\/wp-content\/uploads\/2022\/06\/PROGRAMACAO-FINAL-OFICINAS-1.pdf\" width=\"600\" height=\"500\" frameborder=\"0\" allowfullscreen=\"allowfullscreen\"><\/iframe><\/p>\n<\/div><\/div><\/div><div class=\"ea-card  sp-ea-single\"><h3 class=\"ea-header\"><a class=\"collapsed\" data-sptoggle=\"spcollapse\" data-sptarget=#collapse43413 href=\"javascript:void(0)\" aria-expanded=\"false\"><i class=\"ea-expand-icon fa fa-plus\"><\/i> Palestra Magna<\/a><\/h3><div class=\"sp-collapse spcollapse spcollapse\" id=\"collapse43413\" data-parent=#sp-ea-434><div class=\"ea-body\"><p><iframe loading=\"lazy\" src=\"http:\/\/pecnordeste.com.br\/2022\/wp-content\/uploads\/2022\/06\/PROGRAMACAO-FINAL-PALESTRAS-MAGNA.pdf\" width=\"600\" height=\"500\" frameborder=\"0\" allowfullscreen=\"allowfullscreen\"><\/iframe><\/p>\n<\/div><\/div><\/div><div class=\"ea-card  sp-ea-single\"><h3 class=\"ea-header\"><a class=\"collapsed\" data-sptoggle=\"spcollapse\" data-sptarget=#collapse43414 href=\"javascript:void(0)\" aria-expanded=\"false\"><i class=\"ea-expand-icon fa fa-plus\"><\/i> Semin\u00e1rio Agroneg\u00f3cio X Justi\u00e7a<\/a><\/h3><div class=\"sp-collapse spcollapse spcollapse\" id=\"collapse43414\" data-parent=#sp-ea-434><div class=\"ea-body\"><p><iframe loading=\"lazy\" src=\"http:\/\/pecnordeste.com.br\/2022\/wp-content\/uploads\/2022\/06\/PROGRAMACAO-FINAL-AGRONEGOCIO-X-JUSTICA-2.pdf\" width=\"600\" height=\"500\" frameborder=\"0\" allowfullscreen=\"allowfullscreen\"><\/iframe><\/p>\n<\/div><\/div><\/div><div class=\"ea-card  sp-ea-single\"><h3 class=\"ea-header\"><a class=\"collapsed\" data-sptoggle=\"spcollapse\" data-sptarget=#collapse43415 href=\"javascript:void(0)\" aria-expanded=\"false\"><i class=\"ea-expand-icon fa fa-plus\"><\/i> Semin\u00e1rio de Cooperativismo<\/a><\/h3><div class=\"sp-collapse spcollapse spcollapse\" id=\"collapse43415\" data-parent=#sp-ea-434><div class=\"ea-body\"><p><iframe loading=\"lazy\" src=\"http:\/\/pecnordeste.com.br\/2022\/wp-content\/uploads\/2022\/06\/PROGRAMACAO-FINAL-SEMINARIO-DE-COOPERATIVISMO-1.pdf\" width=\"600\" height=\"500\" frameborder=\"0\" allowfullscreen=\"allowfullscreen\"><\/iframe><\/p>\n<\/div><\/div><\/div><div class=\"ea-card  sp-ea-single\"><h3 class=\"ea-header\"><a class=\"collapsed\" data-sptoggle=\"spcollapse\" data-sptarget=#collapse43416 href=\"javascript:void(0)\" aria-expanded=\"false\"><i class=\"ea-expand-icon fa fa-plus\"><\/i> Eventos Extras<\/a><\/h3><div class=\"sp-collapse spcollapse spcollapse\" id=\"collapse43416\" data-parent=#sp-ea-434><div class=\"ea-body\"><p><iframe loading=\"lazy\" src=\"http:\/\/pecnordeste.com.br\/2022\/wp-content\/uploads\/2022\/06\/PROGRAMACAO-FINAL-EVENTOS-EXTRAS-3.pdf\" width=\"600\" height=\"500\" frameborder=\"0\" allowfullscreen=\"allowfullscreen\"><\/iframe><\/p>\n<\/div><\/div><\/div><div class=\"ea-card  sp-ea-single\"><h3 class=\"ea-header\"><a class=\"collapsed\" data-sptoggle=\"spcollapse\" data-sptarget=#collapse43417 href=\"javascript:void(0)\" aria-expanded=\"false\"><i class=\"ea-expand-icon fa fa-plus\"><\/i> Semin\u00e1rio de Contabilidade Rural<\/a><\/h3><div class=\"sp-collapse spcollapse spcollapse\" id=\"collapse43417\" data-parent=#sp-ea-434><div class=\"ea-body\"><p><iframe loading=\"lazy\" src=\"http:\/\/pecnordeste.com.br\/2022\/wp-content\/uploads\/2022\/06\/PROGRAMACAO-FINAL-SEMINARIO-DE-CONTABILIDADE-RURAL.pdf\" width=\"600\" height=\"500\" frameborder=\"0\" allowfullscreen=\"allowfullscreen\"><\/iframe><\/p>\n<\/div><\/div><\/div><div class=\"ea-card  sp-ea-single\"><h3 class=\"ea-header\"><a class=\"collapsed\" data-sptoggle=\"spcollapse\" data-sptarget=#collapse43418 href=\"javascript:void(0)\" aria-expanded=\"false\"><i class=\"ea-expand-icon fa fa-plus\"><\/i> Encontro estadual dos dirigentes do agroneg\u00f3cio do Estado do Cear\u00e1<\/a><\/h3><div class=\"sp-collapse spcollapse spcollapse\" id=\"collapse43418\" data-parent=#sp-ea-434><div class=\"ea-body\"><p><iframe loading=\"lazy\" src=\"http:\/\/pecnordeste.com.br\/2022\/wp-content\/uploads\/2022\/06\/PROGRAMACAO-FINAL-ENCONTRO-ESTADUAL-DE-DIRIGENTES-DO-AGRONEGOCIO-1.pdf\" width=\"600\" height=\"500\" frameborder=\"0\" allowfullscreen=\"allowfullscreen\"><\/iframe><\/p>\n<\/div><\/div><\/div><\/div>\n<p>&nbsp;<br \/>\n<iframe loading=\"lazy\" style=\"width: 800px; height: 580px;\" src=\"http:\/\/pecnordeste.com.br\/2022\/wp-content\/uploads\/2022\/05\/FOLDER-FINAL.pdf\" width=\"700\" height=\"930\" frameborder=\"0\"><span data-mce-type=\"bookmark\" style=\"display: inline-block; width: 0px; overflow: hidden; line-height: 0;\" class=\"mce_SELRES_start\">\ufeff<\/span><\/iframe><\/p>\n","protected":false},"excerpt":{"rendered":"<p>&nbsp; \ufeff<\/p>\n","protected":false},"author":1,"featured_media":134,"parent":0,"menu_order":0,"comment_status":"closed","ping_status":"closed","template":"","meta":{"footnotes":"","_links_to":"","_links_to_target":""},"class_list":["post-65","page","type-page","status-publish","has-post-thumbnail","czr-hentry"],"_links":{"self":[{"href":"http:\/\/pecnordeste.com.br\/2022\/wp-json\/wp\/v2\/pages\/65","targetHints":{"allow":["GET"]}}],"collection":[{"href":"http:\/\/pecnordeste.com.br\/2022\/wp-json\/wp\/v2\/pages"}],"about":[{"href":"http:\/\/pecnordeste.com.br\/2022\/wp-json\/wp\/v2\/types\/page"}],"author":[{"embeddable":true,"href":"http:\/\/pecnordeste.com.br\/2022\/wp-json\/wp\/v2\/users\/1"}],"replies":[{"embeddable":true,"href":"http:\/\/pecnordeste.com.br\/2022\/wp-json\/wp\/v2\/comments?post=65"}],"version-history":[{"count":16,"href":"http:\/\/pecnordeste.com.br\/2022\/wp-json\/wp\/v2\/pages\/65\/revisions"}],"predecessor-version":[{"id":627,"href":"http:\/\/pecnordeste.com.br\/2022\/wp-json\/wp\/v2\/pages\/65\/revisions\/627"}],"wp:featuredmedia":[{"embeddable":true,"href":"http:\/\/pecnordeste.com.br\/2022\/wp-json\/wp\/v2\/media\/134"}],"wp:attachment":[{"href":"http:\/\/pecnordeste.com.br\/2022\/wp-json\/wp\/v2\/media?parent=65"}],"curies":[{"name":"wp","href":"https:\/\/api.w.org\/{rel}","templated":true}]}}