{"id":92,"date":"2022-03-13T23:44:31","date_gmt":"2022-03-14T02:44:31","guid":{"rendered":"http:\/\/pecnordeste.com.br\/2022\/?page_id=92"},"modified":"2022-06-18T12:27:56","modified_gmt":"2022-06-18T15:27:56","slug":"inscricoes","status":"publish","type":"page","link":"http:\/\/pecnordeste.com.br\/2022\/inscricoes\/","title":{"rendered":"Inscri\u00e7\u00f5es"},"content":{"rendered":"<h4><strong>Antes de fazer sua inscri\u00e7\u00e3o, confira suas principais d\u00favidas sobre o evento.<\/strong><\/h4>\n<h4><\/h4>\n<p><a href=\"https:\/\/pecnordeste2022.gupe.com.br\/usuario\"><img loading=\"lazy\" decoding=\"async\" class=\"aligncenter size-medium wp-image-767\" src=\"http:\/\/pecnordeste.com.br\/2022\/wp-content\/uploads\/2022\/06\/Botao_faca-sua-inscricao-1-300x150.png\" alt=\"\" width=\"300\" height=\"150\" srcset=\"http:\/\/pecnordeste.com.br\/2022\/wp-content\/uploads\/2022\/06\/Botao_faca-sua-inscricao-1-300x150.png 300w, http:\/\/pecnordeste.com.br\/2022\/wp-content\/uploads\/2022\/06\/Botao_faca-sua-inscricao-1.png 472w\" sizes=\"auto, (max-width: 300px) 100vw, 300px\" \/><\/a><\/p>\n","protected":false},"excerpt":{"rendered":"<p>Antes de fazer sua inscri\u00e7\u00e3o, confira suas principais d\u00favidas sobre o evento.<\/p>\n","protected":false},"author":1,"featured_media":93,"parent":0,"menu_order":0,"comment_status":"closed","ping_status":"closed","template":"","meta":{"footnotes":"","_links_to":"","_links_to_target":""},"class_list":["post-92","page","type-page","status-publish","has-post-thumbnail","czr-hentry"],"_links":{"self":[{"href":"http:\/\/pecnordeste.com.br\/2022\/wp-json\/wp\/v2\/pages\/92","targetHints":{"allow":["GET"]}}],"collection":[{"href":"http:\/\/pecnordeste.com.br\/2022\/wp-json\/wp\/v2\/pages"}],"about":[{"href":"http:\/\/pecnordeste.com.br\/2022\/wp-json\/wp\/v2\/types\/page"}],"author":[{"embeddable":true,"href":"http:\/\/pecnordeste.com.br\/2022\/wp-json\/wp\/v2\/users\/1"}],"replies":[{"embeddable":true,"href":"http:\/\/pecnordeste.com.br\/2022\/wp-json\/wp\/v2\/comments?post=92"}],"version-history":[{"count":5,"href":"http:\/\/pecnordeste.com.br\/2022\/wp-json\/wp\/v2\/pages\/92\/revisions"}],"predecessor-version":[{"id":769,"href":"http:\/\/pecnordeste.com.br\/2022\/wp-json\/wp\/v2\/pages\/92\/revisions\/769"}],"wp:featuredmedia":[{"embeddable":true,"href":"http:\/\/pecnordeste.com.br\/2022\/wp-json\/wp\/v2\/media\/93"}],"wp:attachment":[{"href":"http:\/\/pecnordeste.com.br\/2022\/wp-json\/wp\/v2\/media?parent=92"}],"curies":[{"name":"wp","href":"https:\/\/api.w.org\/{rel}","templated":true}]}}