{"id":111,"date":"2022-03-15T07:55:11","date_gmt":"2022-03-15T10:55:11","guid":{"rendered":"http:\/\/pecnordeste.com.br\/2022\/?page_id=111"},"modified":"2022-12-14T14:14:54","modified_gmt":"2022-12-14T17:14:54","slug":"como-expor","status":"publish","type":"page","link":"http:\/\/pecnordeste.com.br\/2023\/feira\/como-expor\/","title":{"rendered":"Como Expor"},"content":{"rendered":"<p><strong>PORQUE EXPOR NO PECNORDESTE 2023?<\/strong><\/p>\n<p>Participar do PECNORDESTE 2023 \u00e9 uma \u00f3tima oportunidade para construir e fortalecer a percep\u00e7\u00e3o da sua marca para os clientes potenciais, bem como lan\u00e7ar novidades em produtos e servi\u00e7os, atraindo a aten\u00e7\u00e3o do p\u00fablico alvo, dos visitantes e da m\u00eddia.<\/p>\n<p>Considerado um dos maiores eventos do Agro do Nordeste, o PECNORDESTE ainda proporciona estes benef\u00edcios para a sua empresa no evento:<\/p>\n<p>\u2013 Expor e demonstrar as linhas de produtos e servi\u00e7os;<\/p>\n<p>\u2013 Ampliar o networking;<\/p>\n<p>\u2013 Desenvolver o marketing para milhares de consumidores profissionais;<\/p>\n<p>\u2013 Aumentar a fidelidade dos clientes;<\/p>\n<p>\u2013 Prospectar leads e novos clientes potenciais;<\/p>\n<p>\u2013 Aumentar a rede de relacionamento no setor.<\/p>\n<p><strong>COMO TRAZER SUA MARCA PARA O PECNORDESTE 2023?<\/strong><\/p>\n<p><strong><em>Preencha o formul\u00e1rio abaixo e entraremos em contato com voc\u00ea para negociar a participa\u00e7\u00e3o da sua empresa ou institui\u00e7\u00e3o no evento<\/em><\/strong><\/p>\n<p style=\"text-align: justify;\"><iframe loading=\"lazy\" style=\"width: 800px; height: 600px;\" src=\"http:\/\/pecnordeste.com.br\/2023\/wp-content\/uploads\/2022\/12\/LAMINA-COMERCIAL.pdf\" width=\"700\" height=\"930\" frameborder=\"0\"><span data-mce-type=\"bookmark\" style=\"display: inline-block; width: 0px; overflow: hidden; line-height: 0;\" class=\"mce_SELRES_start\">\ufeff<\/span><span data-mce-type=\"bookmark\" style=\"display: inline-block; width: 0px; overflow: hidden; line-height: 0;\" class=\"mce_SELRES_start\">\ufeff<\/span><\/iframe><\/p>\n<p style=\"text-align: justify;\"><strong>Desejo receber informa\u00e7\u00f5es sobre como expor no PEC NORDESTE 2023<\/strong><\/p>\n<p style=\"text-align: justify;\">\n<div class=\"wpcf7 no-js\" id=\"wpcf7-f112-o1\" lang=\"pt-BR\" dir=\"ltr\">\n<div class=\"screen-reader-response\"><p role=\"status\" aria-live=\"polite\" aria-atomic=\"true\"><\/p> <ul><\/ul><\/div>\n<form action=\"\/2023\/wp-json\/wp\/v2\/pages\/111#wpcf7-f112-o1\" method=\"post\" class=\"wpcf7-form init\" aria-label=\"Formul\u00e1rios de contato\" novalidate=\"novalidate\" data-status=\"init\">\n<div style=\"display: none;\">\n<input type=\"hidden\" name=\"_wpcf7\" value=\"112\" \/>\n<input type=\"hidden\" name=\"_wpcf7_version\" value=\"5.7.5.1\" \/>\n<input type=\"hidden\" name=\"_wpcf7_locale\" value=\"pt_BR\" \/>\n<input type=\"hidden\" name=\"_wpcf7_unit_tag\" value=\"wpcf7-f112-o1\" \/>\n<input type=\"hidden\" name=\"_wpcf7_container_post\" value=\"0\" \/>\n<input type=\"hidden\" name=\"_wpcf7_posted_data_hash\" value=\"\" \/>\n<\/div>\n<p span style=\"width:600px; background:#0D592B;padding:10px;color:#fff;\"<span class=\"wpcf7-form-control-wrap\" data-name=\"INFO\"><span class=\"wpcf7-form-control wpcf7-acceptance\"><span class=\"wpcf7-list-item\"><input type=\"checkbox\" name=\"INFO\" value=\"1\" checked=\"checked\" aria-invalid=\"false\" \/><\/span><\/span><\/span>Desejo receber informa\u00e7\u00f5es sobre como expor no PEC NORDESTE 2023\n<\/p>\n<div style=\"width:550px; background:#E8F0D1;padding:10px;\">\n\t<p><label style=\"display: block; float: left; width: 150px;\">* Nome : <\/label><span class=\"wpcf7-form-control-wrap\" data-name=\"your-name\"><input size=\"40\" class=\"wpcf7-form-control wpcf7-text wpcf7-validates-as-required\" aria-required=\"true\" aria-invalid=\"false\" value=\"\" type=\"text\" name=\"your-name\" \/><\/span>\n\t<\/p>\n\t<p ><label  style=\"display: block; float: left; width: 150px;\">* Empresa:<\/label><span class=\"wpcf7-form-control-wrap\" data-name=\"empresa\"><input size=\"40\" class=\"wpcf7-form-control wpcf7-text\" aria-invalid=\"false\" value=\"\" type=\"text\" name=\"empresa\" \/><\/span>\n\t<\/p>\n\t<p><label  style=\"display: block; float: left; width: 150px;\">* Cidade: <\/label><span class=\"wpcf7-form-control-wrap\" data-name=\"cidade\"><input size=\"40\" class=\"wpcf7-form-control wpcf7-text wpcf7-validates-as-required\" aria-required=\"true\" aria-invalid=\"false\" value=\"\" type=\"text\" name=\"cidade\" \/><\/span>\n\t<\/p>\n\t<p><label  style=\"display: block; float: left; width: 150px;\">* Estado: <\/label><span class=\"wpcf7-form-control-wrap\" data-name=\"estado\"><input size=\"40\" class=\"wpcf7-form-control wpcf7-text wpcf7-validates-as-required\" aria-required=\"true\" aria-invalid=\"false\" value=\"\" type=\"text\" name=\"estado\" \/><\/span>\n\t<\/p>\n\t<p><label  style=\"display: block; float: left; width: 150px;\">* Fone:<\/label><span class=\"wpcf7-form-control-wrap\" data-name=\"fone\"><input size=\"40\" class=\"wpcf7-form-control wpcf7-text wpcf7-validates-as-required\" aria-required=\"true\" aria-invalid=\"false\" value=\"\" type=\"text\" name=\"fone\" \/><\/span>\n\t<\/p>\n\t<p><label  style=\"display: block; float: left; width: 150px;\">* E-mail : <\/label><span class=\"wpcf7-form-control-wrap\" data-name=\"your-email\"><input size=\"40\" class=\"wpcf7-form-control wpcf7-text wpcf7-email wpcf7-validates-as-required wpcf7-validates-as-email\" aria-required=\"true\" aria-invalid=\"false\" value=\"\" type=\"email\" name=\"your-email\" \/><\/span>\n\t<\/p>\n\t<p><label  style=\"display: block; float: left; width: 150px;\">Observa\u00e7\u00f5es :<\/label><span class=\"wpcf7-form-control-wrap\" data-name=\"observacao\"><textarea cols=\"40\" rows=\"10\" class=\"wpcf7-form-control wpcf7-textarea\" aria-invalid=\"false\" name=\"observacao\"><\/textarea><\/span><\/>\n\t<\/p>\n\t<p><input class=\"wpcf7-form-control has-spinner wpcf7-submit\" type=\"submit\" value=\"Enviar\" \/>\n\t<\/p>\n<\/div><div class=\"wpcf7-response-output\" aria-hidden=\"true\"><\/div>\n<\/form>\n<\/div>\n<\/p>\n","protected":false},"excerpt":{"rendered":"<p>PORQUE EXPOR NO PECNORDESTE 2023? Participar do PECNORDESTE 2023 \u00e9 uma \u00f3tima oportunidade para construir e fortalecer a percep\u00e7\u00e3o da sua marca para os clientes potenciais, bem como lan\u00e7ar novidades em produtos e servi\u00e7os, atraindo a aten\u00e7\u00e3o do p\u00fablico alvo, dos visitantes e da m\u00eddia. Considerado um dos maiores eventos do Agro do Nordeste, o [&hellip;]<\/p>\n","protected":false},"author":1,"featured_media":0,"parent":87,"menu_order":0,"comment_status":"closed","ping_status":"closed","template":"","meta":{"footnotes":"","_links_to":"","_links_to_target":""},"class_list":["post-111","page","type-page","status-publish","czr-hentry"],"jetpack-related-posts":[{"id":119,"url":"http:\/\/pecnordeste.com.br\/2023\/feira\/planta-do-evento\/","url_meta":{"origin":111,"position":0},"title":"Planta Geral do Evento","author":"admin","date":"15 de mar\u00e7o de 2022","format":false,"excerpt":"\ufeff\ufeff PLANTA GERAL DA FEIRA","rel":"","context":"Post similar","block_context":{"text":"Post similar","link":""},"img":{"alt_text":"","src":"","width":0,"height":0},"classes":[]},{"id":67,"url":"http:\/\/pecnordeste.com.br\/2023\/palestrantes\/","url_meta":{"origin":111,"position":1},"title":"Palestrantes PECNORDESTE 2023","author":"admin","date":"8 de mar\u00e7o de 2022","format":false,"excerpt":"","rel":"","context":"Post similar","block_context":{"text":"Post similar","link":""},"img":{"alt_text":"","src":"","width":0,"height":0},"classes":[]},{"id":92,"url":"http:\/\/pecnordeste.com.br\/2023\/inscricoes\/","url_meta":{"origin":111,"position":2},"title":"Inscri\u00e7\u00f5es","author":"admin","date":"13 de mar\u00e7o de 2022","format":false,"excerpt":"Antes de fazer sua inscri\u00e7\u00e3o, confira suas principais d\u00favidas sobre o evento. (Arraste para o lado e visualize todas as perguntas) \u00a0 Ap\u00f3s o pagamento da sua inscri\u00e7\u00e3o, n\u00e3o realizamos cancelamento e devolu\u00e7\u00e3o de valores pagos","rel":"","context":"Post similar","block_context":{"text":"Post similar","link":""},"img":{"alt_text":"","src":"https:\/\/i0.wp.com\/pecnordeste.com.br\/2023\/wp-content\/uploads\/2023\/06\/botao.png?resize=350%2C200","width":350,"height":200},"classes":[]}],"_links":{"self":[{"href":"http:\/\/pecnordeste.com.br\/2023\/wp-json\/wp\/v2\/pages\/111","targetHints":{"allow":["GET"]}}],"collection":[{"href":"http:\/\/pecnordeste.com.br\/2023\/wp-json\/wp\/v2\/pages"}],"about":[{"href":"http:\/\/pecnordeste.com.br\/2023\/wp-json\/wp\/v2\/types\/page"}],"author":[{"embeddable":true,"href":"http:\/\/pecnordeste.com.br\/2023\/wp-json\/wp\/v2\/users\/1"}],"replies":[{"embeddable":true,"href":"http:\/\/pecnordeste.com.br\/2023\/wp-json\/wp\/v2\/comments?post=111"}],"version-history":[{"count":12,"href":"http:\/\/pecnordeste.com.br\/2023\/wp-json\/wp\/v2\/pages\/111\/revisions"}],"predecessor-version":[{"id":1232,"href":"http:\/\/pecnordeste.com.br\/2023\/wp-json\/wp\/v2\/pages\/111\/revisions\/1232"}],"up":[{"embeddable":true,"href":"http:\/\/pecnordeste.com.br\/2023\/wp-json\/wp\/v2\/pages\/87"}],"wp:attachment":[{"href":"http:\/\/pecnordeste.com.br\/2023\/wp-json\/wp\/v2\/media?parent=111"}],"curies":[{"name":"wp","href":"https:\/\/api.w.org\/{rel}","templated":true}]}}