{"id":2001,"date":"2023-06-01T11:21:07","date_gmt":"2023-06-01T14:21:07","guid":{"rendered":"http:\/\/pecnordeste.com.br\/2023\/?page_id=2001"},"modified":"2023-06-01T11:21:07","modified_gmt":"2023-06-01T14:21:07","slug":"perguntas-e-duvidas","status":"publish","type":"page","link":"http:\/\/pecnordeste.com.br\/2023\/perguntas-e-duvidas\/","title":{"rendered":"PERGUNTAS E D\u00daVIDAS"},"content":{"rendered":"<div id=\"sp-ea-1989\" class=\"sp-ea-one sp-easy-accordion\" data-ex-icon=\"fa-minus\" data-col-icon=\"fa-plus\"  data-ea-active=\"ea-click\"  data-ea-mode=\"vertical\" data-preloader=\"\"><div class=\"ea-card  sp-ea-single\"><h3 class=\"ea-header\"><a class=\"collapsed\" data-sptoggle=\"spcollapse\" data-sptarget=#collapse19890 href=\"javascript:void(0)\" aria-expanded=\"false\"><i class=\"ea-expand-icon fa fa-plus\"><\/i> O EVENTO \u00c9 PAGO OU GRATUITO?<\/a><\/h3><div class=\"sp-collapse spcollapse spcollapse\" id=\"collapse19890\" data-parent=#sp-ea-1989><div class=\"ea-body\"><p><img loading=\"lazy\" decoding=\"async\" class=\"aligncenter size-large wp-image-1990\" src=\"http:\/\/pecnordeste.com.br\/2023\/wp-content\/uploads\/2023\/06\/PERGUNTAS-FREQUENTES-1-975x1024.png\" alt=\"\" width=\"975\" height=\"1024\" srcset=\"http:\/\/pecnordeste.com.br\/2023\/wp-content\/uploads\/2023\/06\/PERGUNTAS-FREQUENTES-1-975x1024.png 975w, http:\/\/pecnordeste.com.br\/2023\/wp-content\/uploads\/2023\/06\/PERGUNTAS-FREQUENTES-1-286x300.png 286w, http:\/\/pecnordeste.com.br\/2023\/wp-content\/uploads\/2023\/06\/PERGUNTAS-FREQUENTES-1-768x806.png 768w, http:\/\/pecnordeste.com.br\/2023\/wp-content\/uploads\/2023\/06\/PERGUNTAS-FREQUENTES-1-1463x1536.png 1463w, http:\/\/pecnordeste.com.br\/2023\/wp-content\/uploads\/2023\/06\/PERGUNTAS-FREQUENTES-1-1951x2048.png 1951w\" sizes=\"auto, (max-width: 975px) 100vw, 975px\" \/><\/p>\n<\/div><\/div><\/div><div class=\"ea-card  sp-ea-single\"><h3 class=\"ea-header\"><a class=\"collapsed\" data-sptoggle=\"spcollapse\" data-sptarget=#collapse19891 href=\"javascript:void(0)\" aria-expanded=\"false\"><i class=\"ea-expand-icon fa fa-plus\"><\/i> COMO FAZER MINHA INSCRI\u00c7\u00c3O PARA PARTICIPAR DOS SEMIN\u00c1RIOS OU VISITAR A FEIRA?<\/a><\/h3><div class=\"sp-collapse spcollapse spcollapse\" id=\"collapse19891\" data-parent=#sp-ea-1989><div class=\"ea-body\"><p><img loading=\"lazy\" decoding=\"async\" class=\"aligncenter size-large wp-image-2000\" src=\"http:\/\/pecnordeste.com.br\/2023\/wp-content\/uploads\/2023\/06\/PERGUNTAS-FREQUENTES-2-975x1024.png\" alt=\"\" width=\"975\" height=\"1024\" srcset=\"http:\/\/pecnordeste.com.br\/2023\/wp-content\/uploads\/2023\/06\/PERGUNTAS-FREQUENTES-2-975x1024.png 975w, http:\/\/pecnordeste.com.br\/2023\/wp-content\/uploads\/2023\/06\/PERGUNTAS-FREQUENTES-2-286x300.png 286w, http:\/\/pecnordeste.com.br\/2023\/wp-content\/uploads\/2023\/06\/PERGUNTAS-FREQUENTES-2-768x806.png 768w, http:\/\/pecnordeste.com.br\/2023\/wp-content\/uploads\/2023\/06\/PERGUNTAS-FREQUENTES-2-1463x1536.png 1463w, http:\/\/pecnordeste.com.br\/2023\/wp-content\/uploads\/2023\/06\/PERGUNTAS-FREQUENTES-2-1951x2048.png 1951w\" sizes=\"auto, (max-width: 975px) 100vw, 975px\" \/><\/p>\n<\/div><\/div><\/div><div class=\"ea-card  sp-ea-single\"><h3 class=\"ea-header\"><a class=\"collapsed\" data-sptoggle=\"spcollapse\" data-sptarget=#collapse19892 href=\"javascript:void(0)\" aria-expanded=\"false\"><i class=\"ea-expand-icon fa fa-plus\"><\/i> COMO FAZER MINHA INSCRI\u00c7\u00c3O NO EVENTO MULHERES DO AGRO?<\/a><\/h3><div class=\"sp-collapse spcollapse spcollapse\" id=\"collapse19892\" data-parent=#sp-ea-1989><div class=\"ea-body\"><p><img loading=\"lazy\" decoding=\"async\" class=\"aligncenter size-large wp-image-1999\" src=\"http:\/\/pecnordeste.com.br\/2023\/wp-content\/uploads\/2023\/06\/PERGUNTAS-FREQUENTES-3-975x1024.png\" alt=\"\" width=\"975\" height=\"1024\" srcset=\"http:\/\/pecnordeste.com.br\/2023\/wp-content\/uploads\/2023\/06\/PERGUNTAS-FREQUENTES-3-975x1024.png 975w, http:\/\/pecnordeste.com.br\/2023\/wp-content\/uploads\/2023\/06\/PERGUNTAS-FREQUENTES-3-286x300.png 286w, http:\/\/pecnordeste.com.br\/2023\/wp-content\/uploads\/2023\/06\/PERGUNTAS-FREQUENTES-3-768x806.png 768w, http:\/\/pecnordeste.com.br\/2023\/wp-content\/uploads\/2023\/06\/PERGUNTAS-FREQUENTES-3-1463x1536.png 1463w, http:\/\/pecnordeste.com.br\/2023\/wp-content\/uploads\/2023\/06\/PERGUNTAS-FREQUENTES-3-1951x2048.png 1951w\" sizes=\"auto, (max-width: 975px) 100vw, 975px\" \/><\/p>\n<\/div><\/div><\/div><div class=\"ea-card  sp-ea-single\"><h3 class=\"ea-header\"><a class=\"collapsed\" data-sptoggle=\"spcollapse\" data-sptarget=#collapse19893 href=\"javascript:void(0)\" aria-expanded=\"false\"><i class=\"ea-expand-icon fa fa-plus\"><\/i> FIZ MINHA INSCRI\u00c7\u00c3O E AGORA QUERO MUDAR DE ATIVIDADE. O QUE DEVO FAZER?<\/a><\/h3><div class=\"sp-collapse spcollapse spcollapse\" id=\"collapse19893\" data-parent=#sp-ea-1989><div class=\"ea-body\"><p><img loading=\"lazy\" decoding=\"async\" class=\"aligncenter size-large wp-image-1998\" src=\"http:\/\/pecnordeste.com.br\/2023\/wp-content\/uploads\/2023\/06\/PERGUNTAS-FREQUENTES-4-975x1024.png\" alt=\"\" width=\"975\" height=\"1024\" srcset=\"http:\/\/pecnordeste.com.br\/2023\/wp-content\/uploads\/2023\/06\/PERGUNTAS-FREQUENTES-4-975x1024.png 975w, http:\/\/pecnordeste.com.br\/2023\/wp-content\/uploads\/2023\/06\/PERGUNTAS-FREQUENTES-4-286x300.png 286w, http:\/\/pecnordeste.com.br\/2023\/wp-content\/uploads\/2023\/06\/PERGUNTAS-FREQUENTES-4-768x806.png 768w, http:\/\/pecnordeste.com.br\/2023\/wp-content\/uploads\/2023\/06\/PERGUNTAS-FREQUENTES-4-1463x1536.png 1463w, http:\/\/pecnordeste.com.br\/2023\/wp-content\/uploads\/2023\/06\/PERGUNTAS-FREQUENTES-4-1951x2048.png 1951w\" sizes=\"auto, (max-width: 975px) 100vw, 975px\" \/><\/p>\n<\/div><\/div><\/div><div class=\"ea-card  sp-ea-single\"><h3 class=\"ea-header\"><a class=\"collapsed\" data-sptoggle=\"spcollapse\" data-sptarget=#collapse19894 href=\"javascript:void(0)\" aria-expanded=\"false\"><i class=\"ea-expand-icon fa fa-plus\"><\/i>  O QUE D\u00c1 DIREITO A INSCRI\u00c7\u00c3O NO SEMIN\u00c1RIO E NO SEMIN\u00c1RIO + MINUCURSO?<\/a><\/h3><div class=\"sp-collapse spcollapse spcollapse\" id=\"collapse19894\" data-parent=#sp-ea-1989><div class=\"ea-body\"><p><img loading=\"lazy\" decoding=\"async\" class=\"aligncenter size-large wp-image-1997\" src=\"http:\/\/pecnordeste.com.br\/2023\/wp-content\/uploads\/2023\/06\/PERGUNTAS-FREQUENTES-5-975x1024.png\" alt=\"\" width=\"975\" height=\"1024\" srcset=\"http:\/\/pecnordeste.com.br\/2023\/wp-content\/uploads\/2023\/06\/PERGUNTAS-FREQUENTES-5-975x1024.png 975w, http:\/\/pecnordeste.com.br\/2023\/wp-content\/uploads\/2023\/06\/PERGUNTAS-FREQUENTES-5-286x300.png 286w, http:\/\/pecnordeste.com.br\/2023\/wp-content\/uploads\/2023\/06\/PERGUNTAS-FREQUENTES-5-768x806.png 768w, http:\/\/pecnordeste.com.br\/2023\/wp-content\/uploads\/2023\/06\/PERGUNTAS-FREQUENTES-5-1463x1536.png 1463w, http:\/\/pecnordeste.com.br\/2023\/wp-content\/uploads\/2023\/06\/PERGUNTAS-FREQUENTES-5-1951x2048.png 1951w\" sizes=\"auto, (max-width: 975px) 100vw, 975px\" \/><\/p>\n<\/div><\/div><\/div><div class=\"ea-card  sp-ea-single\"><h3 class=\"ea-header\"><a class=\"collapsed\" data-sptoggle=\"spcollapse\" data-sptarget=#collapse19895 href=\"javascript:void(0)\" aria-expanded=\"false\"><i class=\"ea-expand-icon fa fa-plus\"><\/i> POSSO FAZER A INSCRI\u00c7\u00c3O EM MAIS DE UMA ATIVIDADE?<\/a><\/h3><div class=\"sp-collapse spcollapse spcollapse\" id=\"collapse19895\" data-parent=#sp-ea-1989><div class=\"ea-body\"><p><img loading=\"lazy\" decoding=\"async\" class=\"aligncenter size-large wp-image-1996\" src=\"http:\/\/pecnordeste.com.br\/2023\/wp-content\/uploads\/2023\/06\/PERGUNTAS-FREQUENTES-6-975x1024.png\" alt=\"\" width=\"975\" height=\"1024\" srcset=\"http:\/\/pecnordeste.com.br\/2023\/wp-content\/uploads\/2023\/06\/PERGUNTAS-FREQUENTES-6-975x1024.png 975w, http:\/\/pecnordeste.com.br\/2023\/wp-content\/uploads\/2023\/06\/PERGUNTAS-FREQUENTES-6-286x300.png 286w, http:\/\/pecnordeste.com.br\/2023\/wp-content\/uploads\/2023\/06\/PERGUNTAS-FREQUENTES-6-768x806.png 768w, http:\/\/pecnordeste.com.br\/2023\/wp-content\/uploads\/2023\/06\/PERGUNTAS-FREQUENTES-6-1463x1536.png 1463w, http:\/\/pecnordeste.com.br\/2023\/wp-content\/uploads\/2023\/06\/PERGUNTAS-FREQUENTES-6-1951x2048.png 1951w\" sizes=\"auto, (max-width: 975px) 100vw, 975px\" \/><\/p>\n<\/div><\/div><\/div><div class=\"ea-card  sp-ea-single\"><h3 class=\"ea-header\"><a class=\"collapsed\" data-sptoggle=\"spcollapse\" data-sptarget=#collapse19896 href=\"javascript:void(0)\" aria-expanded=\"false\"><i class=\"ea-expand-icon fa fa-plus\"><\/i> COMO FAZER INSCRI\u00c7\u00c3O DE CARAVANA?<\/a><\/h3><div class=\"sp-collapse spcollapse spcollapse\" id=\"collapse19896\" data-parent=#sp-ea-1989><div class=\"ea-body\"><p><img loading=\"lazy\" decoding=\"async\" class=\"aligncenter size-large wp-image-1995\" src=\"http:\/\/pecnordeste.com.br\/2023\/wp-content\/uploads\/2023\/06\/PERGUNTAS-FREQUENTES-7-975x1024.png\" alt=\"\" width=\"975\" height=\"1024\" srcset=\"http:\/\/pecnordeste.com.br\/2023\/wp-content\/uploads\/2023\/06\/PERGUNTAS-FREQUENTES-7-975x1024.png 975w, http:\/\/pecnordeste.com.br\/2023\/wp-content\/uploads\/2023\/06\/PERGUNTAS-FREQUENTES-7-286x300.png 286w, http:\/\/pecnordeste.com.br\/2023\/wp-content\/uploads\/2023\/06\/PERGUNTAS-FREQUENTES-7-768x806.png 768w, http:\/\/pecnordeste.com.br\/2023\/wp-content\/uploads\/2023\/06\/PERGUNTAS-FREQUENTES-7-1463x1536.png 1463w, http:\/\/pecnordeste.com.br\/2023\/wp-content\/uploads\/2023\/06\/PERGUNTAS-FREQUENTES-7-1951x2048.png 1951w\" sizes=\"auto, (max-width: 975px) 100vw, 975px\" \/><\/p>\n<\/div><\/div><\/div><div class=\"ea-card  sp-ea-single\"><h3 class=\"ea-header\"><a class=\"collapsed\" data-sptoggle=\"spcollapse\" data-sptarget=#collapse19897 href=\"javascript:void(0)\" aria-expanded=\"false\"><i class=\"ea-expand-icon fa fa-plus\"><\/i> QUAIS OS HOR\u00c1RIOS E PROGRAMA\u00c7\u00c3O DO EVENTO?<\/a><\/h3><div class=\"sp-collapse spcollapse spcollapse\" id=\"collapse19897\" data-parent=#sp-ea-1989><div class=\"ea-body\"><p><img loading=\"lazy\" decoding=\"async\" class=\"aligncenter size-large wp-image-1994\" src=\"http:\/\/pecnordeste.com.br\/2023\/wp-content\/uploads\/2023\/06\/PERGUNTAS-FREQUENTES-8-975x1024.png\" alt=\"\" width=\"975\" height=\"1024\" srcset=\"http:\/\/pecnordeste.com.br\/2023\/wp-content\/uploads\/2023\/06\/PERGUNTAS-FREQUENTES-8-975x1024.png 975w, http:\/\/pecnordeste.com.br\/2023\/wp-content\/uploads\/2023\/06\/PERGUNTAS-FREQUENTES-8-286x300.png 286w, http:\/\/pecnordeste.com.br\/2023\/wp-content\/uploads\/2023\/06\/PERGUNTAS-FREQUENTES-8-768x806.png 768w, http:\/\/pecnordeste.com.br\/2023\/wp-content\/uploads\/2023\/06\/PERGUNTAS-FREQUENTES-8-1463x1536.png 1463w, http:\/\/pecnordeste.com.br\/2023\/wp-content\/uploads\/2023\/06\/PERGUNTAS-FREQUENTES-8-1951x2048.png 1951w\" sizes=\"auto, (max-width: 975px) 100vw, 975px\" \/><\/p>\n<\/div><\/div><\/div><div class=\"ea-card  sp-ea-single\"><h3 class=\"ea-header\"><a class=\"collapsed\" data-sptoggle=\"spcollapse\" data-sptarget=#collapse19898 href=\"javascript:void(0)\" aria-expanded=\"false\"><i class=\"ea-expand-icon fa fa-plus\"><\/i> QUAIS OS VALORES DA INSCRI\u00c7\u00c3O PARA PARTICIPAR DO SEMIN\u00c1RIO?<\/a><\/h3><div class=\"sp-collapse spcollapse spcollapse\" id=\"collapse19898\" data-parent=#sp-ea-1989><div class=\"ea-body\"><p><img loading=\"lazy\" decoding=\"async\" class=\"aligncenter size-large wp-image-1993\" src=\"http:\/\/pecnordeste.com.br\/2023\/wp-content\/uploads\/2023\/06\/PERGUNTAS-FREQUENTES-9-975x1024.png\" alt=\"\" width=\"975\" height=\"1024\" srcset=\"http:\/\/pecnordeste.com.br\/2023\/wp-content\/uploads\/2023\/06\/PERGUNTAS-FREQUENTES-9-975x1024.png 975w, http:\/\/pecnordeste.com.br\/2023\/wp-content\/uploads\/2023\/06\/PERGUNTAS-FREQUENTES-9-286x300.png 286w, http:\/\/pecnordeste.com.br\/2023\/wp-content\/uploads\/2023\/06\/PERGUNTAS-FREQUENTES-9-768x806.png 768w, http:\/\/pecnordeste.com.br\/2023\/wp-content\/uploads\/2023\/06\/PERGUNTAS-FREQUENTES-9-1463x1536.png 1463w, http:\/\/pecnordeste.com.br\/2023\/wp-content\/uploads\/2023\/06\/PERGUNTAS-FREQUENTES-9-1951x2048.png 1951w\" sizes=\"auto, (max-width: 975px) 100vw, 975px\" \/><\/p>\n<\/div><\/div><\/div><div class=\"ea-card  sp-ea-single\"><h3 class=\"ea-header\"><a class=\"collapsed\" data-sptoggle=\"spcollapse\" data-sptarget=#collapse19899 href=\"javascript:void(0)\" aria-expanded=\"false\"><i class=\"ea-expand-icon fa fa-plus\"><\/i> POSSO ME INSCREVER APENAS PARA 01 DIA DE SEMIN\u00c1RIO?<\/a><\/h3><div class=\"sp-collapse spcollapse spcollapse\" id=\"collapse19899\" data-parent=#sp-ea-1989><div class=\"ea-body\"><p><img loading=\"lazy\" decoding=\"async\" class=\"aligncenter size-large wp-image-1992\" src=\"http:\/\/pecnordeste.com.br\/2023\/wp-content\/uploads\/2023\/06\/PERGUNTAS-FREQUENTES-10-975x1024.png\" alt=\"\" width=\"975\" height=\"1024\" srcset=\"http:\/\/pecnordeste.com.br\/2023\/wp-content\/uploads\/2023\/06\/PERGUNTAS-FREQUENTES-10-975x1024.png 975w, http:\/\/pecnordeste.com.br\/2023\/wp-content\/uploads\/2023\/06\/PERGUNTAS-FREQUENTES-10-286x300.png 286w, http:\/\/pecnordeste.com.br\/2023\/wp-content\/uploads\/2023\/06\/PERGUNTAS-FREQUENTES-10-768x806.png 768w, http:\/\/pecnordeste.com.br\/2023\/wp-content\/uploads\/2023\/06\/PERGUNTAS-FREQUENTES-10-1463x1536.png 1463w, http:\/\/pecnordeste.com.br\/2023\/wp-content\/uploads\/2023\/06\/PERGUNTAS-FREQUENTES-10-1951x2048.png 1951w\" sizes=\"auto, (max-width: 975px) 100vw, 975px\" \/><\/p>\n<\/div><\/div><\/div><div class=\"ea-card  sp-ea-single\"><h3 class=\"ea-header\"><a class=\"collapsed\" data-sptoggle=\"spcollapse\" data-sptarget=#collapse198910 href=\"javascript:void(0)\" aria-expanded=\"false\"><i class=\"ea-expand-icon fa fa-plus\"><\/i> SOU EXPOSITOR, PRECISO FAZER A INSCRI\u00c7\u00c3O?<\/a><\/h3><div class=\"sp-collapse spcollapse spcollapse\" id=\"collapse198910\" data-parent=#sp-ea-1989><div class=\"ea-body\"><p><img loading=\"lazy\" decoding=\"async\" class=\"aligncenter size-large wp-image-1991\" src=\"http:\/\/pecnordeste.com.br\/2023\/wp-content\/uploads\/2023\/06\/PERGUNTAS-FREQUENTES-11-975x1024.png\" alt=\"\" width=\"975\" height=\"1024\" srcset=\"http:\/\/pecnordeste.com.br\/2023\/wp-content\/uploads\/2023\/06\/PERGUNTAS-FREQUENTES-11-975x1024.png 975w, http:\/\/pecnordeste.com.br\/2023\/wp-content\/uploads\/2023\/06\/PERGUNTAS-FREQUENTES-11-286x300.png 286w, http:\/\/pecnordeste.com.br\/2023\/wp-content\/uploads\/2023\/06\/PERGUNTAS-FREQUENTES-11-768x806.png 768w, http:\/\/pecnordeste.com.br\/2023\/wp-content\/uploads\/2023\/06\/PERGUNTAS-FREQUENTES-11-1463x1536.png 1463w, http:\/\/pecnordeste.com.br\/2023\/wp-content\/uploads\/2023\/06\/PERGUNTAS-FREQUENTES-11-1951x2048.png 1951w\" sizes=\"auto, (max-width: 975px) 100vw, 975px\" \/><\/p>\n<\/div><\/div><\/div><\/div>\n","protected":false},"excerpt":{"rendered":"","protected":false},"author":1,"featured_media":0,"parent":0,"menu_order":0,"comment_status":"closed","ping_status":"closed","template":"","meta":{"footnotes":"","_links_to":"","_links_to_target":""},"class_list":["post-2001","page","type-page","status-publish","czr-hentry"],"jetpack-related-posts":[{"id":67,"url":"http:\/\/pecnordeste.com.br\/2023\/palestrantes\/","url_meta":{"origin":2001,"position":0},"title":"Palestrantes PECNORDESTE 2023","author":"admin","date":"8 de mar\u00e7o de 2022","format":false,"excerpt":"","rel":"","context":"Post similar","block_context":{"text":"Post similar","link":""},"img":{"alt_text":"","src":"","width":0,"height":0},"classes":[]},{"id":65,"url":"http:\/\/pecnordeste.com.br\/2023\/programacao\/","url_meta":{"origin":2001,"position":1},"title":"Programa\u00e7\u00e3o","author":"admin","date":"8 de mar\u00e7o de 2022","format":false,"excerpt":"PROGRAMA\u00c7\u00c3O GERAL \u00a0","rel":"","context":"Post similar","block_context":{"text":"Post similar","link":""},"img":{"alt_text":"","src":"https:\/\/i0.wp.com\/pecnordeste.com.br\/2023\/wp-content\/uploads\/2022\/03\/Destaque-Programacao-1.png?resize=350%2C200","width":350,"height":200},"classes":[]},{"id":356,"url":"http:\/\/pecnordeste.com.br\/2023\/trabalhos-cientificos\/","url_meta":{"origin":2001,"position":2},"title":"Trabalhos Cient\u00edficos","author":"admin","date":"8 de abril de 2022","format":false,"excerpt":"Baixe aqui o seu Certifidado Lista Final - Trabalhos Submetidos 2023 RESULTADO PARCIAL TRABALHOS CIENTIFICOS 2023 RESULTADO FINAL - TRABALHOS CIENTIFICOS RESULTADO FINAL DIA 15 RESULTADO FINAL DIA 16 \u00a0 Edital Trabalhos Cient\u00edficos - PECNORDESTE 2023 \ufeff\ufeff\ufeff\ufeff Modelos MODELO POSTER TRABALHOS CIENT\u00cdFICOS (PDF) MODELO POSTER TRABALHOS CIENT\u00cdFICOS (PNG)","rel":"","context":"Post similar","block_context":{"text":"Post similar","link":""},"img":{"alt_text":"","src":"https:\/\/i0.wp.com\/pecnordeste.com.br\/2023\/wp-content\/uploads\/2023\/06\/60eb17e4-f469-4d82-8e1a-689ea0b6a319-150x150.jpg?resize=350%2C200","width":350,"height":200},"classes":[]},{"id":69,"url":"http:\/\/pecnordeste.com.br\/2023\/contato\/","url_meta":{"origin":2001,"position":3},"title":"Contato","author":"admin","date":"8 de mar\u00e7o de 2022","format":false,"excerpt":"","rel":"","context":"Post similar","block_context":{"text":"Post similar","link":""},"img":{"alt_text":"","src":"","width":0,"height":0},"classes":[]},{"id":1359,"url":"http:\/\/pecnordeste.com.br\/2023\/trabalhos-cientificos-apicultura\/","url_meta":{"origin":2001,"position":4},"title":"Trabalhos Cient\u00edficos &#8211; Apicultura","author":"admin","date":"23 de fevereiro de 2023","format":false,"excerpt":"","rel":"","context":"Post similar","block_context":{"text":"Post similar","link":""},"img":{"alt_text":"","src":"","width":0,"height":0},"classes":[]}],"_links":{"self":[{"href":"http:\/\/pecnordeste.com.br\/2023\/wp-json\/wp\/v2\/pages\/2001","targetHints":{"allow":["GET"]}}],"collection":[{"href":"http:\/\/pecnordeste.com.br\/2023\/wp-json\/wp\/v2\/pages"}],"about":[{"href":"http:\/\/pecnordeste.com.br\/2023\/wp-json\/wp\/v2\/types\/page"}],"author":[{"embeddable":true,"href":"http:\/\/pecnordeste.com.br\/2023\/wp-json\/wp\/v2\/users\/1"}],"replies":[{"embeddable":true,"href":"http:\/\/pecnordeste.com.br\/2023\/wp-json\/wp\/v2\/comments?post=2001"}],"version-history":[{"count":1,"href":"http:\/\/pecnordeste.com.br\/2023\/wp-json\/wp\/v2\/pages\/2001\/revisions"}],"predecessor-version":[{"id":2002,"href":"http:\/\/pecnordeste.com.br\/2023\/wp-json\/wp\/v2\/pages\/2001\/revisions\/2002"}],"wp:attachment":[{"href":"http:\/\/pecnordeste.com.br\/2023\/wp-json\/wp\/v2\/media?parent=2001"}],"curies":[{"name":"wp","href":"https:\/\/api.w.org\/{rel}","templated":true}]}}