{"id":2375,"date":"2023-06-27T09:43:28","date_gmt":"2023-06-27T12:43:28","guid":{"rendered":"http:\/\/pecnordeste.com.br\/2023\/?page_id=2375"},"modified":"2023-06-27T09:43:28","modified_gmt":"2023-06-27T12:43:28","slug":"certificados-pec2023","status":"publish","type":"page","link":"http:\/\/pecnordeste.com.br\/2023\/certificados-pec2023\/","title":{"rendered":"Certificados PEC2023"},"content":{"rendered":"<p><strong><u>AVALIA\u00c7\u00c3O DO EVENTO<\/u><\/strong><\/p>\n<p>Clique no link abaixo para fazer sua avalia\u00e7\u00e3o do evento.<br \/>\n<a href=\"https:\/\/docs.google.com\/forms\/d\/e\/1FAIpQLSeAUTCdUTnsZRxYPS2Dh4l7g_GHEBCtMP80K65mm8gRskBxXw\/viewform\">https:\/\/docs.google.com\/forms\/d\/e\/1FAIpQLSc1XZuRa-NnTgRDTzLpj4s6a30rIhQovKq-iOrJTdU7t6TqLg\/formResponsehttps:\/\/docs.google.com\/forms\/d\/1zMQyMqn9-plX4QL6aNV92w8dhLahDcIpOnRgg0oa5YI\/edit?ts=629a5064<\/a><\/p>\n<div><b>Participe da nossa avalia\u00e7\u00e3o do Pecnordeste 2023 e nos ajude a fazer um evento cada vez melhor para voc\u00ea!!. Clique abaixo e participe. S\u00f3 vai levar um minuto do seu tempo.<\/b><\/div>\n<div><\/div>\n<h4><strong><a href=\"https:\/\/pec2023.gupe.com.br\/certificados\">Clique aqui para baixar seu certificado PEC2023!<\/a><\/strong><\/h4>\n<p><a href=\"https:\/\/pec2023.gupe.com.br\/certificados\"><img loading=\"lazy\" decoding=\"async\" class=\"aligncenter size-large wp-image-2376\" src=\"http:\/\/pecnordeste.com.br\/2023\/wp-content\/uploads\/2023\/06\/CERTIFICADO-DISPONIVEL-819x1024.jpeg\" alt=\"\" width=\"819\" height=\"1024\" srcset=\"http:\/\/pecnordeste.com.br\/2023\/wp-content\/uploads\/2023\/06\/CERTIFICADO-DISPONIVEL-819x1024.jpeg 819w, http:\/\/pecnordeste.com.br\/2023\/wp-content\/uploads\/2023\/06\/CERTIFICADO-DISPONIVEL-240x300.jpeg 240w, http:\/\/pecnordeste.com.br\/2023\/wp-content\/uploads\/2023\/06\/CERTIFICADO-DISPONIVEL-768x960.jpeg 768w, http:\/\/pecnordeste.com.br\/2023\/wp-content\/uploads\/2023\/06\/CERTIFICADO-DISPONIVEL.jpeg 1024w\" sizes=\"auto, (max-width: 819px) 100vw, 819px\" \/><\/a><\/p>\n","protected":false},"excerpt":{"rendered":"<p>AVALIA\u00c7\u00c3O DO EVENTO Clique no link abaixo para fazer sua avalia\u00e7\u00e3o do evento. https:\/\/docs.google.com\/forms\/d\/e\/1FAIpQLSc1XZuRa-NnTgRDTzLpj4s6a30rIhQovKq-iOrJTdU7t6TqLg\/formResponsehttps:\/\/docs.google.com\/forms\/d\/1zMQyMqn9-plX4QL6aNV92w8dhLahDcIpOnRgg0oa5YI\/edit?ts=629a5064 Participe da nossa avalia\u00e7\u00e3o do Pecnordeste 2023 e nos ajude a fazer um evento cada vez melhor para voc\u00ea!!. Clique abaixo e participe. S\u00f3 vai levar um minuto do seu tempo. Clique aqui para baixar seu certificado PEC2023!<\/p>\n","protected":false},"author":1,"featured_media":0,"parent":0,"menu_order":0,"comment_status":"closed","ping_status":"closed","template":"","meta":{"footnotes":"","_links_to":"","_links_to_target":""},"class_list":["post-2375","page","type-page","status-publish","czr-hentry"],"jetpack-related-posts":[{"id":818,"url":"http:\/\/pecnordeste.com.br\/2023\/certificados-pec2022\/","url_meta":{"origin":2375,"position":0},"title":"Certificados PEC2022","author":"admin","date":"7 de julho de 2022","format":false,"excerpt":"AVALIA\u00c7\u00c3O DO EVENTO Clique no link abaixo para fazer sua avalia\u00e7\u00e3o do evento. https:\/\/docs.google.com\/forms\/d\/e\/1FAIpQLSc1XZuRa-NnTgRDTzLpj4s6a30rIhQovKq-iOrJTdU7t6TqLg\/formResponsehttps:\/\/docs.google.com\/forms\/d\/1zMQyMqn9-plX4QL6aNV92w8dhLahDcIpOnRgg0oa5YI\/edit?ts=629a5064 Sua participa\u00e7\u00e3o \u00e9 muito importante, para que possamos ter acesso a sugest\u00f5es de temas e melhorar cada vez mais o semin\u00e1rio para o ano de 2023. CLIQUE AQUI PARA ACESSAR O SEU CERTIFICADO DE PARTICIPA\u00c7\u00c3O","rel":"","context":"Post similar","block_context":{"text":"Post similar","link":""},"img":{"alt_text":"","src":"https:\/\/i0.wp.com\/pecnordeste.com.br\/2023\/wp-content\/uploads\/2022\/11\/CERTIFICADOS.png?resize=350%2C200","width":350,"height":200,"srcset":"https:\/\/i0.wp.com\/pecnordeste.com.br\/2023\/wp-content\/uploads\/2022\/11\/CERTIFICADOS.png?resize=350%2C200 1x, https:\/\/i0.wp.com\/pecnordeste.com.br\/2023\/wp-content\/uploads\/2022\/11\/CERTIFICADOS.png?resize=700%2C400 2x"},"classes":[]},{"id":111,"url":"http:\/\/pecnordeste.com.br\/2023\/feira\/como-expor\/","url_meta":{"origin":2375,"position":1},"title":"Como Expor","author":"admin","date":"15 de mar\u00e7o de 2022","format":false,"excerpt":"PORQUE EXPOR NO PECNORDESTE 2023? Participar do PECNORDESTE 2023 \u00e9 uma \u00f3tima oportunidade para construir e fortalecer a percep\u00e7\u00e3o da sua marca para os clientes potenciais, bem como lan\u00e7ar novidades em produtos e servi\u00e7os, atraindo a aten\u00e7\u00e3o do p\u00fablico alvo, dos visitantes e da m\u00eddia. Considerado um dos maiores eventos\u2026","rel":"","context":"Post similar","block_context":{"text":"Post similar","link":""},"img":{"alt_text":"","src":"","width":0,"height":0},"classes":[]}],"_links":{"self":[{"href":"http:\/\/pecnordeste.com.br\/2023\/wp-json\/wp\/v2\/pages\/2375","targetHints":{"allow":["GET"]}}],"collection":[{"href":"http:\/\/pecnordeste.com.br\/2023\/wp-json\/wp\/v2\/pages"}],"about":[{"href":"http:\/\/pecnordeste.com.br\/2023\/wp-json\/wp\/v2\/types\/page"}],"author":[{"embeddable":true,"href":"http:\/\/pecnordeste.com.br\/2023\/wp-json\/wp\/v2\/users\/1"}],"replies":[{"embeddable":true,"href":"http:\/\/pecnordeste.com.br\/2023\/wp-json\/wp\/v2\/comments?post=2375"}],"version-history":[{"count":1,"href":"http:\/\/pecnordeste.com.br\/2023\/wp-json\/wp\/v2\/pages\/2375\/revisions"}],"predecessor-version":[{"id":2377,"href":"http:\/\/pecnordeste.com.br\/2023\/wp-json\/wp\/v2\/pages\/2375\/revisions\/2377"}],"wp:attachment":[{"href":"http:\/\/pecnordeste.com.br\/2023\/wp-json\/wp\/v2\/media?parent=2375"}],"curies":[{"name":"wp","href":"https:\/\/api.w.org\/{rel}","templated":true}]}}