{"id":53,"date":"2022-03-08T14:41:17","date_gmt":"2022-03-08T17:41:17","guid":{"rendered":"http:\/\/pecnordeste.com.br\/2022\/?page_id=53"},"modified":"2023-02-06T10:51:14","modified_gmt":"2023-02-06T13:51:14","slug":"apresentacao","status":"publish","type":"page","link":"http:\/\/pecnordeste.com.br\/2023\/apresentacao\/","title":{"rendered":"Apresenta\u00e7\u00e3o"},"content":{"rendered":"<div style=\"text-align: justify;\">\n<p>O Semin\u00e1rio Nordestino de Pecu\u00e1ria &#8211; PECNORDESTE \u00e9 um importante evento do agroneg\u00f3cio promovido pela Federa\u00e7\u00e3o da Agricultura e Pecu\u00e1ria do Estado do Cear\u00e1 &#8211; FAEC, pelo Servi\u00e7o Nacional de Aprendizagem Rural do Cear\u00e1 &#8211; SENAR\/CE, pelo Servi\u00e7o de Apoio \u00e0s Micro e Pequenas Empresas do Estado do Cear\u00e1 \u2013 SEBRAE\/CE e pelos Sindicatos Rurais, que busca a capacita\u00e7\u00e3o de produtores rurais, estudantes e micro e pequenas empres\u00e1rios do setor, sempre abordando tem\u00e1ticas relevantes para o agroneg\u00f3cio nordestino e trazendo o debate de temas que impactam no dia a dia do produtor rural e na sua atividade.<\/p>\n<p>Em sua vig\u00e9sima sexta edi\u00e7\u00e3o, o PECNORDESTE ocorrer\u00e1 de 15 a 17 de junho, no Centro de Eventos do Cear\u00e1, em Fortaleza, com uma programa\u00e7\u00e3o t\u00e9cnico-cient\u00edfica de capacita\u00e7\u00e3o, envolvendo 12 segmentos do Agro: Apicultura, Aquicultura e Pesca, Avicultura, Bovinocultura, Caprinovinocultura, Equinocultura Suinocultura, Fruticultura, Cajucultura, Floricultura e Agroind\u00fastria, al\u00e9m do semento PET, por meio da realiza\u00e7\u00e3o de palestras, mesas redondas e oficinas.<\/p>\n<p>Dentro da programa\u00e7\u00e3o t\u00e9cnica, haver\u00e1 a IV Mostra de Trabalhos Cient\u00edficos, com a exposi\u00e7\u00e3o de p\u00f4steres de trabalhos nos segmentos que comp\u00f5em a programa\u00e7\u00e3o, incentivando a pesquisa e a apresenta\u00e7\u00e3o de novas tecnologias no agroneg\u00f3cio.<\/p>\n<p>Al\u00e9m do semin\u00e1rio, o evento contar\u00e1 com a realiza\u00e7\u00e3o da Feira do Agro Norte e Nordeste que ocorrer\u00e1 numa \u00e1rea de 13.500m<sup>2<\/sup>, com a participa\u00e7\u00e3o de empresas e institui\u00e7\u00f5es ligados ao agroneg\u00f3cio.<\/p>\n<p><strong>COMISS\u00c3O ORGANIZADORA<\/strong><\/p>\n<p><strong>Coordenador Geral<\/strong><\/p>\n<p>Emerson Pinto Moreira<\/p>\n<p><strong>Coordenador T\u00e9cnico Cient\u00edfico<\/strong><\/p>\n<p>Eduardo Mello Barroso<\/p>\n<p><strong>Coordenador Administrativo e Financeiro<\/strong><\/p>\n<p>Carlos Bezerra Filho<\/p>\n<p>Membros das Subcomiss\u00f5es:<\/p>\n<p><strong><u>Administrativa e Financeira<\/u><\/strong><strong>:<\/strong>\u00a0Maria Augusta Moreira de Sousa, Maria do Socorro Correia Silva, Maria Nilza Luna Lucas.<\/p>\n<p><strong><u>Inform\u00e1tica<\/u><\/strong><strong>:<\/strong>\u00a0Brunno Carvalho, Geovana Costa e Thiago Moura Varela.<\/p>\n<p><strong><u>Licita\u00e7\u00e3o<\/u><\/strong><strong>:\u00a0<\/strong>Jussara Dias Soares, Jos\u00e9 Bezerra, Wesley Gueller.<\/p>\n<p><strong><u>T\u00e9cnica<\/u><\/strong><strong>:<\/strong>\u00a0Ana Kelly Cl\u00e1udio Gon\u00e7alves (Oficinas Vitrine)<\/p>\n<p>Mariana de Menezes Silva, Henrique Matias, Roberta S\u00e1 Gondim e Carolina Machado Barroso (Trabalhos Cient\u00edficos)<\/p>\n<p><strong>Coordenadores Setoriais<\/strong><\/p>\n<p>Paulo Jorge (Agroind\u00fastria), Hiara Meneses (Apicultura), Ant\u00f4nio da Costa Albuquerque Filho (Aquicultura e Pesca), Andr\u00e9 de Freitas Siqueira (Avicultura Caipira), Bernardo Carneiro (Avicultura Industrial) Candice Rangel (Bovinocultura de corte), Marcelo da Costa Viana (Bovinocultura de Leite), Marcelo Cola\u00e7o (Cajucultura), Jos\u00e9 Darlan de Almeida Carneiro Filho (Caprinovinocultura), Matheus Di\u00f3genes (Equinocultura), Erildo Pontes (Fruticultura e Floricultura), Tiago Silva Andrade (Suinocultura), Reinaldo Viana (PET), Adriana Palmieri (Trabalhos Cient\u00edficos).<\/p>\n<\/div>\n","protected":false},"excerpt":{"rendered":"<p>O Semin\u00e1rio Nordestino de Pecu\u00e1ria &#8211; PECNORDESTE \u00e9 um importante evento do agroneg\u00f3cio promovido pela Federa\u00e7\u00e3o da Agricultura e Pecu\u00e1ria do Estado do Cear\u00e1 &#8211; FAEC, pelo Servi\u00e7o Nacional de Aprendizagem Rural do Cear\u00e1 &#8211; SENAR\/CE, pelo Servi\u00e7o de Apoio \u00e0s Micro e Pequenas Empresas do Estado do Cear\u00e1 \u2013 SEBRAE\/CE e pelos Sindicatos Rurais, [&hellip;]<\/p>\n","protected":false},"author":1,"featured_media":1207,"parent":0,"menu_order":0,"comment_status":"closed","ping_status":"closed","template":"","meta":{"footnotes":"","_links_to":"","_links_to_target":""},"class_list":["post-53","page","type-page","status-publish","has-post-thumbnail","czr-hentry"],"jetpack-related-posts":[{"id":111,"url":"http:\/\/pecnordeste.com.br\/2023\/feira\/como-expor\/","url_meta":{"origin":53,"position":0},"title":"Como Expor","author":"admin","date":"15 de mar\u00e7o de 2022","format":false,"excerpt":"PORQUE EXPOR NO PECNORDESTE 2023? Participar do PECNORDESTE 2023 \u00e9 uma \u00f3tima oportunidade para construir e fortalecer a percep\u00e7\u00e3o da sua marca para os clientes potenciais, bem como lan\u00e7ar novidades em produtos e servi\u00e7os, atraindo a aten\u00e7\u00e3o do p\u00fablico alvo, dos visitantes e da m\u00eddia. Considerado um dos maiores eventos\u2026","rel":"","context":"Post similar","block_context":{"text":"Post similar","link":""},"img":{"alt_text":"","src":"","width":0,"height":0},"classes":[]}],"_links":{"self":[{"href":"http:\/\/pecnordeste.com.br\/2023\/wp-json\/wp\/v2\/pages\/53","targetHints":{"allow":["GET"]}}],"collection":[{"href":"http:\/\/pecnordeste.com.br\/2023\/wp-json\/wp\/v2\/pages"}],"about":[{"href":"http:\/\/pecnordeste.com.br\/2023\/wp-json\/wp\/v2\/types\/page"}],"author":[{"embeddable":true,"href":"http:\/\/pecnordeste.com.br\/2023\/wp-json\/wp\/v2\/users\/1"}],"replies":[{"embeddable":true,"href":"http:\/\/pecnordeste.com.br\/2023\/wp-json\/wp\/v2\/comments?post=53"}],"version-history":[{"count":13,"href":"http:\/\/pecnordeste.com.br\/2023\/wp-json\/wp\/v2\/pages\/53\/revisions"}],"predecessor-version":[{"id":1307,"href":"http:\/\/pecnordeste.com.br\/2023\/wp-json\/wp\/v2\/pages\/53\/revisions\/1307"}],"wp:featuredmedia":[{"embeddable":true,"href":"http:\/\/pecnordeste.com.br\/2023\/wp-json\/wp\/v2\/media\/1207"}],"wp:attachment":[{"href":"http:\/\/pecnordeste.com.br\/2023\/wp-json\/wp\/v2\/media?parent=53"}],"curies":[{"name":"wp","href":"https:\/\/api.w.org\/{rel}","templated":true}]}}