{"id":818,"date":"2022-07-07T14:38:45","date_gmt":"2022-07-07T17:38:45","guid":{"rendered":"http:\/\/pecnordeste.com.br\/2022\/?page_id=818"},"modified":"2022-11-17T07:59:40","modified_gmt":"2022-11-17T10:59:40","slug":"certificados-pec2022","status":"publish","type":"page","link":"http:\/\/pecnordeste.com.br\/2023\/certificados-pec2022\/","title":{"rendered":"Certificados PEC2022"},"content":{"rendered":"<p><strong><u>AVALIA\u00c7\u00c3O DO EVENTO<\/u><\/strong><\/p>\n<p>Clique no link abaixo para fazer sua avalia\u00e7\u00e3o do evento.<br \/>\n<a href=\"https:\/\/docs.google.com\/forms\/d\/1zMQyMqn9-plX4QL6aNV92w8dhLahDcIpOnRgg0oa5YI\/edit?ts=629a5064\">https:\/\/docs.google.com\/forms\/d\/e\/1FAIpQLSc1XZuRa-NnTgRDTzLpj4s6a30rIhQovKq-iOrJTdU7t6TqLg\/formResponsehttps:\/\/docs.google.com\/forms\/d\/1zMQyMqn9-plX4QL6aNV92w8dhLahDcIpOnRgg0oa5YI\/edit?ts=629a5064<\/a><\/p>\n<p>Sua participa\u00e7\u00e3o \u00e9 muito importante, para que possamos ter acesso a sugest\u00f5es de temas e melhorar cada vez mais o semin\u00e1rio para o ano de 2023.<\/p>\n<p><a href=\"https:\/\/pecnordeste2022.gupe.com.br\/certificados\"><strong>CLIQUE AQUI PARA ACESSAR O SEU CERTIFICADO DE PARTICIPA\u00c7\u00c3O<\/strong><\/a><\/p>\n","protected":false},"excerpt":{"rendered":"<p>AVALIA\u00c7\u00c3O DO EVENTO Clique no link abaixo para fazer sua avalia\u00e7\u00e3o do evento. https:\/\/docs.google.com\/forms\/d\/e\/1FAIpQLSc1XZuRa-NnTgRDTzLpj4s6a30rIhQovKq-iOrJTdU7t6TqLg\/formResponsehttps:\/\/docs.google.com\/forms\/d\/1zMQyMqn9-plX4QL6aNV92w8dhLahDcIpOnRgg0oa5YI\/edit?ts=629a5064 Sua participa\u00e7\u00e3o \u00e9 muito importante, para que possamos ter acesso a sugest\u00f5es de temas e melhorar cada vez mais o semin\u00e1rio para o ano de 2023. CLIQUE AQUI PARA ACESSAR O SEU CERTIFICADO DE PARTICIPA\u00c7\u00c3O<\/p>\n","protected":false},"author":1,"featured_media":1188,"parent":0,"menu_order":0,"comment_status":"closed","ping_status":"closed","template":"","meta":{"footnotes":"","_links_to":"","_links_to_target":""},"class_list":["post-818","page","type-page","status-publish","has-post-thumbnail","czr-hentry"],"jetpack-related-posts":[{"id":2375,"url":"http:\/\/pecnordeste.com.br\/2023\/certificados-pec2023\/","url_meta":{"origin":818,"position":0},"title":"Certificados PEC2023","author":"admin","date":"27 de junho de 2023","format":false,"excerpt":"AVALIA\u00c7\u00c3O DO EVENTO Clique no link abaixo para fazer sua avalia\u00e7\u00e3o do evento. https:\/\/docs.google.com\/forms\/d\/e\/1FAIpQLSc1XZuRa-NnTgRDTzLpj4s6a30rIhQovKq-iOrJTdU7t6TqLg\/formResponsehttps:\/\/docs.google.com\/forms\/d\/1zMQyMqn9-plX4QL6aNV92w8dhLahDcIpOnRgg0oa5YI\/edit?ts=629a5064 Participe da nossa avalia\u00e7\u00e3o do Pecnordeste 2023 e nos ajude a fazer um evento cada vez melhor para voc\u00ea!!. Clique abaixo e participe. S\u00f3 vai levar um minuto do seu tempo. Clique aqui para baixar seu\u2026","rel":"","context":"Post similar","block_context":{"text":"Post similar","link":""},"img":{"alt_text":"","src":"https:\/\/i0.wp.com\/pecnordeste.com.br\/2023\/wp-content\/uploads\/2023\/06\/CERTIFICADO-DISPONIVEL-819x1024.jpeg?resize=350%2C200","width":350,"height":200,"srcset":"https:\/\/i0.wp.com\/pecnordeste.com.br\/2023\/wp-content\/uploads\/2023\/06\/CERTIFICADO-DISPONIVEL-819x1024.jpeg?resize=350%2C200 1x, https:\/\/i0.wp.com\/pecnordeste.com.br\/2023\/wp-content\/uploads\/2023\/06\/CERTIFICADO-DISPONIVEL-819x1024.jpeg?resize=700%2C400 2x"},"classes":[]},{"id":111,"url":"http:\/\/pecnordeste.com.br\/2023\/feira\/como-expor\/","url_meta":{"origin":818,"position":1},"title":"Como Expor","author":"admin","date":"15 de mar\u00e7o de 2022","format":false,"excerpt":"PORQUE EXPOR NO PECNORDESTE 2023? Participar do PECNORDESTE 2023 \u00e9 uma \u00f3tima oportunidade para construir e fortalecer a percep\u00e7\u00e3o da sua marca para os clientes potenciais, bem como lan\u00e7ar novidades em produtos e servi\u00e7os, atraindo a aten\u00e7\u00e3o do p\u00fablico alvo, dos visitantes e da m\u00eddia. Considerado um dos maiores eventos\u2026","rel":"","context":"Post similar","block_context":{"text":"Post similar","link":""},"img":{"alt_text":"","src":"","width":0,"height":0},"classes":[]},{"id":53,"url":"http:\/\/pecnordeste.com.br\/2023\/apresentacao\/","url_meta":{"origin":818,"position":2},"title":"Apresenta\u00e7\u00e3o","author":"admin","date":"8 de mar\u00e7o de 2022","format":false,"excerpt":"O Semin\u00e1rio Nordestino de Pecu\u00e1ria - PECNORDESTE \u00e9 um importante evento do agroneg\u00f3cio promovido pela Federa\u00e7\u00e3o da Agricultura e Pecu\u00e1ria do Estado do Cear\u00e1 - FAEC, pelo Servi\u00e7o Nacional de Aprendizagem Rural do Cear\u00e1 - SENAR\/CE, pelo Servi\u00e7o de Apoio \u00e0s Micro e Pequenas Empresas do Estado do Cear\u00e1 \u2013\u2026","rel":"","context":"Post similar","block_context":{"text":"Post similar","link":""},"img":{"alt_text":"","src":"https:\/\/i0.wp.com\/pecnordeste.com.br\/2023\/wp-content\/uploads\/2022\/11\/pec2023.png?resize=350%2C200","width":350,"height":200},"classes":[]}],"_links":{"self":[{"href":"http:\/\/pecnordeste.com.br\/2023\/wp-json\/wp\/v2\/pages\/818","targetHints":{"allow":["GET"]}}],"collection":[{"href":"http:\/\/pecnordeste.com.br\/2023\/wp-json\/wp\/v2\/pages"}],"about":[{"href":"http:\/\/pecnordeste.com.br\/2023\/wp-json\/wp\/v2\/types\/page"}],"author":[{"embeddable":true,"href":"http:\/\/pecnordeste.com.br\/2023\/wp-json\/wp\/v2\/users\/1"}],"replies":[{"embeddable":true,"href":"http:\/\/pecnordeste.com.br\/2023\/wp-json\/wp\/v2\/comments?post=818"}],"version-history":[{"count":9,"href":"http:\/\/pecnordeste.com.br\/2023\/wp-json\/wp\/v2\/pages\/818\/revisions"}],"predecessor-version":[{"id":830,"href":"http:\/\/pecnordeste.com.br\/2023\/wp-json\/wp\/v2\/pages\/818\/revisions\/830"}],"wp:featuredmedia":[{"embeddable":true,"href":"http:\/\/pecnordeste.com.br\/2023\/wp-json\/wp\/v2\/media\/1188"}],"wp:attachment":[{"href":"http:\/\/pecnordeste.com.br\/2023\/wp-json\/wp\/v2\/media?parent=818"}],"curies":[{"name":"wp","href":"https:\/\/api.w.org\/{rel}","templated":true}]}}