{"id":119,"date":"2022-03-15T08:01:47","date_gmt":"2022-03-15T11:01:47","guid":{"rendered":"http:\/\/pecnordeste.com.br\/2022\/?page_id=119"},"modified":"2024-05-29T08:18:50","modified_gmt":"2024-05-29T11:18:50","slug":"planta-do-evento","status":"publish","type":"page","link":"http:\/\/pecnordeste.com.br\/2024\/feira\/planta-do-evento\/","title":{"rendered":"Planta Geral do Evento"},"content":{"rendered":"<p><strong>Os estandes com nome da empresa sinalizados na planta est\u00e3o fechados ou reservados (em negocia\u00e7\u00e3o).<\/strong><\/p>\n<p><iframe style=\"width: 1300px; height: 1200px;\" src=\"https:\/\/pecnordeste.com.br\/2024\/wp-content\/uploads\/2024\/05\/PLANTA-FINAL-PEC-2024-1.pdf\" width=\"1300\" height=\"1200\" frameborder=\"0\"><span data-mce-type=\"bookmark\" style=\"display: inline-block; width: 0px; overflow: hidden; line-height: 0;\" class=\"mce_SELRES_start\">\ufeff<\/span><span data-mce-type=\"bookmark\" style=\"display: inline-block; width: 0px; overflow: hidden; line-height: 0;\" class=\"mce_SELRES_start\">\ufeff<\/span><span data-mce-type=\"bookmark\" style=\"display: inline-block; width: 0px; overflow: hidden; line-height: 0;\" class=\"mce_SELRES_start\">\ufeff<\/span><span data-mce-type=\"bookmark\" style=\"display: inline-block; width: 0px; overflow: hidden; line-height: 0;\" class=\"mce_SELRES_start\">\ufeff<\/span><\/iframe><\/p>\n<p>&nbsp;<\/p>\n","protected":false},"excerpt":{"rendered":"<p>Os estandes com nome da empresa sinalizados na planta est\u00e3o fechados ou reservados (em negocia\u00e7\u00e3o). \ufeff\ufeff\ufeff\ufeff &nbsp;<\/p>\n","protected":false},"author":1,"featured_media":0,"parent":87,"menu_order":0,"comment_status":"closed","ping_status":"closed","template":"","meta":{"ngg_post_thumbnail":0,"footnotes":""},"class_list":["post-119","page","type-page","status-publish","czr-hentry"],"jetpack_sharing_enabled":true,"jetpack-related-posts":[],"_links":{"self":[{"href":"http:\/\/pecnordeste.com.br\/2024\/wp-json\/wp\/v2\/pages\/119","targetHints":{"allow":["GET"]}}],"collection":[{"href":"http:\/\/pecnordeste.com.br\/2024\/wp-json\/wp\/v2\/pages"}],"about":[{"href":"http:\/\/pecnordeste.com.br\/2024\/wp-json\/wp\/v2\/types\/page"}],"author":[{"embeddable":true,"href":"http:\/\/pecnordeste.com.br\/2024\/wp-json\/wp\/v2\/users\/1"}],"replies":[{"embeddable":true,"href":"http:\/\/pecnordeste.com.br\/2024\/wp-json\/wp\/v2\/comments?post=119"}],"version-history":[{"count":36,"href":"http:\/\/pecnordeste.com.br\/2024\/wp-json\/wp\/v2\/pages\/119\/revisions"}],"predecessor-version":[{"id":3271,"href":"http:\/\/pecnordeste.com.br\/2024\/wp-json\/wp\/v2\/pages\/119\/revisions\/3271"}],"up":[{"embeddable":true,"href":"http:\/\/pecnordeste.com.br\/2024\/wp-json\/wp\/v2\/pages\/87"}],"wp:attachment":[{"href":"http:\/\/pecnordeste.com.br\/2024\/wp-json\/wp\/v2\/media?parent=119"}],"curies":[{"name":"wp","href":"https:\/\/api.w.org\/{rel}","templated":true}]}}