{"id":2001,"date":"2023-06-01T11:21:07","date_gmt":"2023-06-01T14:21:07","guid":{"rendered":"http:\/\/pecnordeste.com.br\/2023\/?page_id=2001"},"modified":"2023-06-01T11:21:07","modified_gmt":"2023-06-01T14:21:07","slug":"perguntas-e-duvidas","status":"publish","type":"page","link":"http:\/\/pecnordeste.com.br\/2024\/perguntas-e-duvidas\/","title":{"rendered":"PERGUNTAS E D\u00daVIDAS"},"content":{"rendered":"<style>#sp-ea-1989 .spcollapsing { height: 0; overflow: hidden; transition-property: height;transition-duration: 300ms;}#sp-ea-1989.sp-easy-accordion>.sp-ea-single {margin-bottom: 10px; border: 1px solid #e2e2e2; }#sp-ea-1989.sp-easy-accordion>.sp-ea-single>.ea-header a {color: #444;}#sp-ea-1989.sp-easy-accordion>.sp-ea-single>.sp-collapse>.ea-body {background: #fff; color: #444;}#sp-ea-1989.sp-easy-accordion>.sp-ea-single {background: #eee;}#sp-ea-1989.sp-easy-accordion>.sp-ea-single>.ea-header a .ea-expand-icon { float: left; color: #444;font-size: 16px;}<\/style><div id=\"sp_easy_accordion-1705672202\"><div id=\"sp-ea-1989\" class=\"sp-ea-one sp-easy-accordion\" data-ex-icon=\"minus\" data-col-icon=\"plus\"  data-ea-active=\"ea-click\"  data-ea-mode=\"vertical\" data-preloader=\"\" data-scroll-active-item=\"\" data-offset-to-scroll=\"0\"><div class=\"ea-card  sp-ea-single\"><h3 class=\"ea-header\"><a class=\"collapsed\" data-sptoggle=\"spcollapse\" data-sptarget=#collapse19890 href=\"javascript:void(0)\"  aria-expanded=\"false\"><i class=\"ea-expand-icon ea-icon-expand-plus\"><\/i> O EVENTO \u00c9 PAGO OU GRATUITO?<\/a><\/h3><div class=\"sp-collapse spcollapse spcollapse\" id=\"collapse19890\" data-parent=#sp-ea-1989><div class=\"ea-body\"><p><img fetchpriority=\"high\" decoding=\"async\" class=\"aligncenter size-large wp-image-2618\" src=\"http:\/\/pecnordeste.com.br\/2024\/wp-content\/uploads\/2024\/02\/CARDS-DESTAQUE-PERGUNTAS-1-576x1024.png\" alt=\"\" width=\"576\" height=\"1024\" srcset=\"http:\/\/pecnordeste.com.br\/2024\/wp-content\/uploads\/2024\/02\/CARDS-DESTAQUE-PERGUNTAS-1-576x1024.png 576w, http:\/\/pecnordeste.com.br\/2024\/wp-content\/uploads\/2024\/02\/CARDS-DESTAQUE-PERGUNTAS-1-169x300.png 169w, http:\/\/pecnordeste.com.br\/2024\/wp-content\/uploads\/2024\/02\/CARDS-DESTAQUE-PERGUNTAS-1-768x1365.png 768w, http:\/\/pecnordeste.com.br\/2024\/wp-content\/uploads\/2024\/02\/CARDS-DESTAQUE-PERGUNTAS-1-864x1536.png 864w, http:\/\/pecnordeste.com.br\/2024\/wp-content\/uploads\/2024\/02\/CARDS-DESTAQUE-PERGUNTAS-1.png 1079w\" sizes=\"(max-width: 576px) 100vw, 576px\" \/><\/p>\n<\/div><\/div><\/div><div class=\"ea-card  sp-ea-single\"><h3 class=\"ea-header\"><a class=\"collapsed\" data-sptoggle=\"spcollapse\" data-sptarget=#collapse19891 href=\"javascript:void(0)\"  aria-expanded=\"false\"><i class=\"ea-expand-icon ea-icon-expand-plus\"><\/i> COMO FAZER MINHA INSCRI\u00c7\u00c3O PARA PARTICIPAR DOS SEMIN\u00c1RIOS (PROGRAMA\u00c7\u00c3O T\u00c9CNICA)<\/a><\/h3><div class=\"sp-collapse spcollapse spcollapse\" id=\"collapse19891\" data-parent=#sp-ea-1989><div class=\"ea-body\"><p><img decoding=\"async\" class=\"aligncenter size-large wp-image-2619\" src=\"http:\/\/pecnordeste.com.br\/2024\/wp-content\/uploads\/2024\/02\/CARDS-DESTAQUE-PERGUNTAS-2-576x1024.png\" alt=\"\" width=\"576\" height=\"1024\" srcset=\"http:\/\/pecnordeste.com.br\/2024\/wp-content\/uploads\/2024\/02\/CARDS-DESTAQUE-PERGUNTAS-2-576x1024.png 576w, http:\/\/pecnordeste.com.br\/2024\/wp-content\/uploads\/2024\/02\/CARDS-DESTAQUE-PERGUNTAS-2-169x300.png 169w, http:\/\/pecnordeste.com.br\/2024\/wp-content\/uploads\/2024\/02\/CARDS-DESTAQUE-PERGUNTAS-2-768x1365.png 768w, http:\/\/pecnordeste.com.br\/2024\/wp-content\/uploads\/2024\/02\/CARDS-DESTAQUE-PERGUNTAS-2-864x1536.png 864w, http:\/\/pecnordeste.com.br\/2024\/wp-content\/uploads\/2024\/02\/CARDS-DESTAQUE-PERGUNTAS-2.png 1079w\" sizes=\"(max-width: 576px) 100vw, 576px\" \/><\/p>\n<\/div><\/div><\/div><div class=\"ea-card  sp-ea-single\"><h3 class=\"ea-header\"><a class=\"collapsed\" data-sptoggle=\"spcollapse\" data-sptarget=#collapse19892 href=\"javascript:void(0)\"  aria-expanded=\"false\"><i class=\"ea-expand-icon ea-icon-expand-plus\"><\/i> COMO FAZER MINHA INSCRI\u00c7\u00c3O PARA VISITAR A FEIRA E VER OS ESTANDES?<\/a><\/h3><div class=\"sp-collapse spcollapse spcollapse\" id=\"collapse19892\" data-parent=#sp-ea-1989><div class=\"ea-body\"><p><img decoding=\"async\" class=\"aligncenter size-large wp-image-2621\" src=\"http:\/\/pecnordeste.com.br\/2024\/wp-content\/uploads\/2024\/02\/CARDS-DESTAQUE-PERGUNTAS-4-576x1024.png\" alt=\"\" width=\"576\" height=\"1024\" srcset=\"http:\/\/pecnordeste.com.br\/2024\/wp-content\/uploads\/2024\/02\/CARDS-DESTAQUE-PERGUNTAS-4-576x1024.png 576w, http:\/\/pecnordeste.com.br\/2024\/wp-content\/uploads\/2024\/02\/CARDS-DESTAQUE-PERGUNTAS-4-169x300.png 169w, http:\/\/pecnordeste.com.br\/2024\/wp-content\/uploads\/2024\/02\/CARDS-DESTAQUE-PERGUNTAS-4-768x1365.png 768w, http:\/\/pecnordeste.com.br\/2024\/wp-content\/uploads\/2024\/02\/CARDS-DESTAQUE-PERGUNTAS-4-864x1536.png 864w, http:\/\/pecnordeste.com.br\/2024\/wp-content\/uploads\/2024\/02\/CARDS-DESTAQUE-PERGUNTAS-4.png 1079w\" sizes=\"(max-width: 576px) 100vw, 576px\" \/><\/p>\n<\/div><\/div><\/div><div class=\"ea-card  sp-ea-single\"><h3 class=\"ea-header\"><a class=\"collapsed\" data-sptoggle=\"spcollapse\" data-sptarget=#collapse19893 href=\"javascript:void(0)\"  aria-expanded=\"false\"><i class=\"ea-expand-icon ea-icon-expand-plus\"><\/i> COMO FAZER MINHA INSCRI\u00c7\u00c3O PARA O EVENTO MULHERES DO AGRO?<\/a><\/h3><div class=\"sp-collapse spcollapse spcollapse\" id=\"collapse19893\" data-parent=#sp-ea-1989><div class=\"ea-body\"><p><img loading=\"lazy\" decoding=\"async\" class=\"aligncenter wp-image-2651 size-large\" src=\"http:\/\/pecnordeste.com.br\/2024\/wp-content\/uploads\/2024\/03\/CARDS-DESTAQUE-11-576x1024.png\" alt=\"\" width=\"576\" height=\"1024\" srcset=\"http:\/\/pecnordeste.com.br\/2024\/wp-content\/uploads\/2024\/03\/CARDS-DESTAQUE-11-576x1024.png 576w, http:\/\/pecnordeste.com.br\/2024\/wp-content\/uploads\/2024\/03\/CARDS-DESTAQUE-11-169x300.png 169w, http:\/\/pecnordeste.com.br\/2024\/wp-content\/uploads\/2024\/03\/CARDS-DESTAQUE-11-768x1365.png 768w, http:\/\/pecnordeste.com.br\/2024\/wp-content\/uploads\/2024\/03\/CARDS-DESTAQUE-11-864x1536.png 864w, http:\/\/pecnordeste.com.br\/2024\/wp-content\/uploads\/2024\/03\/CARDS-DESTAQUE-11.png 1079w\" sizes=\"(max-width: 576px) 100vw, 576px\" \/><\/p>\n<\/div><\/div><\/div><div class=\"ea-card  sp-ea-single\"><h3 class=\"ea-header\"><a class=\"collapsed\" data-sptoggle=\"spcollapse\" data-sptarget=#collapse19894 href=\"javascript:void(0)\"  aria-expanded=\"false\"><i class=\"ea-expand-icon ea-icon-expand-plus\"><\/i> FIZ MINHA INSCRI\u00c7\u00c3O E AGORA QUERO MUDAR DE ATIVIDADE. O QUE DEVO FAZER?<\/a><\/h3><div class=\"sp-collapse spcollapse spcollapse\" id=\"collapse19894\" data-parent=#sp-ea-1989><div class=\"ea-body\"><p><img loading=\"lazy\" decoding=\"async\" class=\"aligncenter size-large wp-image-2622\" src=\"http:\/\/pecnordeste.com.br\/2024\/wp-content\/uploads\/2024\/02\/CARDS-DESTAQUE-PERGUNTAS-5-576x1024.png\" alt=\"\" width=\"576\" height=\"1024\" srcset=\"http:\/\/pecnordeste.com.br\/2024\/wp-content\/uploads\/2024\/02\/CARDS-DESTAQUE-PERGUNTAS-5-576x1024.png 576w, http:\/\/pecnordeste.com.br\/2024\/wp-content\/uploads\/2024\/02\/CARDS-DESTAQUE-PERGUNTAS-5-169x300.png 169w, http:\/\/pecnordeste.com.br\/2024\/wp-content\/uploads\/2024\/02\/CARDS-DESTAQUE-PERGUNTAS-5-768x1365.png 768w, http:\/\/pecnordeste.com.br\/2024\/wp-content\/uploads\/2024\/02\/CARDS-DESTAQUE-PERGUNTAS-5-864x1536.png 864w, http:\/\/pecnordeste.com.br\/2024\/wp-content\/uploads\/2024\/02\/CARDS-DESTAQUE-PERGUNTAS-5.png 1079w\" sizes=\"(max-width: 576px) 100vw, 576px\" \/><\/p>\n<p>&nbsp;<\/p>\n<\/div><\/div><\/div><div class=\"ea-card  sp-ea-single\"><h3 class=\"ea-header\"><a class=\"collapsed\" data-sptoggle=\"spcollapse\" data-sptarget=#collapse19895 href=\"javascript:void(0)\"  aria-expanded=\"false\"><i class=\"ea-expand-icon ea-icon-expand-plus\"><\/i> COMO FAZER MINHA INSCRI\u00c7\u00c3O PARA CARAVANA?<\/a><\/h3><div class=\"sp-collapse spcollapse spcollapse\" id=\"collapse19895\" data-parent=#sp-ea-1989><div class=\"ea-body\"><p><img loading=\"lazy\" decoding=\"async\" class=\"aligncenter size-large wp-image-2623\" src=\"http:\/\/pecnordeste.com.br\/2024\/wp-content\/uploads\/2024\/02\/CARDS-DESTAQUE-PERGUNTAS-6-576x1024.png\" alt=\"\" width=\"576\" height=\"1024\" srcset=\"http:\/\/pecnordeste.com.br\/2024\/wp-content\/uploads\/2024\/02\/CARDS-DESTAQUE-PERGUNTAS-6-576x1024.png 576w, http:\/\/pecnordeste.com.br\/2024\/wp-content\/uploads\/2024\/02\/CARDS-DESTAQUE-PERGUNTAS-6-169x300.png 169w, http:\/\/pecnordeste.com.br\/2024\/wp-content\/uploads\/2024\/02\/CARDS-DESTAQUE-PERGUNTAS-6-768x1365.png 768w, http:\/\/pecnordeste.com.br\/2024\/wp-content\/uploads\/2024\/02\/CARDS-DESTAQUE-PERGUNTAS-6-864x1536.png 864w, http:\/\/pecnordeste.com.br\/2024\/wp-content\/uploads\/2024\/02\/CARDS-DESTAQUE-PERGUNTAS-6.png 1079w\" sizes=\"(max-width: 576px) 100vw, 576px\" \/><\/p>\n<\/div><\/div><\/div><div class=\"ea-card  sp-ea-single\"><h3 class=\"ea-header\"><a class=\"collapsed\" data-sptoggle=\"spcollapse\" data-sptarget=#collapse19896 href=\"javascript:void(0)\"  aria-expanded=\"false\"><i class=\"ea-expand-icon ea-icon-expand-plus\"><\/i> POSSO FAZER A INSCRI\u00c7\u00c3O EM MAIS DE UMA ATIVIDADE?<\/a><\/h3><div class=\"sp-collapse spcollapse spcollapse\" id=\"collapse19896\" data-parent=#sp-ea-1989><div class=\"ea-body\"><p><img loading=\"lazy\" decoding=\"async\" class=\"aligncenter size-large wp-image-2624\" src=\"http:\/\/pecnordeste.com.br\/2024\/wp-content\/uploads\/2024\/02\/CARDS-DESTAQUE-PERGUNTAS-7-576x1024.png\" alt=\"\" width=\"576\" height=\"1024\" srcset=\"http:\/\/pecnordeste.com.br\/2024\/wp-content\/uploads\/2024\/02\/CARDS-DESTAQUE-PERGUNTAS-7-576x1024.png 576w, http:\/\/pecnordeste.com.br\/2024\/wp-content\/uploads\/2024\/02\/CARDS-DESTAQUE-PERGUNTAS-7-169x300.png 169w, http:\/\/pecnordeste.com.br\/2024\/wp-content\/uploads\/2024\/02\/CARDS-DESTAQUE-PERGUNTAS-7-768x1365.png 768w, http:\/\/pecnordeste.com.br\/2024\/wp-content\/uploads\/2024\/02\/CARDS-DESTAQUE-PERGUNTAS-7-864x1536.png 864w, http:\/\/pecnordeste.com.br\/2024\/wp-content\/uploads\/2024\/02\/CARDS-DESTAQUE-PERGUNTAS-7.png 1079w\" sizes=\"(max-width: 576px) 100vw, 576px\" \/><\/p>\n<\/div><\/div><\/div><div class=\"ea-card  sp-ea-single\"><h3 class=\"ea-header\"><a class=\"collapsed\" data-sptoggle=\"spcollapse\" data-sptarget=#collapse19897 href=\"javascript:void(0)\"  aria-expanded=\"false\"><i class=\"ea-expand-icon ea-icon-expand-plus\"><\/i> QUAIS OS HOR\u00c1RIOS E PROGRAMA\u00c7\u00c3O DO EVENTO?<\/a><\/h3><div class=\"sp-collapse spcollapse spcollapse\" id=\"collapse19897\" data-parent=#sp-ea-1989><div class=\"ea-body\"><p><img loading=\"lazy\" decoding=\"async\" class=\"aligncenter size-large wp-image-2626\" src=\"http:\/\/pecnordeste.com.br\/2024\/wp-content\/uploads\/2024\/02\/CARDS-DESTAQUE-PERGUNTAS-10-576x1024.png\" alt=\"\" width=\"576\" height=\"1024\" srcset=\"http:\/\/pecnordeste.com.br\/2024\/wp-content\/uploads\/2024\/02\/CARDS-DESTAQUE-PERGUNTAS-10-576x1024.png 576w, http:\/\/pecnordeste.com.br\/2024\/wp-content\/uploads\/2024\/02\/CARDS-DESTAQUE-PERGUNTAS-10-169x300.png 169w, http:\/\/pecnordeste.com.br\/2024\/wp-content\/uploads\/2024\/02\/CARDS-DESTAQUE-PERGUNTAS-10-768x1365.png 768w, http:\/\/pecnordeste.com.br\/2024\/wp-content\/uploads\/2024\/02\/CARDS-DESTAQUE-PERGUNTAS-10-864x1536.png 864w, http:\/\/pecnordeste.com.br\/2024\/wp-content\/uploads\/2024\/02\/CARDS-DESTAQUE-PERGUNTAS-10.png 1079w\" sizes=\"(max-width: 576px) 100vw, 576px\" \/><\/p>\n<\/div><\/div><\/div><div class=\"ea-card  sp-ea-single\"><h3 class=\"ea-header\"><a class=\"collapsed\" data-sptoggle=\"spcollapse\" data-sptarget=#collapse19898 href=\"javascript:void(0)\"  aria-expanded=\"false\"><i class=\"ea-expand-icon ea-icon-expand-plus\"><\/i> POSSO ME INSCREVER APENAS PARA 01 DIA DE SEMIN\u00c1RIO?<\/a><\/h3><div class=\"sp-collapse spcollapse spcollapse\" id=\"collapse19898\" data-parent=#sp-ea-1989><div class=\"ea-body\"><p><img loading=\"lazy\" decoding=\"async\" class=\"aligncenter size-large wp-image-2628\" src=\"http:\/\/pecnordeste.com.br\/2024\/wp-content\/uploads\/2024\/02\/CARDS-DESTAQUE-PERGUNTAS-9-575x1024.png\" alt=\"\" width=\"575\" height=\"1024\" srcset=\"http:\/\/pecnordeste.com.br\/2024\/wp-content\/uploads\/2024\/02\/CARDS-DESTAQUE-PERGUNTAS-9-575x1024.png 575w, http:\/\/pecnordeste.com.br\/2024\/wp-content\/uploads\/2024\/02\/CARDS-DESTAQUE-PERGUNTAS-9-169x300.png 169w, http:\/\/pecnordeste.com.br\/2024\/wp-content\/uploads\/2024\/02\/CARDS-DESTAQUE-PERGUNTAS-9-768x1367.png 768w, http:\/\/pecnordeste.com.br\/2024\/wp-content\/uploads\/2024\/02\/CARDS-DESTAQUE-PERGUNTAS-9-863x1536.png 863w, http:\/\/pecnordeste.com.br\/2024\/wp-content\/uploads\/2024\/02\/CARDS-DESTAQUE-PERGUNTAS-9.png 1062w\" sizes=\"(max-width: 575px) 100vw, 575px\" \/><\/p>\n<\/div><\/div><\/div><div class=\"ea-card  sp-ea-single\"><h3 class=\"ea-header\"><a class=\"collapsed\" data-sptoggle=\"spcollapse\" data-sptarget=#collapse19899 href=\"javascript:void(0)\"  aria-expanded=\"false\"><i class=\"ea-expand-icon ea-icon-expand-plus\"><\/i> SOU EXPOSITOR, PRECISO FAZER A INSCRI\u00c7\u00c3O?<\/a><\/h3><div class=\"sp-collapse spcollapse spcollapse\" id=\"collapse19899\" data-parent=#sp-ea-1989><div class=\"ea-body\"><p><img loading=\"lazy\" decoding=\"async\" class=\"aligncenter size-large wp-image-2629\" src=\"http:\/\/pecnordeste.com.br\/2024\/wp-content\/uploads\/2024\/02\/CARDS-DESTAQUE-PERGUNTAS-EXPOSITOR-576x1024.png\" alt=\"\" width=\"576\" height=\"1024\" srcset=\"http:\/\/pecnordeste.com.br\/2024\/wp-content\/uploads\/2024\/02\/CARDS-DESTAQUE-PERGUNTAS-EXPOSITOR-576x1024.png 576w, http:\/\/pecnordeste.com.br\/2024\/wp-content\/uploads\/2024\/02\/CARDS-DESTAQUE-PERGUNTAS-EXPOSITOR-169x300.png 169w, http:\/\/pecnordeste.com.br\/2024\/wp-content\/uploads\/2024\/02\/CARDS-DESTAQUE-PERGUNTAS-EXPOSITOR-768x1365.png 768w, http:\/\/pecnordeste.com.br\/2024\/wp-content\/uploads\/2024\/02\/CARDS-DESTAQUE-PERGUNTAS-EXPOSITOR-864x1536.png 864w, http:\/\/pecnordeste.com.br\/2024\/wp-content\/uploads\/2024\/02\/CARDS-DESTAQUE-PERGUNTAS-EXPOSITOR.png 1079w\" sizes=\"(max-width: 576px) 100vw, 576px\" \/><\/p>\n<\/div><\/div><\/div><div class=\"ea-card  sp-ea-single\"><h3 class=\"ea-header\"><a class=\"collapsed\" data-sptoggle=\"spcollapse\" data-sptarget=#collapse198910 href=\"javascript:void(0)\"  aria-expanded=\"false\"><i class=\"ea-expand-icon ea-icon-expand-plus\"><\/i> AO TENTAR REALIZAR MINHA INSCRI\u00c7\u00c3O PELA PRIMEIRA VEZ, O SISTEMA INFORMOU QUE J\u00c1 ESTOU INSCRITO. O QUE FAZER?<\/a><\/h3><div class=\"sp-collapse spcollapse spcollapse\" id=\"collapse198910\" data-parent=#sp-ea-1989><div class=\"ea-body\"><p><img loading=\"lazy\" decoding=\"async\" class=\"aligncenter size-large wp-image-2630\" src=\"http:\/\/pecnordeste.com.br\/2024\/wp-content\/uploads\/2024\/02\/CARDS-DESTAQUE-PERGUNTAS-8-1-576x1024.png\" alt=\"\" width=\"576\" height=\"1024\" srcset=\"http:\/\/pecnordeste.com.br\/2024\/wp-content\/uploads\/2024\/02\/CARDS-DESTAQUE-PERGUNTAS-8-1-576x1024.png 576w, http:\/\/pecnordeste.com.br\/2024\/wp-content\/uploads\/2024\/02\/CARDS-DESTAQUE-PERGUNTAS-8-1-169x300.png 169w, http:\/\/pecnordeste.com.br\/2024\/wp-content\/uploads\/2024\/02\/CARDS-DESTAQUE-PERGUNTAS-8-1-768x1365.png 768w, http:\/\/pecnordeste.com.br\/2024\/wp-content\/uploads\/2024\/02\/CARDS-DESTAQUE-PERGUNTAS-8-1-864x1536.png 864w, http:\/\/pecnordeste.com.br\/2024\/wp-content\/uploads\/2024\/02\/CARDS-DESTAQUE-PERGUNTAS-8-1.png 1079w\" sizes=\"(max-width: 576px) 100vw, 576px\" \/><\/p>\n<\/div><\/div><\/div><div class=\"ea-card  sp-ea-single\"><h3 class=\"ea-header\"><a class=\"collapsed\" data-sptoggle=\"spcollapse\" data-sptarget=#collapse198911 href=\"javascript:void(0)\"  aria-expanded=\"false\"><i class=\"ea-expand-icon ea-icon-expand-plus\"><\/i> QUAIS OS VALORES DA INSCRI\u00c7\u00c3O?<\/a><\/h3><div class=\"sp-collapse spcollapse spcollapse\" id=\"collapse198911\" data-parent=#sp-ea-1989><div class=\"ea-body\"><p><img loading=\"lazy\" decoding=\"async\" class=\"aligncenter wp-image-2650 size-large\" src=\"http:\/\/pecnordeste.com.br\/2024\/wp-content\/uploads\/2024\/03\/CARDS-DESTAQUE-PERGUNTAS-VALORES-576x1024.png\" alt=\"\" width=\"576\" height=\"1024\" srcset=\"http:\/\/pecnordeste.com.br\/2024\/wp-content\/uploads\/2024\/03\/CARDS-DESTAQUE-PERGUNTAS-VALORES-576x1024.png 576w, http:\/\/pecnordeste.com.br\/2024\/wp-content\/uploads\/2024\/03\/CARDS-DESTAQUE-PERGUNTAS-VALORES-169x300.png 169w, http:\/\/pecnordeste.com.br\/2024\/wp-content\/uploads\/2024\/03\/CARDS-DESTAQUE-PERGUNTAS-VALORES-768x1365.png 768w, http:\/\/pecnordeste.com.br\/2024\/wp-content\/uploads\/2024\/03\/CARDS-DESTAQUE-PERGUNTAS-VALORES-864x1536.png 864w, http:\/\/pecnordeste.com.br\/2024\/wp-content\/uploads\/2024\/03\/CARDS-DESTAQUE-PERGUNTAS-VALORES.png 1079w\" sizes=\"(max-width: 576px) 100vw, 576px\" \/><\/p>\n<\/div><\/div><\/div><\/div><\/div>\n","protected":false},"excerpt":{"rendered":"","protected":false},"author":1,"featured_media":0,"parent":0,"menu_order":0,"comment_status":"closed","ping_status":"closed","template":"","meta":{"ngg_post_thumbnail":0,"footnotes":""},"class_list":["post-2001","page","type-page","status-publish","czr-hentry"],"jetpack_sharing_enabled":true,"jetpack-related-posts":[],"_links":{"self":[{"href":"http:\/\/pecnordeste.com.br\/2024\/wp-json\/wp\/v2\/pages\/2001","targetHints":{"allow":["GET"]}}],"collection":[{"href":"http:\/\/pecnordeste.com.br\/2024\/wp-json\/wp\/v2\/pages"}],"about":[{"href":"http:\/\/pecnordeste.com.br\/2024\/wp-json\/wp\/v2\/types\/page"}],"author":[{"embeddable":true,"href":"http:\/\/pecnordeste.com.br\/2024\/wp-json\/wp\/v2\/users\/1"}],"replies":[{"embeddable":true,"href":"http:\/\/pecnordeste.com.br\/2024\/wp-json\/wp\/v2\/comments?post=2001"}],"version-history":[{"count":1,"href":"http:\/\/pecnordeste.com.br\/2024\/wp-json\/wp\/v2\/pages\/2001\/revisions"}],"predecessor-version":[{"id":2002,"href":"http:\/\/pecnordeste.com.br\/2024\/wp-json\/wp\/v2\/pages\/2001\/revisions\/2002"}],"wp:attachment":[{"href":"http:\/\/pecnordeste.com.br\/2024\/wp-json\/wp\/v2\/media?parent=2001"}],"curies":[{"name":"wp","href":"https:\/\/api.w.org\/{rel}","templated":true}]}}