{"id":356,"date":"2022-04-08T15:44:17","date_gmt":"2022-04-08T18:44:17","guid":{"rendered":"http:\/\/pecnordeste.com.br\/2022\/?page_id=356"},"modified":"2024-07-03T08:46:06","modified_gmt":"2024-07-03T11:46:06","slug":"trabalhos-cientificos","status":"publish","type":"page","link":"http:\/\/pecnordeste.com.br\/2024\/trabalhos-cientificos\/","title":{"rendered":"Trabalhos Cient\u00edficos"},"content":{"rendered":"<h5><strong>Baixe aqui o seu Certifidado<\/strong><\/h5>\n<style>#sp-ea-2209 .spcollapsing { height: 0; overflow: hidden; transition-property: height;transition-duration: 300ms;}#sp-ea-2209.sp-easy-accordion>.sp-ea-single {margin-bottom: 10px; border: 1px solid #e2e2e2; }#sp-ea-2209.sp-easy-accordion>.sp-ea-single>.ea-header a {color: #444;}#sp-ea-2209.sp-easy-accordion>.sp-ea-single>.sp-collapse>.ea-body {background: #fff; color: #444;}#sp-ea-2209.sp-easy-accordion>.sp-ea-single {background: #eee;}#sp-ea-2209.sp-easy-accordion>.sp-ea-single>.ea-header a .ea-expand-icon { float: left; color: #444;font-size: 16px;}<\/style><div id=\"sp_easy_accordion-1720007219\"><div id=\"sp-ea-2209\" class=\"sp-ea-one sp-easy-accordion\" data-ex-icon=\"minus\" data-col-icon=\"plus\"  data-ea-active=\"ea-click\"  data-ea-mode=\"vertical\" data-preloader=\"\" data-scroll-active-item=\"\" data-offset-to-scroll=\"0\"><div class=\"ea-card  sp-ea-single\"><h3 class=\"ea-header\"><a class=\"collapsed\" data-sptoggle=\"spcollapse\" data-sptarget=#collapse22090 href=\"javascript:void(0)\"  aria-expanded=\"false\"><i class=\"ea-expand-icon ea-icon-expand-plus\"><\/i> Certificados Trabalhos Cent\u00edficos 2024<\/a><\/h3><div class=\"sp-collapse spcollapse spcollapse\" id=\"collapse22090\" data-parent=#sp-ea-2209><div class=\"ea-body\"><ul>\n<li><a href=\"http:\/\/pecnordeste.com.br\/2024\/wp-content\/uploads\/2024\/07\/1\u00b0-AGROINDUSTRIA.pdf\">1\u00b0 AGROIND\u00daSTRIA<\/a><\/li>\n<li><a href=\"http:\/\/pecnordeste.com.br\/2024\/wp-content\/uploads\/2024\/07\/1\u00b0-AVICULTURA-INDUSTRIAL.pdf\">1\u00b0 AVICULTURA<\/a><a href=\"http:\/\/pecnordeste.com.br\/2024\/wp-content\/uploads\/2024\/07\/1\u00b0-AVICULTURA-INDUSTRIAL.pdf\"> INDUSTRIAL<\/a><\/li>\n<li><a href=\"http:\/\/pecnordeste.com.br\/2024\/wp-content\/uploads\/2024\/07\/1\u00b0-PET.pdf\">1\u00b0 PET<\/a><\/li>\n<li><a href=\"http:\/\/pecnordeste.com.br\/2024\/wp-content\/uploads\/2024\/07\/1\u00b0-SUINOCULTURA.pdf\">1\u00b0 SUINOCULTURA<\/a><\/li>\n<li><a href=\"http:\/\/pecnordeste.com.br\/2024\/wp-content\/uploads\/2024\/07\/1o-APICULTURA-MELIPONICULTURA.pdf\">1\u00ba APICULTURA MELIPONICULTURA<\/a><\/li>\n<li><a href=\"http:\/\/pecnordeste.com.br\/2024\/wp-content\/uploads\/2024\/07\/1o-AQUICULTURA-E-PESCA.pdf\">1\u00ba AQUICULTURA E PESCA<\/a><\/li>\n<li><a href=\"http:\/\/pecnordeste.com.br\/2024\/wp-content\/uploads\/2024\/07\/1o-AVICULTURA-CAIPIRA.pdf\">1\u00ba AVICULTURA CAIPIRA<\/a><\/li>\n<li><a href=\"http:\/\/pecnordeste.com.br\/2024\/wp-content\/uploads\/2024\/07\/1o-BOVINO-DE-CORTE.pdf\">1\u00ba BOVINO DE CORTE<\/a><\/li>\n<li><a href=\"http:\/\/pecnordeste.com.br\/2024\/wp-content\/uploads\/2024\/07\/1o-BOVINO-DE-LEITE.pdf\">1\u00ba BOVINO DE LEITE<\/a><\/li>\n<li><a href=\"http:\/\/pecnordeste.com.br\/2024\/wp-content\/uploads\/2024\/07\/1o-CAJUCULTURA.pdf\">1\u00ba CAJUCULTURA<\/a><\/li>\n<li><a href=\"http:\/\/pecnordeste.com.br\/2024\/wp-content\/uploads\/2024\/07\/1o-CAPRINOVINOCULTURA.pdf\">1\u00ba CAPRINOVINOCULTURA<\/a><\/li>\n<li><a href=\"http:\/\/pecnordeste.com.br\/2024\/wp-content\/uploads\/2024\/07\/1o-EQUINOCULTURA.pdf\">1\u00ba EQUINOCULTURA<\/a><\/li>\n<li><a href=\"http:\/\/pecnordeste.com.br\/2024\/wp-content\/uploads\/2024\/07\/1o-FLORICULTURA.pdf\">1\u00ba FLORICULTURA<\/a><\/li>\n<li><a href=\"http:\/\/pecnordeste.com.br\/2024\/wp-content\/uploads\/2024\/07\/1o-FRUTICULTURA.pdf\">1\u00ba FRUTICULTURA<\/a><\/li>\n<li><a href=\"http:\/\/pecnordeste.com.br\/2024\/wp-content\/uploads\/2024\/07\/2\u00b0-AVICULTURA-INDUSTRIAL.pdf\">2\u00b0 AVICULTURA INDUSTRIAL<\/a><\/li>\n<li><a href=\"http:\/\/pecnordeste.com.br\/2024\/wp-content\/uploads\/2024\/07\/2o-CAPRINOVINOCULTURA.pdf\">2\u00ba CAPRINOVINOCULTURA<\/a><\/li>\n<li><a href=\"http:\/\/pecnordeste.com.br\/2024\/wp-content\/uploads\/2024\/07\/2o-AGROINDUSTRIA.pdf\">2\u00ba AGROIND\u00daSTRIA<\/a><\/li>\n<li><a href=\"http:\/\/pecnordeste.com.br\/2024\/wp-content\/uploads\/2024\/07\/2o-APICULTURA-MELIPONOCULTURA.pdf\">2\u00ba APICULTURA MELIPONOCULTURA<\/a><\/li>\n<li><a href=\"http:\/\/pecnordeste.com.br\/2024\/wp-content\/uploads\/2024\/07\/2o-AQUICULTURA-E-PESCA.pdf\">2\u00ba AQUICULTURA E PESCA<\/a><\/li>\n<li><a href=\"http:\/\/pecnordeste.com.br\/2024\/wp-content\/uploads\/2024\/07\/2o-AVICULTURA-CAIPIRA.pdf\">2\u00ba AVICULTURA CAIPIRA<\/a><\/li>\n<li><a href=\"http:\/\/pecnordeste.com.br\/2024\/wp-content\/uploads\/2024\/07\/2o-BOVINO-DE-CORTE.pdf\">2\u00ba BOVINO DE CORTE<\/a><\/li>\n<li><a href=\"http:\/\/pecnordeste.com.br\/2024\/wp-content\/uploads\/2024\/07\/2o-BOVINO-DE-LEITE.pdf\">2\u00ba BOVINO DE LEITE<\/a><\/li>\n<li><a href=\"http:\/\/pecnordeste.com.br\/2024\/wp-content\/uploads\/2024\/07\/2o-BOVINO-DE-LEITEx.pdf\">2\u00ba BOVINO DE LEITEx<\/a><\/li>\n<li><a href=\"http:\/\/pecnordeste.com.br\/2024\/wp-content\/uploads\/2024\/07\/2o-CAJUCULTURA.pdf\">2\u00ba CAJUCULTURA<\/a><\/li>\n<li><a href=\"http:\/\/pecnordeste.com.br\/2024\/wp-content\/uploads\/2024\/07\/2o-EQUINOCULTURA.pdf\">2\u00ba EQUINOCULTURA<\/a><\/li>\n<li><a href=\"http:\/\/pecnordeste.com.br\/2024\/wp-content\/uploads\/2024\/07\/2o-FLORICULTURA.pdf\">2\u00ba FLORICULTURA<\/a><\/li>\n<li><a href=\"http:\/\/pecnordeste.com.br\/2024\/wp-content\/uploads\/2024\/07\/2o-FRUTICULTURA.pdf\">2\u00ba FRUTICULTURA<\/a><\/li>\n<li><a href=\"http:\/\/pecnordeste.com.br\/2024\/wp-content\/uploads\/2024\/07\/2o-PET.pdf\">2\u00ba PET<\/a><\/li>\n<li><a href=\"http:\/\/pecnordeste.com.br\/2024\/wp-content\/uploads\/2024\/07\/2o-SUINOCULTURA.pdf\">\u00ba SUINOCULTURA<\/a><\/li>\n<li><a href=\"http:\/\/pecnordeste.com.br\/2024\/wp-content\/uploads\/2024\/07\/3\u00b0-PETx.pdf\">3\u00b0 PETx<\/a><\/li>\n<li><a href=\"http:\/\/pecnordeste.com.br\/2024\/wp-content\/uploads\/2024\/07\/3o-CAPRINOVINOCULTURA.pdf\">3\u00ba CAPRINOVINOCULTURA<\/a><\/li>\n<li><a href=\"http:\/\/pecnordeste.com.br\/2024\/wp-content\/uploads\/2024\/07\/3o-AGROINDUSTRIA.pdf\">3\u00ba AGROIND\u00daSTRIA<\/a><\/li>\n<li><a href=\"http:\/\/pecnordeste.com.br\/2024\/wp-content\/uploads\/2024\/07\/3o-APICULTURA-MELIPONICULTURA.pdf\">3\u00ba APICULTURA MELIPONICULTURA<\/a><\/li>\n<li><a href=\"http:\/\/pecnordeste.com.br\/2024\/wp-content\/uploads\/2024\/07\/3o-AQUICULTURA-E-PESCA.pdf\">3\u00ba AQUICULTURA E PESCA<\/a><\/li>\n<li><a href=\"http:\/\/pecnordeste.com.br\/2024\/wp-content\/uploads\/2024\/07\/3o-AVICULTURA-CAIPIRA.pdf\">3\u00ba AVICULTURA CAIPIRA<\/a><\/li>\n<li><a href=\"http:\/\/pecnordeste.com.br\/2024\/wp-content\/uploads\/2024\/07\/3o-AVICULTURA-INDUSTRIAL.pdf\">3\u00ba AVICULTURA INDUSTRIAL<\/a><\/li>\n<li><a href=\"http:\/\/pecnordeste.com.br\/2024\/wp-content\/uploads\/2024\/07\/3o-BOVINO-DE-CORTE.pdf\">3\u00ba BOVINO DE CORTE<\/a><\/li>\n<li><a href=\"http:\/\/pecnordeste.com.br\/2024\/wp-content\/uploads\/2024\/07\/3o-BOVINO-DE-LEITE.pdf\">3\u00ba BOVINO DE LEITE<\/a><\/li>\n<li><a href=\"http:\/\/pecnordeste.com.br\/2024\/wp-content\/uploads\/2024\/07\/3o-EQUINOCULTURA.pdf\">3\u00ba EQUINOCULTURA<\/a><\/li>\n<li><a href=\"http:\/\/pecnordeste.com.br\/2024\/wp-content\/uploads\/2024\/07\/3o-FRUTICULTURA.pdf\">3\u00ba FRUTICULTURA<\/a><\/li>\n<li><a href=\"http:\/\/pecnordeste.com.br\/2024\/wp-content\/uploads\/2024\/07\/3o-PET.pdf\">3\u00ba PET<\/a><\/li>\n<li><a href=\"http:\/\/pecnordeste.com.br\/2024\/wp-content\/uploads\/2024\/07\/3o-SUINOCULTURA.pdf\">3\u00ba SUINOCULTURA<\/a><\/li>\n<\/ul>\n<\/div><\/div><\/div><\/div><\/div>\n<ul>\n<li><a href=\"http:\/\/pecnordeste.com.br\/2024\/wp-content\/uploads\/2024\/06\/1a-LISTA-DE-TRABALHOS-ACEITOS-TC-2024.pdf\">1\u00aa LISTA DE TRABALHOS ACEITOS TC 2024<\/a><\/li>\n<li><a href=\"https:\/\/pecnordeste.com.br\/2024\/wp-content\/uploads\/2024\/05\/2a-LISTA-DE-TRABALHOS-ACEITOS-TC-2024.pdf\">2\u00aa LISTA DE TRABALHOS ACEITOS TC 2024<\/a><\/li>\n<li><a href=\"https:\/\/pecnordeste.com.br\/2024\/wp-content\/uploads\/2024\/05\/AGENDA-DE-APRESENTACOES.pdf\">AGENDA DE APRESENTA\u00c7\u00d5ES<\/a><\/li>\n<li><a href=\"http:\/\/pecnordeste.com.br\/2024\/wp-content\/uploads\/2024\/06\/3a-LISTA-DE-TRABALHOS-ACEITOS-TC-2024.pdf\">3\u00aa LISTA DE TRABALHOS ACEITOS TC 2024<\/a><\/li>\n<li><a href=\"http:\/\/pecnordeste.com.br\/2024\/wp-content\/uploads\/2024\/06\/COMUNICADO-AOS-AUTORES.pdf\">COMUNICADO AOS AUTORES<\/a><\/li>\n<li><a href=\"http:\/\/pecnordeste.com.br\/2024\/wp-content\/uploads\/2024\/06\/RESULTADOS-DA-MENCAO-HONROSA-TRABALHOS-CIENTIFICOS-2024-ajustado.pdf\">RESULTADOS DA MEN\u00c7\u00c3O HONROSA &#8211; TRABALHOS CIENT\u00cdFICOS 2024<\/a><\/li>\n<\/ul>\n<p style=\"text-align: justify;\"><strong>Hor\u00e1rio de apresenta\u00e7\u00e3o dos posteres:<\/strong><br \/>\n<strong>14h \u00e0s 18h.<\/strong><br \/>\n<strong>O p\u00f4ster n\u00e3o pode ser retirado antes das 17h30min, mesmo que o seu trabalho j\u00e1 tenha sido apresentado e avaliado.<\/strong><\/p>\n<h4><strong>Edital Trabalhos Cient\u00edficos &#8211; PECNORDESTE 2024<\/strong><br \/>\n<iframe style=\"width: 800px; height: 750px;\" src=\"https:\/\/pecnordeste.com.br\/2024\/wp-content\/uploads\/2024\/04\/Edital-da-V-Mostra-de-TC-PEC-2024.pdf-versao-2.0.pdf\" width=\"700\" height=\"750\" frameborder=\"0\"><span data-mce-type=\"bookmark\" style=\"display: inline-block; width: 0px; overflow: hidden; line-height: 0;\" class=\"mce_SELRES_start\">\ufeff<\/span><span data-mce-type=\"bookmark\" style=\"display: inline-block; width: 0px; overflow: hidden; line-height: 0;\" class=\"mce_SELRES_start\">\ufeff<\/span><span data-mce-type=\"bookmark\" style=\"display: inline-block; width: 0px; overflow: hidden; line-height: 0;\" class=\"mce_SELRES_start\">\ufeff<\/span><span data-mce-type=\"bookmark\" style=\"display: inline-block; width: 0px; overflow: hidden; line-height: 0;\" class=\"mce_SELRES_start\">\ufeff<\/span><span data-mce-type=\"bookmark\" style=\"display: inline-block; width: 0px; overflow: hidden; line-height: 0;\" class=\"mce_SELRES_start\">\ufeff<\/span><span data-mce-type=\"bookmark\" style=\"display: inline-block; width: 0px; overflow: hidden; line-height: 0;\" class=\"mce_SELRES_start\">\ufeff<\/span><\/iframe><\/h4>\n<ul>\n<li><strong><a href=\"http:\/\/pecnordeste.com.br\/2024\/wp-content\/uploads\/2024\/04\/BANNER-TRABALHOS-CIENTIFICOS-90-X120_compressed-1.pdf\">BANNER TRABALHOS CIENT\u00cdFICOS<\/a><\/strong><\/li>\n<li><a href=\"http:\/\/pecnordeste.com.br\/2024\/wp-content\/uploads\/2024\/05\/BANNER-TRABALHOS-CIENTIFICOS.png\"><strong>Banner em PNG<\/strong><\/a><\/li>\n<li><a href=\"http:\/\/pecnordeste.com.br\/2024\/wp-content\/uploads\/2024\/05\/CABECALHO-BANNER-TRABALHOS-CIENTIFICOS.png\"><strong>Cabeclalho em PNG<\/strong><\/a><\/li>\n<li><a href=\"http:\/\/pecnordeste.com.br\/2024\/wp-content\/uploads\/2024\/05\/RODAPE-TRABALHOS-CIENTIFICOS.png\"><strong>Rodap\u00e9 em PNG<\/strong><\/a><\/li>\n<\/ul>\n<h4><strong>Submiss\u00e3o dos resumos atrav\u00e9s do menu <a href=\"https:\/\/pec2024.gupe.com.br\/pt\/usuario\/index\">Inscri\u00e7\u00f5es<\/a><\/strong><\/h4>\n<ul>\n<li><a href=\"http:\/\/pecnordeste.com.br\/2024\/wp-content\/uploads\/2024\/04\/Tutorial-para-submissao-dos-TC-PEC-2024.pdf\">Tutorial para submiss\u00e3o dos TC PEC 2024<\/a><\/li>\n<li><a href=\"http:\/\/pecnordeste.com.br\/2024\/wp-content\/uploads\/2024\/04\/Perguntas-e-respostas-TC-PEC-2024.pdf\">Perguntas e respostas TC PEC 2024<\/a><\/li>\n<\/ul>\n","protected":false},"excerpt":{"rendered":"<p>Baixe aqui o seu Certifidado 1\u00aa LISTA DE TRABALHOS ACEITOS TC 2024 2\u00aa LISTA DE TRABALHOS ACEITOS TC 2024 AGENDA DE APRESENTA\u00c7\u00d5ES 3\u00aa LISTA DE TRABALHOS ACEITOS TC 2024 COMUNICADO AOS AUTORES RESULTADOS DA MEN\u00c7\u00c3O HONROSA &#8211; TRABALHOS CIENT\u00cdFICOS 2024 Hor\u00e1rio de apresenta\u00e7\u00e3o dos posteres: 14h \u00e0s 18h. O p\u00f4ster n\u00e3o pode ser retirado antes [&hellip;]<\/p>\n","protected":false},"author":1,"featured_media":369,"parent":0,"menu_order":0,"comment_status":"closed","ping_status":"closed","template":"","meta":{"ngg_post_thumbnail":0,"footnotes":""},"class_list":["post-356","page","type-page","status-publish","has-post-thumbnail","czr-hentry"],"jetpack_sharing_enabled":true,"jetpack-related-posts":[],"_links":{"self":[{"href":"http:\/\/pecnordeste.com.br\/2024\/wp-json\/wp\/v2\/pages\/356","targetHints":{"allow":["GET"]}}],"collection":[{"href":"http:\/\/pecnordeste.com.br\/2024\/wp-json\/wp\/v2\/pages"}],"about":[{"href":"http:\/\/pecnordeste.com.br\/2024\/wp-json\/wp\/v2\/types\/page"}],"author":[{"embeddable":true,"href":"http:\/\/pecnordeste.com.br\/2024\/wp-json\/wp\/v2\/users\/1"}],"replies":[{"embeddable":true,"href":"http:\/\/pecnordeste.com.br\/2024\/wp-json\/wp\/v2\/comments?post=356"}],"version-history":[{"count":83,"href":"http:\/\/pecnordeste.com.br\/2024\/wp-json\/wp\/v2\/pages\/356\/revisions"}],"predecessor-version":[{"id":3368,"href":"http:\/\/pecnordeste.com.br\/2024\/wp-json\/wp\/v2\/pages\/356\/revisions\/3368"}],"wp:featuredmedia":[{"embeddable":true,"href":"http:\/\/pecnordeste.com.br\/2024\/wp-json\/wp\/v2\/media\/369"}],"wp:attachment":[{"href":"http:\/\/pecnordeste.com.br\/2024\/wp-json\/wp\/v2\/media?parent=356"}],"curies":[{"name":"wp","href":"https:\/\/api.w.org\/{rel}","templated":true}]}}