{"id":2375,"date":"2023-06-27T09:43:28","date_gmt":"2023-06-27T12:43:28","guid":{"rendered":"http:\/\/pecnordeste.com.br\/2023\/?page_id=2375"},"modified":"2024-01-22T11:45:15","modified_gmt":"2024-01-22T14:45:15","slug":"certificados-pec2023","status":"publish","type":"page","link":"https:\/\/pecnordeste.com.br\/2025\/certificados-pec2023\/","title":{"rendered":"Certificados PEC2023"},"content":{"rendered":"<p><strong><u>AVALIA\u00c7\u00c3O DO EVENTO<\/u><\/strong><\/p>\n<p>Clique no link abaixo para fazer sua avalia\u00e7\u00e3o do evento.<br \/>\n<a href=\"https:\/\/docs.google.com\/forms\/d\/e\/1FAIpQLSeAUTCdUTnsZRxYPS2Dh4l7g_GHEBCtMP80K65mm8gRskBxXw\/viewform\">https:\/\/docs.google.com\/forms\/d\/e\/1FAIpQLSc1XZuRa-NnTgRDTzLpj4s6a30rIhQovKq-iOrJTdU7t6TqLg\/formResponsehttps:\/\/docs.google.com\/forms\/d\/1zMQyMqn9-plX4QL6aNV92w8dhLahDcIpOnRgg0oa5YI\/edit?ts=629a5064<\/a><\/p>\n<div><b>Participe da nossa avalia\u00e7\u00e3o do Pecnordeste 2023 e nos ajude a fazer um evento cada vez melhor para voc\u00ea!!. Clique abaixo e participe. S\u00f3 vai levar um minuto do seu tempo.<\/b><\/div>\n<div>&nbsp;<\/div>\n<h4><strong><a href=\"https:\/\/pec2023.gupe.com.br\/certificados\">Clique aqui para baixar seu certificado PEC2023!<\/a><\/strong><\/h4>\n<p><a href=\"https:\/\/pec2023.gupe.com.br\/certificados\"><img fetchpriority=\"high\" decoding=\"async\" class=\"aligncenter size-large wp-image-2376\" src=\"http:\/\/pecnordeste.com.br\/2023\/wp-content\/uploads\/2023\/06\/CERTIFICADO-DISPONIVEL-819x1024.jpeg\" alt=\"\" width=\"819\" height=\"1024\" srcset=\"https:\/\/pecnordeste.com.br\/2025\/wp-content\/uploads\/2023\/06\/CERTIFICADO-DISPONIVEL-819x1024.jpeg 819w, https:\/\/pecnordeste.com.br\/2025\/wp-content\/uploads\/2023\/06\/CERTIFICADO-DISPONIVEL-240x300.jpeg 240w, https:\/\/pecnordeste.com.br\/2025\/wp-content\/uploads\/2023\/06\/CERTIFICADO-DISPONIVEL-768x960.jpeg 768w, https:\/\/pecnordeste.com.br\/2025\/wp-content\/uploads\/2023\/06\/CERTIFICADO-DISPONIVEL.jpeg 1024w\" sizes=\"(max-width: 819px) 100vw, 819px\" \/><\/a><\/p>\n","protected":false},"excerpt":{"rendered":"<p>AVALIA\u00c7\u00c3O DO EVENTO Clique no link abaixo para fazer sua avalia\u00e7\u00e3o do evento. https:\/\/docs.google.com\/forms\/d\/e\/1FAIpQLSc1XZuRa-NnTgRDTzLpj4s6a30rIhQovKq-iOrJTdU7t6TqLg\/formResponsehttps:\/\/docs.google.com\/forms\/d\/1zMQyMqn9-plX4QL6aNV92w8dhLahDcIpOnRgg0oa5YI\/edit?ts=629a5064 Participe da nossa avalia\u00e7\u00e3o do Pecnordeste 2023 e nos ajude a fazer um evento cada vez melhor para voc\u00ea!!. Clique abaixo e participe. S\u00f3 vai levar um minuto do seu tempo. &nbsp; Clique aqui para baixar seu certificado PEC2023!<\/p>\n","protected":false},"author":1,"featured_media":0,"parent":0,"menu_order":0,"comment_status":"closed","ping_status":"closed","template":"","meta":{"ngg_post_thumbnail":0,"footnotes":""},"class_list":["post-2375","page","type-page","status-publish","czr-hentry"],"jetpack-related-posts":[],"jetpack_sharing_enabled":true,"_links":{"self":[{"href":"https:\/\/pecnordeste.com.br\/2025\/wp-json\/wp\/v2\/pages\/2375","targetHints":{"allow":["GET"]}}],"collection":[{"href":"https:\/\/pecnordeste.com.br\/2025\/wp-json\/wp\/v2\/pages"}],"about":[{"href":"https:\/\/pecnordeste.com.br\/2025\/wp-json\/wp\/v2\/types\/page"}],"author":[{"embeddable":true,"href":"https:\/\/pecnordeste.com.br\/2025\/wp-json\/wp\/v2\/users\/1"}],"replies":[{"embeddable":true,"href":"https:\/\/pecnordeste.com.br\/2025\/wp-json\/wp\/v2\/comments?post=2375"}],"version-history":[{"count":2,"href":"https:\/\/pecnordeste.com.br\/2025\/wp-json\/wp\/v2\/pages\/2375\/revisions"}],"predecessor-version":[{"id":2505,"href":"https:\/\/pecnordeste.com.br\/2025\/wp-json\/wp\/v2\/pages\/2375\/revisions\/2505"}],"wp:attachment":[{"href":"https:\/\/pecnordeste.com.br\/2025\/wp-json\/wp\/v2\/media?parent=2375"}],"curies":[{"name":"wp","href":"https:\/\/api.w.org\/{rel}","templated":true}]}}