{"id":3640,"date":"2025-02-17T11:17:16","date_gmt":"2025-02-17T14:17:16","guid":{"rendered":"https:\/\/pecnordeste.com.br\/2025\/?page_id=3640"},"modified":"2025-03-11T09:03:43","modified_gmt":"2025-03-11T12:03:43","slug":"hospedagem","status":"publish","type":"page","link":"https:\/\/pecnordeste.com.br\/2025\/hospedagem\/","title":{"rendered":"Hospedagem"},"content":{"rendered":"<p>&nbsp;<\/p>\n<p>&nbsp;<\/p>\n<table class=\"unstyledTable\">\n<tbody>\n<tr>\n<td><img decoding=\"async\" src=\"http:\/\/pecnordeste.com.br\/2025\/wp-content\/uploads\/2025\/02\/hotel1-194x300.png\" alt=\"Hotel Praia Centro\"><\/td>\n<td><strong><u>HOTEL PRAIA CENTRO<\/u><\/strong><br \/>\nAv. Monsenhor Tabosa, 740 &#8211; Praia de Iracema &#8211; 60.165-010 &#8211; Fortaleza-CE<br \/>\n<a href=\"https:\/\/www.praiacentro.com.br\/\">Site do Hotel<\/a><br \/>\nAo entrar, clique no bot\u00e3o superior no canto direito &#8220;RESERVE AQUI&#8221;, selecione a data da viagem, quantidade de quartos, quantidade de h\u00f3spedes, clique em &#8220;tenho um c\u00f3digo&#8221;, insira o c\u00f3digo no campo &#8220;C\u00d3DIGO PROMOCIONAL&#8221; e clique em aplicar.<br \/>\n<strong>C\u00f3digo<\/strong>: <strong>PECNORDESTE<\/strong><br \/>\n<img decoding=\"async\" src=\"http:\/\/pecnordeste.com.br\/2025\/wp-content\/uploads\/2025\/02\/hotel.png\" alt=\"\"><\/td>\n<\/tr>\n<tr>\n<td><img decoding=\"async\" src=\"http:\/\/pecnordeste.com.br\/2025\/wp-content\/uploads\/2025\/02\/hotel4.png\" alt=\"Hotel Sonata de Iracema\"><\/td>\n<td><strong><u>HOTEL SONATA DE IRACEMA<\/u><\/strong><br \/>\nAv. Beira Mar, 848 &#8211; Praia de Iracema, Fortaleza &#8211; CE, 60165-120<br \/>\n<a href=\"https:\/\/www.hotelsonata.com.br\/\">Site do Hotel<\/a><br \/>\nAo entrar no site, clique em &#8220;Fa\u00e7a sua reserva&#8221;, inclua a data de check-in e check-out, insira o C\u00f3digo Promocional e clique em &#8220;Reserve Agora!&#8221;.<br \/>\n<strong>C\u00f3digo<\/strong>: <strong>PEC10<\/strong><\/td>\n<\/tr>\n<tr>\n<td><img decoding=\"async\" src=\"http:\/\/pecnordeste.com.br\/2025\/wp-content\/uploads\/2025\/02\/hotel5.png\" alt=\"Plaza Praia Hotel\"><\/td>\n<td><strong><u>PLAZA PRAIA HOTEL<\/u><\/strong><br \/>\nBar\u00e3o de Aracati, 94 &#8211; Fortaleza CE &#8211; 60115-080<br \/>\n<a href=\"http:\/\/www.plazasuites.com.br\">Site do Hotel<\/a><br \/>\nAcesse o site, clique em &#8220;Reservar&#8221;, selecione o per\u00edodo, clique em &#8220;tenho um c\u00f3digo&#8221;, insira o c\u00f3digo em &#8220;C\u00f3digo de Grupo&#8221;, clique em aplicar e selecione o valor da hospedagem referente ao c\u00f3digo do PECNORDESTE 2025.<br \/>\n<strong>C\u00f3digo<\/strong>: <strong>68103<\/strong><br \/>\n<a href=\"https:\/\/book.omnibees.com\/hotelresults?q=5390&amp;lang=pt-BR&amp;CheckIn=17022025&amp;CheckOut=18022025&amp;NRooms=1&amp;ad=2&amp;ch=0&amp;ag=&amp;Code=68103\">Link de Reserva<\/a><br \/>\n<img decoding=\"async\" src=\"http:\/\/pecnordeste.com.br\/2025\/wp-content\/uploads\/2025\/02\/hotel-8.png\" alt=\"\"><\/td>\n<\/tr>\n<tr>\n<td><img decoding=\"async\" src=\"http:\/\/pecnordeste.com.br\/2025\/wp-content\/uploads\/2025\/02\/hotel6.png\" alt=\"Costa do Mar Hotel\"><\/td>\n<td><strong><u>COSTA DO MAR HOTEL<\/u><\/strong><br \/>\nAv. Historiador Raimundo Gir\u00e3o, 1338 \u2013 Praia de Iracema &#8211; Fortaleza<br \/>\n<a href=\"http:\/\/www.costadomarhotel.com.br\">Site do Hotel<\/a><br \/>\nAcesse o site, clique em &#8220;Reservar&#8221;, selecione o per\u00edodo, clique em &#8220;tenho um c\u00f3digo&#8221;, insira o c\u00f3digo em &#8220;C\u00f3digo de Grupo&#8221;, clique em aplicar e selecione o valor da hospedagem referente ao c\u00f3digo do PECNORDESTE 2025.<strong>C\u00f3digo:&nbsp;59089<\/strong><\/td>\n<\/tr>\n<tr>\n<td><img decoding=\"async\" src=\"http:\/\/pecnordeste.com.br\/2025\/wp-content\/uploads\/2025\/02\/hotel7.png\" alt=\"Aquidab\u00e3 Praia Hotel\"><\/td>\n<td><strong><u>AQUIDAB\u00c3 PRAIA HOTEL<\/u><\/strong><br \/>\nRua Carlos Vasconcelos, 137 \u2013 Praia de Iracema &#8211; Fortaleza<br \/>\n<a href=\"http:\/\/www.aquidabapraiahotel.com.br\">Site do Hotel<\/a><br \/>\nAcesse o site, clique em &#8220;Reservar&#8221;, selecione o per\u00edodo, clique em &#8220;tenho um c\u00f3digo&#8221;, insira o c\u00f3digo em &#8220;C\u00f3digo de Grupo&#8221;, clique em aplicar e selecione o valor da hospedagem referente ao c\u00f3digo do PECNORDESTE 2025.<strong>C\u00f3digo: 68199<\/strong><\/td>\n<\/tr>\n<tr>\n<td><img decoding=\"async\" src=\"http:\/\/pecnordeste.com.br\/2025\/wp-content\/uploads\/2025\/03\/123.png\" alt=\"Aquidab\u00e3 Praia Hotel\"><\/td>\n<td><strong><u>HOTEL OASIS ATL\u00c2NTICO<\/u><\/strong><\/p>\n<p>Av. Beira Mar, 2500 &#8211; Fortaleza &#8211; Cear\u00e1 &#8211; Brasil<\/p>\n<p><a href=\"http:\/\/www.oasisatlantico.com\/\">Site do Hotel<\/a><br \/>\nAo entrar no site, clique em reservar, selecione Brasil &#8211; Oasis Imperial &amp; Fortaleza, indique o periodo da tarifa promocional \u2013 05 a 07\/06 e insira o c\u00f3digo em Promo<\/p>\n<p><strong>C\u00f3digo: PECNORDESTE<\/strong><\/td>\n<\/tr>\n<tr>\n<td><img decoding=\"async\" src=\"http:\/\/pecnordeste.com.br\/2025\/wp-content\/uploads\/2025\/03\/hotel-diogo.jpg\" alt=\"Hotel Diogo\"><\/td>\n<td><strong><u>HOTEL DIOGO<\/u><\/strong><\/p>\n<p>Av. Monsenhor Tabosa, 1716 &#8211; Meireles \u2013 Fortaleza<br \/>\nCEP: 60.165-068<\/p>\n<p><a href=\"http:\/\/www.hoteldiogo.com.br\"><strong>www.hoteldiogo.com.br<\/strong><\/a><\/p>\n<p>Ao entrar no site, indique o periodo da hospedagem, insira o c\u00f3digo em Cod. Promocional e clique em reservar<\/p>\n<p><strong>C\u00f3digo: PEC25<\/strong><\/td>\n<\/tr>\n<\/tbody>\n<\/table>\n","protected":false},"excerpt":{"rendered":"<p>&nbsp; &nbsp; HOTEL PRAIA CENTRO Av. Monsenhor Tabosa, 740 &#8211; Praia de Iracema &#8211; 60.165-010 &#8211; Fortaleza-CE Site do Hotel Ao entrar, clique no bot\u00e3o superior no canto direito &#8220;RESERVE AQUI&#8221;, selecione a data da viagem, quantidade de quartos, quantidade de h\u00f3spedes, clique em &#8220;tenho um c\u00f3digo&#8221;, insira o c\u00f3digo no campo &#8220;C\u00d3DIGO PROMOCIONAL&#8221; e clique em aplicar. C\u00f3digo: PECNORDESTE HOTEL SONATA DE IRACEMA Av. Beira Mar, 848 &#8211; Praia de Iracema, Fortaleza &#8211; CE, 60165-120 Site do Hotel Ao entrar no site, clique em &#8220;Fa\u00e7a sua reserva&#8221;, inclua a data de check-in e check-out, insira o C\u00f3digo Promocional e clique em &#8220;Reserve Agora!&#8221;. C\u00f3digo: PEC10 PLAZA PRAIA HOTEL Bar\u00e3o de Aracati, 94 &#8211; Fortaleza CE &#8211; 60115-080 Site do Hotel Acesse o site, clique em &#8220;Reservar&#8221;, selecione o per\u00edodo, clique em &#8220;tenho um c\u00f3digo&#8221;, insira o c\u00f3digo em &#8220;C\u00f3digo de Grupo&#8221;, clique em aplicar e selecione o valor da hospedagem referente ao c\u00f3digo do PECNORDESTE 2025. C\u00f3digo: 68103 Link de Reserva COSTA DO MAR HOTEL Av. Historiador Raimundo Gir\u00e3o, 1338 \u2013 Praia de Iracema &#8211; Fortaleza Site do Hotel Acesse o site, clique em &#8220;Reservar&#8221;, selecione o per\u00edodo, clique em &#8220;tenho um c\u00f3digo&#8221;, insira o c\u00f3digo em &#8220;C\u00f3digo de Grupo&#8221;, clique em aplicar e selecione o valor da hospedagem referente ao c\u00f3digo do PECNORDESTE 2025.C\u00f3digo:&nbsp;59089 AQUIDAB\u00c3 PRAIA HOTEL Rua Carlos Vasconcelos, 137 \u2013 Praia de Iracema &#8211; Fortaleza Site do Hotel Acesse o site, clique em &#8220;Reservar&#8221;, selecione o per\u00edodo, clique em &#8220;tenho um c\u00f3digo&#8221;, insira o c\u00f3digo em &#8220;C\u00f3digo de Grupo&#8221;, clique em aplicar e selecione o valor da hospedagem referente ao c\u00f3digo do PECNORDESTE 2025.C\u00f3digo: 68199 HOTEL OASIS ATL\u00c2NTICO Av. Beira Mar, 2500 &#8211; Fortaleza &#8211; Cear\u00e1 &#8211; Brasil Site do Hotel Ao entrar no site, clique em reservar, selecione Brasil &#8211; Oasis Imperial &amp; Fortaleza, indique o periodo da tarifa promocional \u2013 05 a 07\/06 e insira o c\u00f3digo em Promo C\u00f3digo: PECNORDESTE HOTEL DIOGO Av. Monsenhor Tabosa, 1716 &#8211; Meireles \u2013 Fortaleza CEP: 60.165-068 www.hoteldiogo.com.br Ao entrar no site, indique o periodo da hospedagem, insira o c\u00f3digo em Cod. Promocional e clique em reservar C\u00f3digo: PEC25<\/p>\n","protected":false},"author":1,"featured_media":0,"parent":0,"menu_order":0,"comment_status":"closed","ping_status":"closed","template":"","meta":{"ngg_post_thumbnail":0,"footnotes":""},"class_list":["post-3640","page","type-page","status-publish","czr-hentry"],"jetpack-related-posts":[],"jetpack_sharing_enabled":true,"_links":{"self":[{"href":"https:\/\/pecnordeste.com.br\/2025\/wp-json\/wp\/v2\/pages\/3640","targetHints":{"allow":["GET"]}}],"collection":[{"href":"https:\/\/pecnordeste.com.br\/2025\/wp-json\/wp\/v2\/pages"}],"about":[{"href":"https:\/\/pecnordeste.com.br\/2025\/wp-json\/wp\/v2\/types\/page"}],"author":[{"embeddable":true,"href":"https:\/\/pecnordeste.com.br\/2025\/wp-json\/wp\/v2\/users\/1"}],"replies":[{"embeddable":true,"href":"https:\/\/pecnordeste.com.br\/2025\/wp-json\/wp\/v2\/comments?post=3640"}],"version-history":[{"count":23,"href":"https:\/\/pecnordeste.com.br\/2025\/wp-json\/wp\/v2\/pages\/3640\/revisions"}],"predecessor-version":[{"id":3645,"href":"https:\/\/pecnordeste.com.br\/2025\/wp-json\/wp\/v2\/pages\/3640\/revisions\/3645"}],"wp:attachment":[{"href":"https:\/\/pecnordeste.com.br\/2025\/wp-json\/wp\/v2\/media?parent=3640"}],"curies":[{"name":"wp","href":"https:\/\/api.w.org\/{rel}","templated":true}]}}