{"id":4252,"date":"2025-05-14T15:00:56","date_gmt":"2025-05-14T18:00:56","guid":{"rendered":"https:\/\/pecnordeste.com.br\/2025\/?page_id=4252"},"modified":"2025-05-14T15:03:50","modified_gmt":"2025-05-14T18:03:50","slug":"concurso-melhor-mel-cachaca-e-queijo-pecnordeste-2025","status":"publish","type":"page","link":"https:\/\/pecnordeste.com.br\/2025\/concurso-melhor-mel-cachaca-e-queijo-pecnordeste-2025\/","title":{"rendered":"Concurso Melhor Mel, Cacha\u00e7a e Queijo &#8211; PECNORDESTE 2025"},"content":{"rendered":"<p style=\"text-align: justify;\">O Concurso de Melhor Queijo, Cacha\u00e7a e Mel \u00e9 uma iniciativa promovida dentro do PEC NORDESTE, visando valorizar e reconhecer a excel\u00eancia na produ\u00e7\u00e3o de produtos agropecu\u00e1rios do Cear\u00e1.<\/p>\n<p style=\"text-align: justify;\">O concurso tem como objetivo estimular a melhoria da qualidade, incentivar a ado\u00e7\u00e3o de boas pr\u00e1ticas de produ\u00e7\u00e3o e impulsionar a competitividade desses produtos no mercado nacional e internacional.<\/p>\n<p><a href=\"https:\/\/docs.google.com\/forms\/d\/e\/1FAIpQLSct31E0BKpqyVWjjvkzlowOIdeJjqmiQJBcowddFmyKWT4dNQ\/viewform?usp=dialog\">Link para o Formul\u00e1rio de Pre-inscri\u00e7\u00e3o<\/a><\/p>\n<p><strong>Leia o Regulamento abaixo.<\/strong><\/p>\n<p><iframe style=\"width: 800px; height: 930px;\" src=\"https:\/\/pecnordeste.com.br\/2025\/wp-content\/uploads\/2025\/05\/REGULAMENTO-Concurso.pdf\" width=\"700\" height=\"930\" frameborder=\"0\"><span data-mce-type=\"bookmark\" style=\"display: inline-block; width: 0px; overflow: hidden; line-height: 0;\" class=\"mce_SELRES_start\">\ufeff<\/span><span data-mce-type=\"bookmark\" style=\"display: inline-block; width: 0px; overflow: hidden; line-height: 0;\" class=\"mce_SELRES_start\">\ufeff<\/span><\/iframe><\/p>\n","protected":false},"excerpt":{"rendered":"<p>O Concurso de Melhor Queijo, Cacha\u00e7a e Mel \u00e9 uma iniciativa promovida dentro do PEC NORDESTE, visando valorizar e reconhecer a excel\u00eancia na produ\u00e7\u00e3o de produtos agropecu\u00e1rios do Cear\u00e1. O concurso tem como objetivo estimular a melhoria da qualidade, incentivar a ado\u00e7\u00e3o de boas pr\u00e1ticas de produ\u00e7\u00e3o e impulsionar a competitividade desses produtos no mercado nacional e internacional. Link para o Formul\u00e1rio de Pre-inscri\u00e7\u00e3o Leia o Regulamento abaixo. \ufeff\ufeff<\/p>\n","protected":false},"author":1,"featured_media":0,"parent":0,"menu_order":0,"comment_status":"closed","ping_status":"closed","template":"","meta":{"ngg_post_thumbnail":0,"footnotes":""},"class_list":["post-4252","page","type-page","status-publish","czr-hentry"],"jetpack-related-posts":[],"jetpack_sharing_enabled":true,"_links":{"self":[{"href":"https:\/\/pecnordeste.com.br\/2025\/wp-json\/wp\/v2\/pages\/4252","targetHints":{"allow":["GET"]}}],"collection":[{"href":"https:\/\/pecnordeste.com.br\/2025\/wp-json\/wp\/v2\/pages"}],"about":[{"href":"https:\/\/pecnordeste.com.br\/2025\/wp-json\/wp\/v2\/types\/page"}],"author":[{"embeddable":true,"href":"https:\/\/pecnordeste.com.br\/2025\/wp-json\/wp\/v2\/users\/1"}],"replies":[{"embeddable":true,"href":"https:\/\/pecnordeste.com.br\/2025\/wp-json\/wp\/v2\/comments?post=4252"}],"version-history":[{"count":4,"href":"https:\/\/pecnordeste.com.br\/2025\/wp-json\/wp\/v2\/pages\/4252\/revisions"}],"predecessor-version":[{"id":4257,"href":"https:\/\/pecnordeste.com.br\/2025\/wp-json\/wp\/v2\/pages\/4252\/revisions\/4257"}],"wp:attachment":[{"href":"https:\/\/pecnordeste.com.br\/2025\/wp-json\/wp\/v2\/media?parent=4252"}],"curies":[{"name":"wp","href":"https:\/\/api.w.org\/{rel}","templated":true}]}}