{"id":4259,"date":"2025-05-15T08:18:13","date_gmt":"2025-05-15T11:18:13","guid":{"rendered":"https:\/\/pecnordeste.com.br\/2025\/?page_id=4259"},"modified":"2025-05-15T14:02:13","modified_gmt":"2025-05-15T17:02:13","slug":"hackathon-agrotech-inova","status":"publish","type":"page","link":"https:\/\/pecnordeste.com.br\/2025\/hackathon-agrotech-inova\/","title":{"rendered":"Hackathon Agrotech Inova"},"content":{"rendered":"\n<div class=\"wpcf7 no-js\" id=\"wpcf7-f4260-o1\" lang=\"pt-BR\" dir=\"ltr\" data-wpcf7-id=\"4260\">\n<div class=\"screen-reader-response\"><p role=\"status\" aria-live=\"polite\" aria-atomic=\"true\"><\/p> <ul><\/ul><\/div>\n<form action=\"\/2025\/wp-json\/wp\/v2\/pages\/4259#wpcf7-f4260-o1\" method=\"post\" class=\"wpcf7-form init\" aria-label=\"Formul\u00e1rios de contato\" enctype=\"multipart\/form-data\" novalidate=\"novalidate\" data-status=\"init\">\n<div style=\"display: none;\">\n<input type=\"hidden\" name=\"_wpcf7\" value=\"4260\" \/>\n<input type=\"hidden\" name=\"_wpcf7_version\" value=\"6.0.6\" \/>\n<input type=\"hidden\" name=\"_wpcf7_locale\" value=\"pt_BR\" \/>\n<input type=\"hidden\" name=\"_wpcf7_unit_tag\" value=\"wpcf7-f4260-o1\" \/>\n<input type=\"hidden\" name=\"_wpcf7_container_post\" value=\"0\" \/>\n<input type=\"hidden\" name=\"_wpcf7_posted_data_hash\" value=\"\" \/>\n<input type=\"hidden\" name=\"_wpcf7cf_hidden_group_fields\" value=\"[]\" \/>\n<input type=\"hidden\" name=\"_wpcf7cf_hidden_groups\" value=\"[]\" \/>\n<input type=\"hidden\" name=\"_wpcf7cf_visible_groups\" value=\"[]\" \/>\n<input type=\"hidden\" name=\"_wpcf7cf_repeaters\" value=\"[]\" \/>\n<input type=\"hidden\" name=\"_wpcf7cf_steps\" value=\"{}\" \/>\n<input type=\"hidden\" name=\"_wpcf7cf_options\" value=\"{&quot;form_id&quot;:4260,&quot;conditions&quot;:[{&quot;then_field&quot;:&quot;group-311&quot;,&quot;and_rules&quot;:[{&quot;if_field&quot;:&quot;membros&quot;,&quot;operator&quot;:&quot;equals&quot;,&quot;if_value&quot;:&quot;2&quot;}]},{&quot;then_field&quot;:&quot;group-312&quot;,&quot;and_rules&quot;:[{&quot;if_field&quot;:&quot;membros&quot;,&quot;operator&quot;:&quot;equals&quot;,&quot;if_value&quot;:&quot;2&quot;}]},{&quot;then_field&quot;:&quot;group-311&quot;,&quot;and_rules&quot;:[{&quot;if_field&quot;:&quot;membros&quot;,&quot;operator&quot;:&quot;equals&quot;,&quot;if_value&quot;:&quot;3&quot;}]},{&quot;then_field&quot;:&quot;group-312&quot;,&quot;and_rules&quot;:[{&quot;if_field&quot;:&quot;membros&quot;,&quot;operator&quot;:&quot;equals&quot;,&quot;if_value&quot;:&quot;3&quot;}]},{&quot;then_field&quot;:&quot;group-313&quot;,&quot;and_rules&quot;:[{&quot;if_field&quot;:&quot;membros&quot;,&quot;operator&quot;:&quot;equals&quot;,&quot;if_value&quot;:&quot;3&quot;}]},{&quot;then_field&quot;:&quot;group-311&quot;,&quot;and_rules&quot;:[{&quot;if_field&quot;:&quot;membros&quot;,&quot;operator&quot;:&quot;equals&quot;,&quot;if_value&quot;:&quot;4&quot;}]},{&quot;then_field&quot;:&quot;group-312&quot;,&quot;and_rules&quot;:[{&quot;if_field&quot;:&quot;membros&quot;,&quot;operator&quot;:&quot;equals&quot;,&quot;if_value&quot;:&quot;4&quot;}]},{&quot;then_field&quot;:&quot;group-313&quot;,&quot;and_rules&quot;:[{&quot;if_field&quot;:&quot;membros&quot;,&quot;operator&quot;:&quot;equals&quot;,&quot;if_value&quot;:&quot;4&quot;}]},{&quot;then_field&quot;:&quot;group-314&quot;,&quot;and_rules&quot;:[{&quot;if_field&quot;:&quot;membros&quot;,&quot;operator&quot;:&quot;equals&quot;,&quot;if_value&quot;:&quot;4&quot;}]}],&quot;settings&quot;:{&quot;animation&quot;:&quot;yes&quot;,&quot;animation_intime&quot;:200,&quot;animation_outtime&quot;:200,&quot;conditions_ui&quot;:&quot;normal&quot;,&quot;notice_dismissed&quot;:false}}\" \/>\n<\/div>\n<h3>1. Dados da Startup\n<\/h3>\n<p><label>Nome da Startup (campo obrigat\u00f3rio)<br \/>\n<span class=\"wpcf7-form-control-wrap\" data-name=\"nome_startup\"><input size=\"40\" maxlength=\"400\" class=\"wpcf7-form-control wpcf7-text wpcf7-validates-as-required\" aria-required=\"true\" aria-invalid=\"false\" value=\"\" type=\"text\" name=\"nome_startup\" \/><\/span><\/label>\n<\/p>\n<p><label>CNPJ (se houver)<br \/>\n<span class=\"wpcf7-form-control-wrap\" data-name=\"cnpj\"><input size=\"40\" maxlength=\"400\" class=\"wpcf7-form-control wpcf7-text\" aria-invalid=\"false\" value=\"\" type=\"text\" name=\"cnpj\" \/><\/span><\/label>\n<\/p>\n<p><label>Est\u00e1gio de desenvolvimento da solu\u00e7\u00e3o:<br \/>\n<span class=\"wpcf7-form-control-wrap\" data-name=\"estagio_desenvolvimento\"><span class=\"wpcf7-form-control wpcf7-checkbox\"><span class=\"wpcf7-list-item first\"><label><input type=\"checkbox\" name=\"estagio_desenvolvimento[]\" value=\"Idea\u00e7\u00e3o\" \/><span class=\"wpcf7-list-item-label\">Idea\u00e7\u00e3o<\/span><\/label><\/span><span class=\"wpcf7-list-item\"><label><input type=\"checkbox\" name=\"estagio_desenvolvimento[]\" value=\"Valida\u00e7\u00e3o\" \/><span class=\"wpcf7-list-item-label\">Valida\u00e7\u00e3o<\/span><\/label><\/span><span class=\"wpcf7-list-item last\"><label><input type=\"checkbox\" name=\"estagio_desenvolvimento[]\" value=\"Tra\u00e7\u00e3o\" \/><span class=\"wpcf7-list-item-label\">Tra\u00e7\u00e3o<\/span><\/label><\/span><\/span><\/span><\/label>\n<\/p>\n<p><label>Link do site ou rede social da startup (se houver)<br \/>\n<span class=\"wpcf7-form-control-wrap\" data-name=\"site_startup\"><input size=\"40\" maxlength=\"400\" class=\"wpcf7-form-control wpcf7-url wpcf7-text wpcf7-validates-as-url\" aria-invalid=\"false\" value=\"\" type=\"url\" name=\"site_startup\" \/><\/span><\/label>\n<\/p>\n<h3>2. Representante Legal da Equipe\n<\/h3>\n<p><label>Nome completo (campo obrigat\u00f3rio)<br \/>\n<span class=\"wpcf7-form-control-wrap\" data-name=\"nome_representante\"><input size=\"40\" maxlength=\"400\" class=\"wpcf7-form-control wpcf7-text wpcf7-validates-as-required\" aria-required=\"true\" aria-invalid=\"false\" value=\"\" type=\"text\" name=\"nome_representante\" \/><\/span><\/label>\n<\/p>\n<p><label>CPF (campo obrigat\u00f3rio)<br \/>\n<span class=\"wpcf7-form-control-wrap\" data-name=\"cpf_representante\"><input size=\"40\" maxlength=\"400\" class=\"wpcf7-form-control wpcf7-text wpcf7-validates-as-required\" aria-required=\"true\" aria-invalid=\"false\" value=\"\" type=\"text\" name=\"cpf_representante\" \/><\/span><\/label>\n<\/p>\n<p><label>E-mail principal de contato (campo obrigat\u00f3rio)<br \/>\n<span class=\"wpcf7-form-control-wrap\" data-name=\"email_representante\"><input size=\"40\" maxlength=\"400\" class=\"wpcf7-form-control wpcf7-email wpcf7-validates-as-required wpcf7-text wpcf7-validates-as-email\" aria-required=\"true\" aria-invalid=\"false\" value=\"\" type=\"email\" name=\"email_representante\" \/><\/span><\/label>\n<\/p>\n<p><label>Telefone\/WhatsApp (campo obrigat\u00f3rio)<br \/>\n<span class=\"wpcf7-form-control-wrap\" data-name=\"telefone_representante\"><input size=\"40\" maxlength=\"400\" class=\"wpcf7-form-control wpcf7-tel wpcf7-validates-as-required wpcf7-text wpcf7-validates-as-tel\" aria-required=\"true\" aria-invalid=\"false\" value=\"\" type=\"tel\" name=\"telefone_representante\" \/><\/span><\/label>\n<\/p>\n<p><label>Munic\u00edpio\/UF (campo obrigat\u00f3rio)<br \/>\n<span class=\"wpcf7-form-control-wrap\" data-name=\"municipio_uf\"><input size=\"40\" maxlength=\"400\" class=\"wpcf7-form-control wpcf7-text wpcf7-validates-as-required\" aria-required=\"true\" aria-invalid=\"false\" value=\"\" type=\"text\" name=\"municipio_uf\" \/><\/span><\/label>\n<\/p>\n<p><label>Outros Membros na equipe? (campo obrigat\u00f3rio)<br \/>\n<span class=\"wpcf7-form-control-wrap\" data-name=\"membros\"><select class=\"wpcf7-form-control wpcf7-select\" aria-invalid=\"false\" name=\"membros\"><option value=\"2\">2<\/option><option value=\"3\">3<\/option><option value=\"4\">4<\/option><\/select><\/span><\/label>\n<\/p>\n<div data-id=\"group-311\" data-orig_data_id=\"group-311\" data-clear_on_hide data-class=\"wpcf7cf_group\">\n\t<h3>3. Demais Integrantes da Equipe (m\u00ednimo 2, m\u00e1ximo 4)\n\t<\/h3>\n\t<div id=\"integrantes-container\">\n\t\t<div class=\"integrante-bloco\">\n\t\t\t<p><label>Nome completo<br \/>\n<span class=\"wpcf7-form-control-wrap\" data-name=\"nome_integrante1\"><input size=\"40\" maxlength=\"400\" class=\"wpcf7-form-control wpcf7-text wpcf7-validates-as-required\" aria-required=\"true\" aria-invalid=\"false\" value=\"\" type=\"text\" name=\"nome_integrante1\" \/><\/span><\/label>\n\t\t\t<\/p>\n\t\t\t<p><label>Fun\u00e7\u00e3o na equipe<br \/>\n<span class=\"wpcf7-form-control-wrap\" data-name=\"funcao_integrante1\"><input size=\"40\" maxlength=\"400\" class=\"wpcf7-form-control wpcf7-text wpcf7-validates-as-required\" aria-required=\"true\" aria-invalid=\"false\" value=\"\" type=\"text\" name=\"funcao_integrante1\" \/><\/span><\/label>\n\t\t\t<\/p>\n\t\t\t<p><label>Forma\u00e7\u00e3o e experi\u00eancia profissional<br \/>\n<span class=\"wpcf7-form-control-wrap\" data-name=\"experiencia_integrante1\"><textarea cols=\"40\" rows=\"10\" maxlength=\"2000\" class=\"wpcf7-form-control wpcf7-textarea wpcf7-validates-as-required\" aria-required=\"true\" aria-invalid=\"false\" name=\"experiencia_integrante1\"><\/textarea><\/span><\/label>\n\t\t\t<\/p>\n\t\t\t<p><label>E-mail de contato<br \/>\n<span class=\"wpcf7-form-control-wrap\" data-name=\"email_integrante1\"><input size=\"40\" maxlength=\"400\" class=\"wpcf7-form-control wpcf7-email wpcf7-validates-as-required wpcf7-text wpcf7-validates-as-email\" aria-required=\"true\" aria-invalid=\"false\" value=\"\" type=\"email\" name=\"email_integrante1\" \/><\/span><\/label>\n\t\t\t<\/p>\n\t\t\t<p><label>Telefone\/WhatsApp<br \/>\n<span class=\"wpcf7-form-control-wrap\" data-name=\"telefone_integrante1\"><input size=\"40\" maxlength=\"400\" class=\"wpcf7-form-control wpcf7-tel wpcf7-validates-as-required wpcf7-text wpcf7-validates-as-tel\" aria-required=\"true\" aria-invalid=\"false\" value=\"\" type=\"tel\" name=\"telefone_integrante1\" \/><\/span><\/label><br \/>\n\t\t\t<hr \/>\n\t\t\t<\/p>\n\t\t<\/div>\n\t<\/div>\n<\/div>\n<div data-id=\"group-312\" data-orig_data_id=\"group-312\" data-clear_on_hide data-class=\"wpcf7cf_group\">\n\t<h3>3. Demais Integrantes da Equipe (m\u00ednimo 2, m\u00e1ximo 4)\n\t<\/h3>\n\t<div id=\"integrantes-container\">\n\t\t<div class=\"integrante-bloco\">\n\t\t\t<p><label>Nome completo<br \/>\n<span class=\"wpcf7-form-control-wrap\" data-name=\"nome_integrante2\"><input size=\"40\" maxlength=\"400\" class=\"wpcf7-form-control wpcf7-text wpcf7-validates-as-required\" aria-required=\"true\" aria-invalid=\"false\" value=\"\" type=\"text\" name=\"nome_integrante2\" \/><\/span><\/label>\n\t\t\t<\/p>\n\t\t\t<p><label>Fun\u00e7\u00e3o na equipe<br \/>\n<span class=\"wpcf7-form-control-wrap\" data-name=\"funcao_integrante2\"><input size=\"40\" maxlength=\"400\" class=\"wpcf7-form-control wpcf7-text wpcf7-validates-as-required\" aria-required=\"true\" aria-invalid=\"false\" value=\"\" type=\"text\" name=\"funcao_integrante2\" \/><\/span><\/label>\n\t\t\t<\/p>\n\t\t\t<p><label>Forma\u00e7\u00e3o e experi\u00eancia profissional<br \/>\n<span class=\"wpcf7-form-control-wrap\" data-name=\"experiencia_integrante2\"><textarea cols=\"40\" rows=\"10\" maxlength=\"2000\" class=\"wpcf7-form-control wpcf7-textarea wpcf7-validates-as-required\" aria-required=\"true\" aria-invalid=\"false\" name=\"experiencia_integrante2\"><\/textarea><\/span><\/label>\n\t\t\t<\/p>\n\t\t\t<p><label>E-mail de contato<br \/>\n<span class=\"wpcf7-form-control-wrap\" data-name=\"email_integrante2\"><input size=\"40\" maxlength=\"400\" class=\"wpcf7-form-control wpcf7-email wpcf7-validates-as-required wpcf7-text wpcf7-validates-as-email\" aria-required=\"true\" aria-invalid=\"false\" value=\"\" type=\"email\" name=\"email_integrante2\" \/><\/span><\/label>\n\t\t\t<\/p>\n\t\t\t<p><label>Telefone\/WhatsApp<br \/>\n<span class=\"wpcf7-form-control-wrap\" data-name=\"telefone_integrante2\"><input size=\"40\" maxlength=\"400\" class=\"wpcf7-form-control wpcf7-tel wpcf7-validates-as-required wpcf7-text wpcf7-validates-as-tel\" aria-required=\"true\" aria-invalid=\"false\" value=\"\" type=\"tel\" name=\"telefone_integrante2\" \/><\/span><\/label><br \/>\n\t\t\t<hr \/>\n\t\t\t<\/p>\n\t\t<\/div>\n\t<\/div>\n<\/div>\n<div data-id=\"group-313\" data-orig_data_id=\"group-313\" data-clear_on_hide data-class=\"wpcf7cf_group\">\n\t<h3>3. Demais Integrantes da Equipe (m\u00ednimo 2, m\u00e1ximo 4)\n\t<\/h3>\n\t<div id=\"integrantes-container\">\n\t\t<div class=\"integrante-bloco\">\n\t\t\t<p><label>Nome completo<br \/>\n<span class=\"wpcf7-form-control-wrap\" data-name=\"nome_integrante3\"><input size=\"40\" maxlength=\"400\" class=\"wpcf7-form-control wpcf7-text wpcf7-validates-as-required\" aria-required=\"true\" aria-invalid=\"false\" value=\"\" type=\"text\" name=\"nome_integrante3\" \/><\/span><\/label>\n\t\t\t<\/p>\n\t\t\t<p><label>Fun\u00e7\u00e3o na equipe<br \/>\n<span class=\"wpcf7-form-control-wrap\" data-name=\"funcao_integrante3\"><input size=\"40\" maxlength=\"400\" class=\"wpcf7-form-control wpcf7-text wpcf7-validates-as-required\" aria-required=\"true\" aria-invalid=\"false\" value=\"\" type=\"text\" name=\"funcao_integrante3\" \/><\/span><\/label>\n\t\t\t<\/p>\n\t\t\t<p><label>Forma\u00e7\u00e3o e experi\u00eancia profissional<br \/>\n<span class=\"wpcf7-form-control-wrap\" data-name=\"experiencia_integrante3\"><textarea cols=\"40\" rows=\"10\" maxlength=\"2000\" class=\"wpcf7-form-control wpcf7-textarea wpcf7-validates-as-required\" aria-required=\"true\" aria-invalid=\"false\" name=\"experiencia_integrante3\"><\/textarea><\/span><\/label>\n\t\t\t<\/p>\n\t\t\t<p><label>E-mail de contato<br \/>\n<span class=\"wpcf7-form-control-wrap\" data-name=\"email_integrante3\"><input size=\"40\" maxlength=\"400\" class=\"wpcf7-form-control wpcf7-email wpcf7-validates-as-required wpcf7-text wpcf7-validates-as-email\" aria-required=\"true\" aria-invalid=\"false\" value=\"\" type=\"email\" name=\"email_integrante3\" \/><\/span><\/label>\n\t\t\t<\/p>\n\t\t\t<p><label>Telefone\/WhatsApp<br \/>\n<span class=\"wpcf7-form-control-wrap\" data-name=\"telefone_integrante3\"><input size=\"40\" maxlength=\"400\" class=\"wpcf7-form-control wpcf7-tel wpcf7-validates-as-required wpcf7-text wpcf7-validates-as-tel\" aria-required=\"true\" aria-invalid=\"false\" value=\"\" type=\"tel\" name=\"telefone_integrante3\" \/><\/span><\/label><br \/>\n\t\t\t<hr \/>\n\t\t\t<\/p>\n\t\t<\/div>\n\t<\/div>\n<\/div>\n<div data-id=\"group-314\" data-orig_data_id=\"group-314\" data-clear_on_hide data-class=\"wpcf7cf_group\">\n\t<h3>3. Demais Integrantes da Equipe (m\u00ednimo 2, m\u00e1ximo 4)\n\t<\/h3>\n\t<div id=\"integrantes-container\">\n\t\t<div class=\"integrante-bloco\">\n\t\t\t<p><label>Nome completo<br \/>\n<span class=\"wpcf7-form-control-wrap\" data-name=\"nome_integrante4\"><input size=\"40\" maxlength=\"400\" class=\"wpcf7-form-control wpcf7-text wpcf7-validates-as-required\" aria-required=\"true\" aria-invalid=\"false\" value=\"\" type=\"text\" name=\"nome_integrante4\" \/><\/span><\/label>\n\t\t\t<\/p>\n\t\t\t<p><label>Fun\u00e7\u00e3o na equipe<br \/>\n<span class=\"wpcf7-form-control-wrap\" data-name=\"funcao_integrante4\"><input size=\"40\" maxlength=\"400\" class=\"wpcf7-form-control wpcf7-text wpcf7-validates-as-required\" aria-required=\"true\" aria-invalid=\"false\" value=\"\" type=\"text\" name=\"funcao_integrante4\" \/><\/span><\/label>\n\t\t\t<\/p>\n\t\t\t<p><label>Forma\u00e7\u00e3o e experi\u00eancia profissional<br \/>\n<span class=\"wpcf7-form-control-wrap\" data-name=\"experiencia_integrante4\"><textarea cols=\"40\" rows=\"10\" maxlength=\"2000\" class=\"wpcf7-form-control wpcf7-textarea wpcf7-validates-as-required\" aria-required=\"true\" aria-invalid=\"false\" name=\"experiencia_integrante4\"><\/textarea><\/span><\/label>\n\t\t\t<\/p>\n\t\t\t<p><label>E-mail de contato<br \/>\n<span class=\"wpcf7-form-control-wrap\" data-name=\"email_integrante4\"><input size=\"40\" maxlength=\"400\" class=\"wpcf7-form-control wpcf7-email wpcf7-validates-as-required wpcf7-text wpcf7-validates-as-email\" aria-required=\"true\" aria-invalid=\"false\" value=\"\" type=\"email\" name=\"email_integrante4\" \/><\/span><\/label>\n\t\t\t<\/p>\n\t\t\t<p><label>Telefone\/WhatsApp<br \/>\n<span class=\"wpcf7-form-control-wrap\" data-name=\"telefone_integrante4\"><input size=\"40\" maxlength=\"400\" class=\"wpcf7-form-control wpcf7-tel wpcf7-validates-as-required wpcf7-text wpcf7-validates-as-tel\" aria-required=\"true\" aria-invalid=\"false\" value=\"\" type=\"tel\" name=\"telefone_integrante4\" \/><\/span><\/label><br \/>\n\t\t\t<hr \/>\n\t\t\t<\/p>\n\t\t<\/div>\n\t<\/div>\n<\/div>\n<h3>4. Proposta da Solu\u00e7\u00e3o Tecnol\u00f3gica\n<\/h3>\n<p><label>T\u00edtulo da proposta (campo obrigat\u00f3rio)<br \/>\n<span class=\"wpcf7-form-control-wrap\" data-name=\"titulo_proposta\"><input size=\"40\" maxlength=\"400\" class=\"wpcf7-form-control wpcf7-text wpcf7-validates-as-required\" aria-required=\"true\" aria-invalid=\"false\" value=\"\" type=\"text\" name=\"titulo_proposta\" \/><\/span><\/label>\n<\/p>\n<p><label>Descreva resumidamente sua proposta (at\u00e9 500 palavras)<br \/>\n<span class=\"wpcf7-form-control-wrap\" data-name=\"resumo_proposta\"><textarea cols=\"40\" rows=\"10\" maxlength=\"10000\" class=\"wpcf7-form-control wpcf7-textarea wpcf7-validates-as-required\" aria-required=\"true\" aria-invalid=\"false\" name=\"resumo_proposta\"><\/textarea><\/span><\/label>\n<\/p>\n<p><label>Qual desafio do agro a proposta pretende resolver?<br \/>\n<span class=\"wpcf7-form-control-wrap\" data-name=\"desafio_agro\"><span class=\"wpcf7-form-control wpcf7-checkbox\"><span class=\"wpcf7-list-item first\"><label><input type=\"checkbox\" name=\"desafio_agro[]\" value=\"Gest\u00e3o Inteligente da \u00c1gua, Previsibilidade Clim\u00e1tica e Efici\u00eancia em Irriga\u00e7\u00e3o\" \/><span class=\"wpcf7-list-item-label\">Gest\u00e3o Inteligente da \u00c1gua, Previsibilidade Clim\u00e1tica e Efici\u00eancia em Irriga\u00e7\u00e3o<\/span><\/label><\/span><span class=\"wpcf7-list-item\"><label><input type=\"checkbox\" name=\"desafio_agro[]\" value=\"Sanidade Agropecu\u00e1ria com Tecnologias Avan\u00e7adas\" \/><span class=\"wpcf7-list-item-label\">Sanidade Agropecu\u00e1ria com Tecnologias Avan\u00e7adas<\/span><\/label><\/span><span class=\"wpcf7-list-item\"><label><input type=\"checkbox\" name=\"desafio_agro[]\" value=\"Automa\u00e7\u00e3o e Mecaniza\u00e7\u00e3o Inteligente para Pequenos e M\u00e9dios Produtores\" \/><span class=\"wpcf7-list-item-label\">Automa\u00e7\u00e3o e Mecaniza\u00e7\u00e3o Inteligente para Pequenos e M\u00e9dios Produtores<\/span><\/label><\/span><span class=\"wpcf7-list-item last\"><label><input type=\"checkbox\" name=\"desafio_agro[]\" value=\"Plataformas de Capacita\u00e7\u00e3o, Extens\u00e3o Rural e Assist\u00eancia T\u00e9cnica Digital\" \/><span class=\"wpcf7-list-item-label\">Plataformas de Capacita\u00e7\u00e3o, Extens\u00e3o Rural e Assist\u00eancia T\u00e9cnica Digital<\/span><\/label><\/span><\/span><\/span><\/label>\n<\/p>\n<p><label>Tecnologia principal utilizada:<br \/>\n<span class=\"wpcf7-form-control-wrap\" data-name=\"tecnologia_utilizada\"><span class=\"wpcf7-form-control wpcf7-checkbox\"><span class=\"wpcf7-list-item first\"><label><input type=\"checkbox\" name=\"tecnologia_utilizada[]\" value=\"Aplicativo M\u00f3vel\" \/><span class=\"wpcf7-list-item-label\">Aplicativo M\u00f3vel<\/span><\/label><\/span><span class=\"wpcf7-list-item\"><label><input type=\"checkbox\" name=\"tecnologia_utilizada[]\" value=\"Plataforma Web\" \/><span class=\"wpcf7-list-item-label\">Plataforma Web<\/span><\/label><\/span><span class=\"wpcf7-list-item\"><label><input type=\"checkbox\" name=\"tecnologia_utilizada[]\" value=\"Hardware embarcado\" \/><span class=\"wpcf7-list-item-label\">Hardware embarcado<\/span><\/label><\/span><span class=\"wpcf7-list-item\"><label><input type=\"checkbox\" name=\"tecnologia_utilizada[]\" value=\"IoT \/ Sensores\" \/><span class=\"wpcf7-list-item-label\">IoT \/ Sensores<\/span><\/label><\/span><span class=\"wpcf7-list-item\"><label><input type=\"checkbox\" name=\"tecnologia_utilizada[]\" value=\"Intelig\u00eancia Artificial\" \/><span class=\"wpcf7-list-item-label\">Intelig\u00eancia Artificial<\/span><\/label><\/span><span class=\"wpcf7-list-item last\"><label><input type=\"checkbox\" name=\"tecnologia_utilizada[]\" value=\"Outro (especificar)\" \/><span class=\"wpcf7-list-item-label\">Outro (especificar)<\/span><\/label><\/span><\/span><\/span><\/label>\n<\/p>\n<h3>5. FASE DA INOVA\u00c7\u00c3O\n<\/h3>\n<p><label>Em que fase sua empresa est\u00e1?<br \/>\n<span class=\"wpcf7-form-control-wrap\" data-name=\"fase_inovacao\"><span class=\"wpcf7-form-control wpcf7-radio\"><span class=\"wpcf7-list-item first\"><label><input type=\"radio\" name=\"fase_inovacao\" value=\"Idea\u00e7\u00e3o\" \/><span class=\"wpcf7-list-item-label\">Idea\u00e7\u00e3o<\/span><\/label><\/span><span class=\"wpcf7-list-item\"><label><input type=\"radio\" name=\"fase_inovacao\" value=\"Valida\u00e7\u00e3o\" \/><span class=\"wpcf7-list-item-label\">Valida\u00e7\u00e3o<\/span><\/label><\/span><span class=\"wpcf7-list-item\"><label><input type=\"radio\" name=\"fase_inovacao\" value=\"Opera\u00e7\u00e3o\/primeiras vendas\" \/><span class=\"wpcf7-list-item-label\">Opera\u00e7\u00e3o\/primeiras vendas<\/span><\/label><\/span><span class=\"wpcf7-list-item\"><label><input type=\"radio\" name=\"fase_inovacao\" value=\"Tra\u00e7\u00e3o\/acelerando o crescimento\" \/><span class=\"wpcf7-list-item-label\">Tra\u00e7\u00e3o\/acelerando o crescimento<\/span><\/label><\/span><span class=\"wpcf7-list-item last\"><label><input type=\"radio\" name=\"fase_inovacao\" value=\"Scale-up\" \/><span class=\"wpcf7-list-item-label\">Scale-up<\/span><\/label><\/span><\/span><\/span><\/label>\n<\/p>\n<h3>6. J\u00e1 foi acelerado por algum programa ou institui\u00e7\u00e3o?\n<\/h3>\n<p><span class=\"wpcf7-form-control-wrap\" data-name=\"acelerado\"><span class=\"wpcf7-form-control wpcf7-radio\"><span class=\"wpcf7-list-item first\"><label><input type=\"radio\" name=\"acelerado\" value=\"Sim\" \/><span class=\"wpcf7-list-item-label\">Sim<\/span><\/label><\/span><span class=\"wpcf7-list-item last\"><label><input type=\"radio\" name=\"acelerado\" value=\"N\u00e3o\" \/><span class=\"wpcf7-list-item-label\">N\u00e3o<\/span><\/label><\/span><\/span><\/span>\n<\/p>\n<h3>7. Documentos e Autoriza\u00e7\u00e3o\n<\/h3>\n<p><label>Upload do documento de identidade (obrigat\u00f3rio)<br \/>\n<span class=\"wpcf7-form-control-wrap\" data-name=\"documento_identidade\"><input size=\"40\" class=\"wpcf7-form-control wpcf7-file wpcf7-validates-as-required\" accept=\".pdf,.jpg,.png\" aria-required=\"true\" aria-invalid=\"false\" type=\"file\" name=\"documento_identidade\" \/><\/span><\/label>\n<\/p>\n<p><label>Upload do logotipo da startup (se houver)<br \/>\n<span class=\"wpcf7-form-control-wrap\" data-name=\"logotipo_startup\"><input size=\"40\" class=\"wpcf7-form-control wpcf7-file\" accept=\".jpg,.png\" aria-invalid=\"false\" type=\"file\" name=\"logotipo_startup\" \/><\/span><\/label>\n<\/p>\n<p><label>Upload de apresenta\u00e7\u00e3o ou pitch deck (.pdf ou .ppt, opcional)<br \/>\n<span class=\"wpcf7-form-control-wrap\" data-name=\"pitch_deck\"><input size=\"40\" class=\"wpcf7-form-control wpcf7-file\" accept=\".pdf,.ppt,.pptx\" aria-invalid=\"false\" type=\"file\" name=\"pitch_deck\" \/><\/span><\/label>\n<\/p>\n<h3>8. Termo de Compromisso\n<\/h3>\n<p><span class=\"wpcf7-form-control-wrap\" data-name=\"termos_compromisso\"><span class=\"wpcf7-form-control wpcf7-checkbox wpcf7-validates-as-required\"><span class=\"wpcf7-list-item first\"><label><input type=\"checkbox\" name=\"termos_compromisso[]\" value=\"Declaro que li e aceito todos os termos do Edital n.\u00ba 001\/2025 do Hackathon Agrotech Inova.\" \/><span class=\"wpcf7-list-item-label\">Declaro que li e aceito todos os termos do Edital n.\u00ba 001\/2025 do Hackathon Agrotech Inova.<\/span><\/label><\/span><span class=\"wpcf7-list-item last\"><label><input type=\"checkbox\" name=\"termos_compromisso[]\" value=\"Autorizo o uso da imagem e dos dados fornecidos para fins institucionais e divulga\u00e7\u00e3o do evento.\" \/><span class=\"wpcf7-list-item-label\">Autorizo o uso da imagem e dos dados fornecidos para fins institucionais e divulga\u00e7\u00e3o do evento.<\/span><\/label><\/span><\/span><\/span>\n<\/p>\n<h3>10. Finalizar\n<\/h3>\n<p><input class=\"wpcf7-form-control wpcf7-submit has-spinner\" type=\"submit\" value=\"ENVIAR INSCRI\u00c7\u00c3O\" \/>\n<\/p><p style=\"display: none !important;\" class=\"akismet-fields-container\" data-prefix=\"_wpcf7_ak_\"><label>&#916;<textarea name=\"_wpcf7_ak_hp_textarea\" cols=\"45\" rows=\"8\" maxlength=\"100\"><\/textarea><\/label><input type=\"hidden\" id=\"ak_js_1\" name=\"_wpcf7_ak_js\" value=\"2\"\/><script>document.getElementById( \"ak_js_1\" ).setAttribute( \"value\", ( new Date() ).getTime() );<\/script><\/p><div class=\"wpcf7-response-output\" aria-hidden=\"true\"><\/div>\n<\/form>\n<\/div>\n\n","protected":false},"excerpt":{"rendered":"","protected":false},"author":1,"featured_media":0,"parent":0,"menu_order":0,"comment_status":"closed","ping_status":"closed","template":"","meta":{"ngg_post_thumbnail":0,"footnotes":""},"class_list":["post-4259","page","type-page","status-publish","czr-hentry"],"jetpack-related-posts":[],"jetpack_sharing_enabled":true,"_links":{"self":[{"href":"https:\/\/pecnordeste.com.br\/2025\/wp-json\/wp\/v2\/pages\/4259","targetHints":{"allow":["GET"]}}],"collection":[{"href":"https:\/\/pecnordeste.com.br\/2025\/wp-json\/wp\/v2\/pages"}],"about":[{"href":"https:\/\/pecnordeste.com.br\/2025\/wp-json\/wp\/v2\/types\/page"}],"author":[{"embeddable":true,"href":"https:\/\/pecnordeste.com.br\/2025\/wp-json\/wp\/v2\/users\/1"}],"replies":[{"embeddable":true,"href":"https:\/\/pecnordeste.com.br\/2025\/wp-json\/wp\/v2\/comments?post=4259"}],"version-history":[{"count":1,"href":"https:\/\/pecnordeste.com.br\/2025\/wp-json\/wp\/v2\/pages\/4259\/revisions"}],"predecessor-version":[{"id":4261,"href":"https:\/\/pecnordeste.com.br\/2025\/wp-json\/wp\/v2\/pages\/4259\/revisions\/4261"}],"wp:attachment":[{"href":"https:\/\/pecnordeste.com.br\/2025\/wp-json\/wp\/v2\/media?parent=4259"}],"curies":[{"name":"wp","href":"https:\/\/api.w.org\/{rel}","templated":true}]}}