{"id":4572,"date":"2025-06-17T10:03:09","date_gmt":"2025-06-17T13:03:09","guid":{"rendered":"https:\/\/pecnordeste.com.br\/2025\/?page_id=4572"},"modified":"2025-06-17T10:44:10","modified_gmt":"2025-06-17T13:44:10","slug":"certificados-pec2025","status":"publish","type":"page","link":"https:\/\/pecnordeste.com.br\/2025\/certificados-pec2025\/","title":{"rendered":"Certificados PEC2025"},"content":{"rendered":"<p><strong><u>AVALIA\u00c7\u00c3O DO EVENTO<\/u><\/strong><\/p>\n<p>Clique no link abaixo para fazer sua avalia\u00e7\u00e3o do evento.<br \/>\n<a href=\"https:\/\/docs.google.com\/forms\/d\/1c-FuteZVR6ZEIN0Aa3zTjtPzgCLGS7E9boy8ZULTg5o\/edit?usp=drivesdk\">https:\/\/docs.google.com\/forms\/d\/1c-FuteZVR6ZEIN0Aa3zTjtPzgCLGS7E9boy8ZULTg5o\/edit?usp=drivesdk<\/a><\/p>\n<div><strong>Fa\u00e7a a avalia\u00e7\u00e3o do evento. Sua participa\u00e7\u00e3o \u00e9 fundamental para o sucesso do Pecnordeste.<\/strong><\/div>\n<h4><strong><a href=\"https:\/\/pec2025.gupe.com.br\/certificados\">Clique aqui para baixar seu certificado PEC2025!<\/a><\/strong><\/h4>\n<p><a href=\"https:\/\/pec2025.gupe.com.br\/certificados\" rel=\"attachment wp-att-4573\"><img fetchpriority=\"high\" decoding=\"async\" class=\"aligncenter wp-image-4573 size-large\" src=\"http:\/\/pecnordeste.com.br\/2025\/wp-content\/uploads\/2025\/06\/WhatsApp-Image-2025-06-17-at-09.49.12-819x1024.jpeg\" alt=\"\" width=\"819\" height=\"1024\" srcset=\"https:\/\/pecnordeste.com.br\/2025\/wp-content\/uploads\/2025\/06\/WhatsApp-Image-2025-06-17-at-09.49.12-819x1024.jpeg 819w, https:\/\/pecnordeste.com.br\/2025\/wp-content\/uploads\/2025\/06\/WhatsApp-Image-2025-06-17-at-09.49.12-240x300.jpeg 240w, https:\/\/pecnordeste.com.br\/2025\/wp-content\/uploads\/2025\/06\/WhatsApp-Image-2025-06-17-at-09.49.12-768x960.jpeg 768w, https:\/\/pecnordeste.com.br\/2025\/wp-content\/uploads\/2025\/06\/WhatsApp-Image-2025-06-17-at-09.49.12.jpeg 945w\" sizes=\"(max-width: 819px) 100vw, 819px\" \/><\/a><\/p>\n<p>&nbsp;<\/p>\n","protected":false},"excerpt":{"rendered":"<p>AVALIA\u00c7\u00c3O DO EVENTO Clique no link abaixo para fazer sua avalia\u00e7\u00e3o do evento. https:\/\/docs.google.com\/forms\/d\/1c-FuteZVR6ZEIN0Aa3zTjtPzgCLGS7E9boy8ZULTg5o\/edit?usp=drivesdk Fa\u00e7a a avalia\u00e7\u00e3o do evento. Sua participa\u00e7\u00e3o \u00e9 fundamental para o sucesso do Pecnordeste. Clique aqui para baixar seu certificado PEC2025! &nbsp;<\/p>\n","protected":false},"author":1,"featured_media":0,"parent":0,"menu_order":0,"comment_status":"closed","ping_status":"closed","template":"","meta":{"ngg_post_thumbnail":0,"footnotes":""},"class_list":["post-4572","page","type-page","status-publish","czr-hentry"],"jetpack-related-posts":[],"jetpack_sharing_enabled":true,"_links":{"self":[{"href":"https:\/\/pecnordeste.com.br\/2025\/wp-json\/wp\/v2\/pages\/4572","targetHints":{"allow":["GET"]}}],"collection":[{"href":"https:\/\/pecnordeste.com.br\/2025\/wp-json\/wp\/v2\/pages"}],"about":[{"href":"https:\/\/pecnordeste.com.br\/2025\/wp-json\/wp\/v2\/types\/page"}],"author":[{"embeddable":true,"href":"https:\/\/pecnordeste.com.br\/2025\/wp-json\/wp\/v2\/users\/1"}],"replies":[{"embeddable":true,"href":"https:\/\/pecnordeste.com.br\/2025\/wp-json\/wp\/v2\/comments?post=4572"}],"version-history":[{"count":4,"href":"https:\/\/pecnordeste.com.br\/2025\/wp-json\/wp\/v2\/pages\/4572\/revisions"}],"predecessor-version":[{"id":4578,"href":"https:\/\/pecnordeste.com.br\/2025\/wp-json\/wp\/v2\/pages\/4572\/revisions\/4578"}],"wp:attachment":[{"href":"https:\/\/pecnordeste.com.br\/2025\/wp-json\/wp\/v2\/media?parent=4572"}],"curies":[{"name":"wp","href":"https:\/\/api.w.org\/{rel}","templated":true}]}}