{"id":65,"date":"2022-03-08T14:47:35","date_gmt":"2022-03-08T17:47:35","guid":{"rendered":"http:\/\/pecnordeste.com.br\/2022\/?page_id=65"},"modified":"2025-06-05T15:28:01","modified_gmt":"2025-06-05T18:28:01","slug":"programacao","status":"publish","type":"page","link":"https:\/\/pecnordeste.com.br\/2025\/programacao\/","title":{"rendered":"Programa\u00e7\u00e3o"},"content":{"rendered":"<table style=\"border-collapse: separate; border-spacing: 20px;\">\n<tr>\n<td style=\"padding: 10px;\">\n      <a href=\"http:\/\/pecnordeste.com.br\/2025\/wp-content\/uploads\/2025\/06\/PROGRAMACAO-COMPLETA-05-DE-JUNHO-2.pdf\" target=\"http:\/\/pecnordeste.com.br\/2025\/wp-content\/uploads\/2025\/05\/PROGRAMACAO-COMPLETA-05-DE-JUNHO.pdf\" style=\"text-decoration: none;\"><\/p>\n<div style=\"background-color: green; color: white; font-weight: bold; padding: 20px; border-radius: 10px; width: 200px; text-align: center;\">\n          Programa\u00e7\u00e3o<br \/>\n          <span contenteditable=\"true\">dia 05 de junho<\/span>\n        <\/div>\n<p>      <\/a>\n    <\/td>\n<td style=\"padding: 10px;\">\n      <a href=\"http:\/\/pecnordeste.com.br\/2025\/wp-content\/uploads\/2025\/06\/PROGRAMACAO-COMPLETA-06-DE-JUNHO-1.pdf\" target=\"http:\/\/pecnordeste.com.br\/2025\/wp-content\/uploads\/2025\/05\/PROGRAMACAO-COMPLETA-06-DE-JUNHO-1.pdf\" style=\"text-decoration: none;\"><\/p>\n<div style=\"background-color: green; color: white; font-weight: bold; padding: 20px; border-radius: 10px; width: 200px; text-align: center;\">\n          Programa\u00e7\u00e3o<br \/>\n          <span contenteditable=\"true\">dia 06 de junho<\/span>\n        <\/div>\n<p>      <\/a>\n    <\/td>\n<td style=\"padding: 10px;\">\n      <a href=\"http:\/\/pecnordeste.com.br\/2025\/wp-content\/uploads\/2025\/06\/PROGRAMACAO-COMPLETA-07-DE-JUNHO-1.pdf\" target=\"http:\/\/pecnordeste.com.br\/2025\/wp-content\/uploads\/2025\/05\/PROGRAMACAO-COMPLETA-07-DE-JUNHO.pdf\" style=\"text-decoration: none;\"><\/p>\n<div style=\"background-color: green; color: white; font-weight: bold; padding: 20px; border-radius: 10px; width: 200px; text-align: center;\">\n          Programa\u00e7\u00e3o<br \/>\n          <span contenteditable=\"true\">dia 07 de junho<\/span>\n        <\/div>\n<p>      <\/a>\n    <\/td>\n<\/tr>\n<\/table>\n<style>#sp-ea-434 .spcollapsing { height: 0; overflow: hidden; transition-property: height;transition-duration: 300ms;}#sp-ea-434.sp-easy-accordion>.sp-ea-single {margin-bottom: 10px; border: 1px solid #e2e2e2; }#sp-ea-434.sp-easy-accordion>.sp-ea-single>.ea-header a {color: #444;}#sp-ea-434.sp-easy-accordion>.sp-ea-single>.sp-collapse>.ea-body {background: #fff; color: #444;}#sp-ea-434.sp-easy-accordion>.sp-ea-single {background: #eee;}#sp-ea-434.sp-easy-accordion>.sp-ea-single>.ea-header a .ea-expand-icon { float: left; color: #444;font-size: 16px;}<\/style><div id=\"sp_easy_accordion-1712673597\"><div id=\"sp-ea-434\" class=\"sp-ea-one sp-easy-accordion\" data-ex-icon=\"minus\" data-col-icon=\"plus\"  data-ea-active=\"ea-click\"  data-ea-mode=\"vertical\" data-preloader=\"\" data-scroll-active-item=\"\" data-offset-to-scroll=\"0\"><div class=\"ea-card  sp-ea-single\"><h3 class=\"ea-header\"><a class=\"collapsed\" data-sptoggle=\"spcollapse\" data-sptarget=#collapse4340 href=\"javascript:void(0)\"  aria-expanded=\"false\"><i class=\"ea-expand-icon ea-icon-expand-plus\"><\/i> Agroind\u00fastria<\/a><\/h3><div class=\"sp-collapse spcollapse spcollapse\" id=\"collapse4340\" data-parent=#sp-ea-434><div class=\"ea-body\"><p><iframe src=\"https:\/\/pecnordeste.com.br\/2025\/wp-content\/uploads\/2025\/05\/PROGRAMACAO-AGROINDUSTRIA-2.pdf\" width=\"1200\" height=\"500\" frameborder=\"0\" allowfullscreen=\"allowfullscreen\"><\/iframe><\/p>\n<\/div><\/div><\/div><div class=\"ea-card  sp-ea-single\"><h3 class=\"ea-header\"><a class=\"collapsed\" data-sptoggle=\"spcollapse\" data-sptarget=#collapse4341 href=\"javascript:void(0)\"  aria-expanded=\"false\"><i class=\"ea-expand-icon ea-icon-expand-plus\"><\/i> Apicultura e Meliponicultura<\/a><\/h3><div class=\"sp-collapse spcollapse spcollapse\" id=\"collapse4341\" data-parent=#sp-ea-434><div class=\"ea-body\"><p><iframe src=\"https:\/\/pecnordeste.com.br\/2025\/wp-content\/uploads\/2025\/05\/PROGRAMACAO-APICULTURA-E-MELIPONICULTURA-8.pdf\" width=\"1200\" height=\"500\" frameborder=\"0\" allowfullscreen=\"allowfullscreen\"><\/iframe><\/p>\n<\/div><\/div><\/div><div class=\"ea-card  sp-ea-single\"><h3 class=\"ea-header\"><a class=\"collapsed\" data-sptoggle=\"spcollapse\" data-sptarget=#collapse4342 href=\"javascript:void(0)\"  aria-expanded=\"false\"><i class=\"ea-expand-icon ea-icon-expand-plus\"><\/i> Aquicultura e Pesca<\/a><\/h3><div class=\"sp-collapse spcollapse spcollapse\" id=\"collapse4342\" data-parent=#sp-ea-434><div class=\"ea-body\"><p><iframe src=\"https:\/\/pecnordeste.com.br\/2025\/wp-content\/uploads\/2025\/05\/PROGRAMACAO-AQUICULTURA-E-PESCA-4.pdf\" width=\"1200\" height=\"500\" frameborder=\"0\" allowfullscreen=\"allowfullscreen\"><\/iframe><\/p>\n<\/div><\/div><\/div><div class=\"ea-card  sp-ea-single\"><h3 class=\"ea-header\"><a class=\"collapsed\" data-sptoggle=\"spcollapse\" data-sptarget=#collapse4343 href=\"javascript:void(0)\"  aria-expanded=\"false\"><i class=\"ea-expand-icon ea-icon-expand-plus\"><\/i> Avicultura Caipira<\/a><\/h3><div class=\"sp-collapse spcollapse spcollapse\" id=\"collapse4343\" data-parent=#sp-ea-434><div class=\"ea-body\"><p><iframe src=\"https:\/\/pecnordeste.com.br\/2025\/wp-content\/uploads\/2025\/05\/PROGRAMACAO-AVICULTURA-CAIPIRA-2.pdf\" width=\"1200\" height=\"500\" frameborder=\"0\" allowfullscreen=\"allowfullscreen\"><\/iframe><\/p>\n<\/div><\/div><\/div><div class=\"ea-card  sp-ea-single\"><h3 class=\"ea-header\"><a class=\"collapsed\" data-sptoggle=\"spcollapse\" data-sptarget=#collapse4344 href=\"javascript:void(0)\"  aria-expanded=\"false\"><i class=\"ea-expand-icon ea-icon-expand-plus\"><\/i> Avicultura Industrial<\/a><\/h3><div class=\"sp-collapse spcollapse spcollapse\" id=\"collapse4344\" data-parent=#sp-ea-434><div class=\"ea-body\"><p><iframe src=\"https:\/\/pecnordeste.com.br\/2025\/wp-content\/uploads\/2025\/05\/PROGRAMACAO-AVICULTURA-INDUSTRIAL-2.pdf\" width=\"1200\" height=\"500\" frameborder=\"0\" allowfullscreen=\"allowfullscreen\"><\/iframe><\/p>\n<\/div><\/div><\/div><div class=\"ea-card  sp-ea-single\"><h3 class=\"ea-header\"><a class=\"collapsed\" data-sptoggle=\"spcollapse\" data-sptarget=#collapse4345 href=\"javascript:void(0)\"  aria-expanded=\"false\"><i class=\"ea-expand-icon ea-icon-expand-plus\"><\/i> Bovinocultura de Corte<\/a><\/h3><div class=\"sp-collapse spcollapse spcollapse\" id=\"collapse4345\" data-parent=#sp-ea-434><div class=\"ea-body\"><p><iframe src=\"https:\/\/pecnordeste.com.br\/2025\/wp-content\/uploads\/2025\/05\/PROGRAMACAO-BOVINOCULTURA-DE-CORTE-6.pdf\" width=\"1200\" height=\"500\" frameborder=\"0\" allowfullscreen=\"allowfullscreen\"><\/iframe><\/p>\n<\/div><\/div><\/div><div class=\"ea-card  sp-ea-single\"><h3 class=\"ea-header\"><a class=\"collapsed\" data-sptoggle=\"spcollapse\" data-sptarget=#collapse4346 href=\"javascript:void(0)\"  aria-expanded=\"false\"><i class=\"ea-expand-icon ea-icon-expand-plus\"><\/i> Bovinocultura de Leite<\/a><\/h3><div class=\"sp-collapse spcollapse spcollapse\" id=\"collapse4346\" data-parent=#sp-ea-434><div class=\"ea-body\"><p><iframe src=\"https:\/\/pecnordeste.com.br\/2025\/wp-content\/uploads\/2025\/06\/PROGRAMACAO-BOVINOCULTURA-DE-LEITE.pdf\" width=\"1200\" height=\"500\" frameborder=\"0\" allowfullscreen=\"allowfullscreen\"><\/iframe><\/p>\n<\/div><\/div><\/div><div class=\"ea-card  sp-ea-single\"><h3 class=\"ea-header\"><a class=\"collapsed\" data-sptoggle=\"spcollapse\" data-sptarget=#collapse4347 href=\"javascript:void(0)\"  aria-expanded=\"false\"><i class=\"ea-expand-icon ea-icon-expand-plus\"><\/i> Cajucultura<\/a><\/h3><div class=\"sp-collapse spcollapse spcollapse\" id=\"collapse4347\" data-parent=#sp-ea-434><div class=\"ea-body\"><p><iframe src=\"https:\/\/pecnordeste.com.br\/2025\/wp-content\/uploads\/2025\/05\/PROGRAMACAO-CAJUCULTURA-1.pdf\" width=\"1200\" height=\"500\" frameborder=\"0\" allowfullscreen=\"allowfullscreen\"><\/iframe><\/p>\n<\/div><\/div><\/div><div class=\"ea-card  sp-ea-single\"><h3 class=\"ea-header\"><a class=\"collapsed\" data-sptoggle=\"spcollapse\" data-sptarget=#collapse4348 href=\"javascript:void(0)\"  aria-expanded=\"false\"><i class=\"ea-expand-icon ea-icon-expand-plus\"><\/i> Caprinovinocultura<\/a><\/h3><div class=\"sp-collapse spcollapse spcollapse\" id=\"collapse4348\" data-parent=#sp-ea-434><div class=\"ea-body\"><p><iframe src=\"https:\/\/pecnordeste.com.br\/2025\/wp-content\/uploads\/2025\/05\/PROGRAMACAO-CAPRINOVINOCULTURA-6.pdf\" width=\"1200\" height=\"500\" frameborder=\"0\" allowfullscreen=\"allowfullscreen\"><\/iframe><\/p>\n<\/div><\/div><\/div><div class=\"ea-card  sp-ea-single\"><h3 class=\"ea-header\"><a class=\"collapsed\" data-sptoggle=\"spcollapse\" data-sptarget=#collapse4349 href=\"javascript:void(0)\"  aria-expanded=\"false\"><i class=\"ea-expand-icon ea-icon-expand-plus\"><\/i> Carcinicultura<\/a><\/h3><div class=\"sp-collapse spcollapse spcollapse\" id=\"collapse4349\" data-parent=#sp-ea-434><div class=\"ea-body\"><p><iframe src=\"https:\/\/pecnordeste.com.br\/2025\/wp-content\/uploads\/2025\/06\/PROGRAMACAO-CARCINICULTURA-1.pdf\" width=\"1200\" height=\"500\" frameborder=\"0\" allowfullscreen=\"allowfullscreen\"><\/iframe><\/p>\n<\/div><\/div><\/div><div class=\"ea-card  sp-ea-single\"><h3 class=\"ea-header\"><a class=\"collapsed\" data-sptoggle=\"spcollapse\" data-sptarget=#collapse43410 href=\"javascript:void(0)\"  aria-expanded=\"false\"><i class=\"ea-expand-icon ea-icon-expand-plus\"><\/i> Equinocultura<\/a><\/h3><div class=\"sp-collapse spcollapse spcollapse\" id=\"collapse43410\" data-parent=#sp-ea-434><div class=\"ea-body\"><p><iframe src=\"https:\/\/pecnordeste.com.br\/2025\/wp-content\/uploads\/2025\/06\/PROGRAMACAO-EQUINOCULTURA-2.pdf\" width=\"1200\" height=\"500\" frameborder=\"0\" allowfullscreen=\"allowfullscreen\"><\/iframe><\/p>\n<\/div><\/div><\/div><div class=\"ea-card  sp-ea-single\"><h3 class=\"ea-header\"><a class=\"collapsed\" data-sptoggle=\"spcollapse\" data-sptarget=#collapse43411 href=\"javascript:void(0)\"  aria-expanded=\"false\"><i class=\"ea-expand-icon ea-icon-expand-plus\"><\/i> Floricultura e Paisagismo<\/a><\/h3><div class=\"sp-collapse spcollapse spcollapse\" id=\"collapse43411\" data-parent=#sp-ea-434><div class=\"ea-body\"><p><iframe src=\"https:\/\/pecnordeste.com.br\/2025\/wp-content\/uploads\/2025\/06\/PROGRAMACAO-FLORICULTURA-E-PAISAGISMO.pdf\" width=\"1200\" height=\"500\" frameborder=\"0\" allowfullscreen=\"allowfullscreen\"><\/iframe><\/p>\n<\/div><\/div><\/div><div class=\"ea-card  sp-ea-single\"><h3 class=\"ea-header\"><a class=\"collapsed\" data-sptoggle=\"spcollapse\" data-sptarget=#collapse43412 href=\"javascript:void(0)\"  aria-expanded=\"false\"><i class=\"ea-expand-icon ea-icon-expand-plus\"><\/i> Fruticultura<\/a><\/h3><div class=\"sp-collapse spcollapse spcollapse\" id=\"collapse43412\" data-parent=#sp-ea-434><div class=\"ea-body\"><p><iframe src=\"https:\/\/pecnordeste.com.br\/2025\/wp-content\/uploads\/2025\/06\/PROGRAMACAO-FRUTICULTURA.pdf\" width=\"1200\" height=\"500\" frameborder=\"0\" allowfullscreen=\"allowfullscreen\"><span data-mce-type=\"bookmark\" style=\"display: inline-block;width: 0px;overflow: hidden;line-height: 0\" class=\"mce_SELRES_start\">\ufeff<\/span><\/iframe><\/p>\n<\/div><\/div><\/div><div class=\"ea-card  sp-ea-single\"><h3 class=\"ea-header\"><a class=\"collapsed\" data-sptoggle=\"spcollapse\" data-sptarget=#collapse43413 href=\"javascript:void(0)\"  aria-expanded=\"false\"><i class=\"ea-expand-icon ea-icon-expand-plus\"><\/i> Meio Ambiente<\/a><\/h3><div class=\"sp-collapse spcollapse spcollapse\" id=\"collapse43413\" data-parent=#sp-ea-434><div class=\"ea-body\"><p><iframe src=\"https:\/\/pecnordeste.com.br\/2025\/wp-content\/uploads\/2025\/05\/PROGRAMACAO-MEIO-AMBIENTE-4.pdf\" width=\"1200\" height=\"500\" frameborder=\"0\" allowfullscreen=\"allowfullscreen\"><\/iframe><\/p>\n<\/div><\/div><\/div><div class=\"ea-card  sp-ea-single\"><h3 class=\"ea-header\"><a class=\"collapsed\" data-sptoggle=\"spcollapse\" data-sptarget=#collapse43414 href=\"javascript:void(0)\"  aria-expanded=\"false\"><i class=\"ea-expand-icon ea-icon-expand-plus\"><\/i>  Pet<\/a><\/h3><div class=\"sp-collapse spcollapse spcollapse\" id=\"collapse43414\" data-parent=#sp-ea-434><div class=\"ea-body\"><p><iframe src=\"https:\/\/pecnordeste.com.br\/2025\/wp-content\/uploads\/2025\/06\/PROGRAMACAO-PET-1.pdf\" width=\"1200\" height=\"500\" frameborder=\"0\" allowfullscreen=\"allowfullscreen\"><\/iframe><\/p>\n<\/div><\/div><\/div><div class=\"ea-card  sp-ea-single\"><h3 class=\"ea-header\"><a class=\"collapsed\" data-sptoggle=\"spcollapse\" data-sptarget=#collapse43415 href=\"javascript:void(0)\"  aria-expanded=\"false\"><i class=\"ea-expand-icon ea-icon-expand-plus\"><\/i> Suinocultura<\/a><\/h3><div class=\"sp-collapse spcollapse spcollapse\" id=\"collapse43415\" data-parent=#sp-ea-434><div class=\"ea-body\"><p><iframe src=\"https:\/\/pecnordeste.com.br\/2025\/wp-content\/uploads\/2025\/05\/PROGRAMACAO-SUINOCULTURA-4.pdf\" width=\"1200\" height=\"500\" frameborder=\"0\" allowfullscreen=\"allowfullscreen\"><\/iframe><\/p>\n<\/div><\/div><\/div><div class=\"ea-card  sp-ea-single\"><h3 class=\"ea-header\"><a class=\"collapsed\" data-sptoggle=\"spcollapse\" data-sptarget=#collapse43416 href=\"javascript:void(0)\"  aria-expanded=\"false\"><i class=\"ea-expand-icon ea-icon-expand-plus\"><\/i>  Eventos Paralelos<\/a><\/h3><div class=\"sp-collapse spcollapse spcollapse\" id=\"collapse43416\" data-parent=#sp-ea-434><div class=\"ea-body\"><style>#sp-ea-2904 .spcollapsing { height: 0; overflow: hidden; transition-property: height;transition-duration: 300ms;}#sp-ea-2904.sp-easy-accordion>.sp-ea-single {margin-bottom: 10px; border: 1px solid #e2e2e2; }#sp-ea-2904.sp-easy-accordion>.sp-ea-single>.ea-header a {color: #444;}#sp-ea-2904.sp-easy-accordion>.sp-ea-single>.sp-collapse>.ea-body {background: #fff; color: #444;}#sp-ea-2904.sp-easy-accordion>.sp-ea-single {background: #eee;}#sp-ea-2904.sp-easy-accordion>.sp-ea-single>.ea-header a .ea-expand-icon { float: left; color: #444;font-size: 16px;}<\/style><div id=\"sp_easy_accordion-1712684143\"><div id=\"sp-ea-2904\" class=\"sp-ea-one sp-easy-accordion\" data-ex-icon=\"minus\" data-col-icon=\"plus\"  data-ea-active=\"ea-click\"  data-ea-mode=\"vertical\" data-preloader=\"\" data-scroll-active-item=\"\" data-offset-to-scroll=\"0\"><div class=\"ea-card  sp-ea-single\"><h3 class=\"ea-header\"><a class=\"collapsed\" data-sptoggle=\"spcollapse\" data-sptarget=#collapse29040 href=\"javascript:void(0)\"  aria-expanded=\"false\"><i class=\"ea-expand-icon ea-icon-expand-plus\"><\/i> Semin\u00e1rio OCB<\/a><\/h3><div class=\"sp-collapse spcollapse spcollapse\" id=\"collapse29040\" data-parent=#sp-ea-2904><div class=\"ea-body\"><p><iframe src=\"https:\/\/pecnordeste.com.br\/2025\/wp-content\/uploads\/2025\/05\/PROGRAMACAO-SEMINARIO-OCB-1.pdf\" width=\"1200\" height=\"500\" frameborder=\"0\" allowfullscreen=\"allowfullscreen\"><\/iframe><\/p>\n<\/div><\/div><\/div><div class=\"ea-card  sp-ea-single\"><h3 class=\"ea-header\"><a class=\"collapsed\" data-sptoggle=\"spcollapse\" data-sptarget=#collapse29041 href=\"javascript:void(0)\"  aria-expanded=\"false\"><i class=\"ea-expand-icon ea-icon-expand-plus\"><\/i> Oficinas Vitrine<\/a><\/h3><div class=\"sp-collapse spcollapse spcollapse\" id=\"collapse29041\" data-parent=#sp-ea-2904><div class=\"ea-body\"><p><iframe src=\"https:\/\/pecnordeste.com.br\/2025\/wp-content\/uploads\/2025\/05\/PROGRAMACAO-OFICINAS-1.pdf\" width=\"1200\" height=\"500\" frameborder=\"0\" allowfullscreen=\"allowfullscreen\"><\/iframe><\/p>\n<\/div><\/div><\/div><div class=\"ea-card  sp-ea-single\"><h3 class=\"ea-header\"><a class=\"collapsed\" data-sptoggle=\"spcollapse\" data-sptarget=#collapse29042 href=\"javascript:void(0)\"  aria-expanded=\"false\"><i class=\"ea-expand-icon ea-icon-expand-plus\"><\/i> F\u00f3rum Internacional da Bioagricultura<\/a><\/h3><div class=\"sp-collapse spcollapse spcollapse\" id=\"collapse29042\" data-parent=#sp-ea-2904><div class=\"ea-body\"><p><iframe src=\"https:\/\/pecnordeste.com.br\/2025\/wp-content\/uploads\/2025\/05\/PROGRAMACAO-FORUM-INTERNACIONAL-DA-BIOAGRICULTURA-2.pdf\" width=\"1200\" height=\"500\" frameborder=\"0\" allowfullscreen=\"allowfullscreen\"><\/iframe><\/p>\n<\/div><\/div><\/div><div class=\"ea-card  sp-ea-single\"><h3 class=\"ea-header\"><a class=\"collapsed\" data-sptoggle=\"spcollapse\" data-sptarget=#collapse29043 href=\"javascript:void(0)\"  aria-expanded=\"false\"><i class=\"ea-expand-icon ea-icon-expand-plus\"><\/i> ENCONTRO DE MULHERES DO AGRO CEARENSE<\/a><\/h3><div class=\"sp-collapse spcollapse spcollapse\" id=\"collapse29043\" data-parent=#sp-ea-2904><div class=\"ea-body\">No Content<\/div><\/div><\/div><div class=\"ea-card  sp-ea-single\"><h3 class=\"ea-header\"><a class=\"collapsed\" data-sptoggle=\"spcollapse\" data-sptarget=#collapse29044 href=\"javascript:void(0)\"  aria-expanded=\"false\"><i class=\"ea-expand-icon ea-icon-expand-plus\"><\/i> ENCONTRO DE JOVENS DO AGRO<\/a><\/h3><div class=\"sp-collapse spcollapse spcollapse\" id=\"collapse29044\" data-parent=#sp-ea-2904><div class=\"ea-body\"><p><iframe src=\"https:\/\/pecnordeste.com.br\/2025\/wp-content\/uploads\/2025\/05\/PROGRAMACAO-ENCONTRO-DE-JOVENS-DO-AGRO-1.pdf\" width=\"1200\" height=\"500\" frameborder=\"0\" allowfullscreen=\"allowfullscreen\"><\/iframe><\/p>\n<\/div><\/div><\/div><\/div><\/div>\n<\/div><\/div><\/div><\/div><\/div>\n","protected":false},"excerpt":{"rendered":"<p>Programa\u00e7\u00e3o dia 05 de junho Programa\u00e7\u00e3o dia 06 de junho Programa\u00e7\u00e3o dia 07 de junho<\/p>\n","protected":false},"author":1,"featured_media":0,"parent":0,"menu_order":0,"comment_status":"closed","ping_status":"closed","template":"","meta":{"ngg_post_thumbnail":0,"footnotes":""},"class_list":["post-65","page","type-page","status-publish","czr-hentry"],"jetpack-related-posts":[],"jetpack_sharing_enabled":true,"_links":{"self":[{"href":"https:\/\/pecnordeste.com.br\/2025\/wp-json\/wp\/v2\/pages\/65","targetHints":{"allow":["GET"]}}],"collection":[{"href":"https:\/\/pecnordeste.com.br\/2025\/wp-json\/wp\/v2\/pages"}],"about":[{"href":"https:\/\/pecnordeste.com.br\/2025\/wp-json\/wp\/v2\/types\/page"}],"author":[{"embeddable":true,"href":"https:\/\/pecnordeste.com.br\/2025\/wp-json\/wp\/v2\/users\/1"}],"replies":[{"embeddable":true,"href":"https:\/\/pecnordeste.com.br\/2025\/wp-json\/wp\/v2\/comments?post=65"}],"version-history":[{"count":114,"href":"https:\/\/pecnordeste.com.br\/2025\/wp-json\/wp\/v2\/pages\/65\/revisions"}],"predecessor-version":[{"id":4560,"href":"https:\/\/pecnordeste.com.br\/2025\/wp-json\/wp\/v2\/pages\/65\/revisions\/4560"}],"wp:attachment":[{"href":"https:\/\/pecnordeste.com.br\/2025\/wp-json\/wp\/v2\/media?parent=65"}],"curies":[{"name":"wp","href":"https:\/\/api.w.org\/{rel}","templated":true}]}}